{"id":2876,"date":"2025-09-25T09:12:33","date_gmt":"2025-09-25T09:12:33","guid":{"rendered":"https:\/\/buyegglass.com\/?post_type=product&#038;p=2876"},"modified":"2025-10-10T09:27:22","modified_gmt":"2025-10-10T09:27:22","slug":"hand-pipe-borosilicate-glass-egh02-4-13inch-twisted-horn","status":"publish","type":"product","link":"https:\/\/buyegglass.com\/fr\/product\/hand-pipe-borosilicate-glass-egh02-4-13inch-twisted-horn\/","title":{"rendered":"Pipe \u00e0 main en verre borosilicate EGH02 4.13Inch Twisted Horn"},"content":{"rendered":"<h2>Pipeline \u00e0 la main Verre borosilicat\u00e9 EGH02 4.13 Inch Corne torsad\u00e9e<\/h2>\n<p>La pipe \u00e0 main en verre borosilicat\u00e9 EGH02 4.13 Inch Twisted Horn allie cr\u00e9ativit\u00e9 et fonctionnalit\u00e9 dans un style tr\u00e8s particulier. Avec ses couleurs vives, ses accents de verre plus prononc\u00e9s et sa fonction de corne torsad\u00e9e, cette pipe est \u00e0 la fois un point de mire esth\u00e9tique et un dispositif r\u00e9put\u00e9 pour fumer des cigarettes.<\/p>\n<p>Fabriqu\u00e9 en verre borosilicat\u00e9 de premi\u00e8re qualit\u00e9, l'EGH02 offre une long\u00e9vit\u00e9 qui r\u00e9siste \u00e0 la chaleur et \u00e0 l'usure quotidienne. Ses dimensions de 4,13 pouces le rendent suffisamment petit pour \u00eatre mobile, tout en offrant une prise en main confortable pendant l'utilisation. Sa forme ergonomique, soulign\u00e9e par des boutons distinctifs, garantit une prise en main prot\u00e9g\u00e9e et donne du caract\u00e8re \u00e0 chaque session.<\/p>\n<p>Disposition \u00e9l\u00e9gante avec corne torsad\u00e9e<\/p>\n<p>L'un des \u00e9l\u00e9ments les plus remarquables de cette canalisation manuelle est l'extension en corne torsad\u00e9e. Elle ne se contente pas d'apporter du panache, mais elle simplifie \u00e9galement la gestion et place la canalisation en dehors des sch\u00e9mas habituels. Les tourbillons de verre vibrant et les billes plus nombreuses apportent une touche \u00e0 la fois vive et imaginative, ce qui permet \u00e0 chaque pi\u00e8ce de se distinguer.<\/p>\n<p>Pratique et durable<\/p>\n<p>Le bol profond permet d'obtenir un paquet g\u00e9n\u00e9reux, et le mat\u00e9riau borosilicate r\u00e9sistant permet une utilisation r\u00e9p\u00e9t\u00e9e sans compromettre la qualit\u00e9 sup\u00e9rieure. La r\u00e9sistance \u00e0 la chaleur garantit des sessions plus douces, tandis que le d\u00e9veloppement compact facilite le nettoyage et la conservation.<\/p>\n<p>Parfait pour un usage personnel ou pour enrichir une collection, le Hand Pipeline Borosilicate Glass EGH02 4.13 Inch Twisted Horn a \u00e9t\u00e9 cr\u00e9\u00e9 pour les fumeurs de cigarettes qui accordent autant d'importance \u00e0 la cr\u00e9ativit\u00e9 qu'\u00e0 la performance. Son \u00e9quilibre entre design, r\u00e9sistance et transportabilit\u00e9 en fait une option exceptionnelle pour un usage quotidien ou un cadeau.<\/p>\n<p>Avec son m\u00e9lange de robustesse, d'attraits esth\u00e9tiques particuliers et de commodit\u00e9 d'utilisation, ce pipeline \u00e0 main d\u00e9passe la norme, offrant une exp\u00e9rience aussi agr\u00e9able \u00e0 consid\u00e9rer qu'\u00e0 utiliser.<\/p>","protected":false},"excerpt":{"rendered":"<article class=\"text-token-text-primary w-full focus:outline-none scroll-mt-[calc(var(--header-height)+min(200px,max(70px,20svh)))]\" dir=\"auto\" tabindex=\"-1\" data-turn-id=\"request-68d4b4ec-3c24-832e-b740-f5822eca108f-80\" data-testid=\"conversation-turn-144\" data-scroll-anchor=\"true\" data-turn=\"assistant\">\n<div class=\"text-base my-auto mx-auto pb-10 [--thread-content-margin:--spacing(4)] thread-sm:[--thread-content-margin:--spacing(6)] thread-lg:[--thread-content-margin:--spacing(16)] px-(--thread-content-margin)\">\n<div class=\"[--thread-content-max-width:40rem] thread-lg:[--thread-content-max-width:48rem] mx-auto max-w-(--thread-content-max-width) flex-1 group\/turn-messages focus-visible:outline-hidden relative flex w-full min-w-0 flex-col agent-turn\" tabindex=\"-1\">\n<div class=\"flex max-w-full flex-col grow\">\n<div class=\"min-h-8 text-message relative flex w-full flex-col items-end gap-2 text-start break-words whitespace-normal [.text-message+&amp;]:mt-5\" dir=\"auto\" data-message-author-role=\"assistant\" data-message-id=\"b602c813-ef1a-444b-9839-fc3c239afb20\" data-message-model-slug=\"gpt-5-instant\">\n<div class=\"flex w-full flex-col gap-1 empty:hidden first:pt-[3px]\">\n<div class=\"markdown prose dark:prose-invert w-full break-words light markdown-new-styling\">\n<p data-start=\"0\" data-end=\"284\" data-is-last-node=\"\" data-is-only-node=\"\">Crafted from durable borosilicate glass, the Hand Pipe EGH02 4.13 Inch Twisted Horn delivers a unique blend of color, texture, and function. Featuring bold swirl patterns, raised marbles, and a twisted horn accent for grip, this pipe offers smooth hits with a vibrant artistic design.<\/p>\n<\/div>\n<\/div>\n<\/div>\n<\/div>\n<div class=\"z-0 flex min-h-[46px] justify-start\"><\/div>\n<div class=\"mt-3 w-full empty:hidden\">\n<div class=\"text-center\"><\/div>\n<\/div>\n<\/div>\n<\/div>\n<\/article>\n<div class=\"pointer-events-none h-px w-px\" aria-hidden=\"true\" data-edge=\"true\"><\/div>\n","protected":false},"featured_media":2882,"comment_status":"open","ping_status":"closed","template":"","meta":[],"product_brand":[],"product_cat":[43],"product_tag":[139,138,203],"class_list":{"0":"post-2876","1":"product","2":"type-product","3":"status-publish","4":"has-post-thumbnail","6":"product_cat-hand-pipe","7":"product_tag-borosilicate-pipe","8":"product_tag-glass-hand-pipe","9":"product_tag-twisted-horn-pipe","11":"first","12":"instock","13":"shipping-taxable","14":"purchasable","15":"product-type-variable"},"_links":{"self":[{"href":"https:\/\/buyegglass.com\/fr\/wp-json\/wp\/v2\/product\/2876","targetHints":{"allow":["GET"]}}],"collection":[{"href":"https:\/\/buyegglass.com\/fr\/wp-json\/wp\/v2\/product"}],"about":[{"href":"https:\/\/buyegglass.com\/fr\/wp-json\/wp\/v2\/types\/product"}],"replies":[{"embeddable":true,"href":"https:\/\/buyegglass.com\/fr\/wp-json\/wp\/v2\/comments?post=2876"}],"wp:featuredmedia":[{"embeddable":true,"href":"https:\/\/buyegglass.com\/fr\/wp-json\/wp\/v2\/media\/2882"}],"wp:attachment":[{"href":"https:\/\/buyegglass.com\/fr\/wp-json\/wp\/v2\/media?parent=2876"}],"wp:term":[{"taxonomy":"product_brand","embeddable":true,"href":"https:\/\/buyegglass.com\/fr\/wp-json\/wp\/v2\/product_brand?post=2876"},{"taxonomy":"product_cat","embeddable":true,"href":"https:\/\/buyegglass.com\/fr\/wp-json\/wp\/v2\/product_cat?post=2876"},{"taxonomy":"product_tag","embeddable":true,"href":"https:\/\/buyegglass.com\/fr\/wp-json\/wp\/v2\/product_tag?post=2876"}],"curies":[{"name":"wp","href":"https:\/\/api.w.org\/{rel}","templated":true}]}}