{"id":2857,"date":"2025-09-25T08:32:39","date_gmt":"2025-09-25T08:32:39","guid":{"rendered":"https:\/\/buyegglass.com\/?post_type=product&#038;p=2857"},"modified":"2025-10-10T08:29:42","modified_gmt":"2025-10-10T08:29:42","slug":"dab-oil-rigs-glass-9-inch-bent-neck-super-splash-perc-online","status":"publish","type":"product","link":"https:\/\/buyegglass.com\/fr\/product\/dab-oil-rigs-glass-9-inch-bent-neck-super-splash-perc-online\/","title":{"rendered":"Dab Oil Rigs Glass 9 Inch Bent Neck Super Splash Perc Online"},"content":{"rendered":"<h2>Dab Oil Rigs Glass 9 Inch Bent Neck Super Splash Perc<\/h2>\n<p>Le Dab Oil Rigs Glass 9 Inch Bent Neck Super Splash Perc est fabriqu\u00e9 avec pr\u00e9cision \u00e0 partir de verre borosilicat\u00e9 de premi\u00e8re qualit\u00e9, alliant durabilit\u00e9 et style. D\u00e9velopp\u00e9 pour ceux qui recherchent des sessions plus douces et plus propres, ce rig combine une forme \u00e9l\u00e9gante avec des caract\u00e9ristiques efficaces. Le cou coud\u00e9 est ergonomique et permet d'\u00e9viter les \u00e9claboussures, ce qui rend chaque utilisation plus agr\u00e9able et plus facile.<\/p>\n<p>Parmi les points forts de cet article figure le diffuseur super sprinkle perc, con\u00e7u pour offrir une purification exceptionnelle. Les nombreuses fentes ont pour fonction de d\u00e9composer la fum\u00e9e en meilleures bulles, de la refroidir rapidement et de fournir un hit plus doux. Cette fonction am\u00e9liore le go\u00fbt tout en r\u00e9duisant la cruaut\u00e9, ce qui permet aux utilisateurs d'appr\u00e9cier pleinement leurs concentr\u00e9s ou leurs huiles. La vaste base durable assure la s\u00e9curit\u00e9 et le confort tout au long de la session.<\/p>\n<p>Le verre transparent offre une apparence minimale, mettant en valeur le percuteur \u00e0 saupoudrage complexe en action. Sa petite hauteur de 9 pouces en fait une option flexible, adapt\u00e9e \u00e0 la fois \u00e0 l'utilisation domestique et aux sessions en d\u00e9placement. Malgr\u00e9 sa taille, l'appareil est tr\u00e8s efficace et d\u00e9livre un rendement puissant tout en restant tr\u00e8s facile \u00e0 g\u00e9rer et \u00e0 nettoyer.<\/p>\n<p>En ce qui concerne les Bit Oil Rigs, ce mod\u00e8le se distingue par son design \u00e9pur\u00e9, son col courb\u00e9 utile et sa technologie de percussion par \u00e9claboussure perfectionn\u00e9e. C'est la combinaison parfaite de l'attrait visuel et de l'utilisation pratique, id\u00e9ale pour les novices comme pour les passionn\u00e9s.<\/p>\n<p>Si vous \u00eates \u00e0 la recherche d'une pi\u00e8ce digne de confiance qui personnifie l'artisanat et la performance, le Bit Oil Rigs Glass 9 Inch Bent Neck Super Splash Perc est un choix superbe. Il concilie transportabilit\u00e9, robustesse et fonctionnalit\u00e9 tout en am\u00e9liorant l'exp\u00e9rience totale du fumeur. Cet appareil est la preuve qu'un design de qualit\u00e9 et des fonctions faciles \u00e0 utiliser peuvent collaborer dans un article unique qui impressionne \u00e0 chaque fois.<\/p>","protected":false},"excerpt":{"rendered":"<p>Crafted from durable borosilicate glass, the Dab Oil Rigs Glass 9 Inch Bent Neck Super Splash Perc features a precision splash guard, bent neck for comfort, and smooth diffusion for flavorful hits. Its compact 9-inch design combines style, durability, and performance for an elevated smoking experience.<\/p>","protected":false},"featured_media":2861,"comment_status":"open","ping_status":"closed","template":"","meta":[],"product_brand":[],"product_cat":[41],"product_tag":[189,190,191],"class_list":{"0":"post-2857","1":"product","2":"type-product","3":"status-publish","4":"has-post-thumbnail","6":"product_cat-dab-oil-rigs","7":"product_tag-dab-rigs","8":"product_tag-glass-oil-rigs","9":"product_tag-splash-perc-rig","11":"first","12":"instock","13":"shipping-taxable","14":"purchasable","15":"product-type-variable"},"_links":{"self":[{"href":"https:\/\/buyegglass.com\/fr\/wp-json\/wp\/v2\/product\/2857","targetHints":{"allow":["GET"]}}],"collection":[{"href":"https:\/\/buyegglass.com\/fr\/wp-json\/wp\/v2\/product"}],"about":[{"href":"https:\/\/buyegglass.com\/fr\/wp-json\/wp\/v2\/types\/product"}],"replies":[{"embeddable":true,"href":"https:\/\/buyegglass.com\/fr\/wp-json\/wp\/v2\/comments?post=2857"}],"wp:featuredmedia":[{"embeddable":true,"href":"https:\/\/buyegglass.com\/fr\/wp-json\/wp\/v2\/media\/2861"}],"wp:attachment":[{"href":"https:\/\/buyegglass.com\/fr\/wp-json\/wp\/v2\/media?parent=2857"}],"wp:term":[{"taxonomy":"product_brand","embeddable":true,"href":"https:\/\/buyegglass.com\/fr\/wp-json\/wp\/v2\/product_brand?post=2857"},{"taxonomy":"product_cat","embeddable":true,"href":"https:\/\/buyegglass.com\/fr\/wp-json\/wp\/v2\/product_cat?post=2857"},{"taxonomy":"product_tag","embeddable":true,"href":"https:\/\/buyegglass.com\/fr\/wp-json\/wp\/v2\/product_tag?post=2857"}],"curies":[{"name":"wp","href":"https:\/\/api.w.org\/{rel}","templated":true}]}}