{"id":2837,"date":"2025-09-25T08:29:51","date_gmt":"2025-09-25T08:29:51","guid":{"rendered":"https:\/\/buyegglass.com\/?post_type=product&#038;p=2837"},"modified":"2025-10-10T09:37:29","modified_gmt":"2025-10-10T09:37:29","slug":"egh33-multi-monster-eyeballs-hand-pipe-borosilicate-glass","status":"publish","type":"product","link":"https:\/\/buyegglass.com\/fr\/product\/egh33-multi-monster-eyeballs-hand-pipe-borosilicate-glass\/","title":{"rendered":"EGH33 Multi Monster Eyeballs Weed Pipe verre borosilicate"},"content":{"rendered":"<h2>EGH33 Multi Monster Eyeballs Weed Pipe<\/h2>\n<p>Le pipeau \u00e0 herbe EGH33 Multi Monster Eyeballs Weed Pipeline apporte une touche d'imagination \u00e0 votre collection de cigarettes. Fabriqu\u00e9e en verre borosilicat\u00e9 durable, cette pi\u00e8ce allie virtuosit\u00e9 et fonctionnalit\u00e9. Son style attrayant inspir\u00e9 des monstres comporte des globes oculaires en verre en relief dans des couleurs vives, produisant un visuel audacieux et distinct qui la distingue des pipes \u00e0 herbe standard.<\/p>\n<p>D'une taille de 4 \u00e0 5 pouces, cette pipe est petite et facile \u00e0 manipuler, tout en offrant une prise en main confortable gr\u00e2ce \u00e0 sa surface en verre distinctive. Chaque d\u00e9tail du globe oculaire donne du caract\u00e8re \u00e0 la pipe et am\u00e9liore la prise en main, \u00e9vitant ainsi les d\u00e9rapages. La cavit\u00e9 profonde offre une grande surface de remplissage, ce qui garantit des sessions douces et de longue dur\u00e9e.<\/p>\n<p>Verre borosilicat\u00e9 de longue dur\u00e9e<\/p>\n<p>Fabriqu\u00e9e en verre borosilicat\u00e9 r\u00e9sistant \u00e0 la chaleur, cette pipe \u00e0 herbe garantit son int\u00e9grit\u00e9 et sa long\u00e9vit\u00e9. Le produit durable supporte un usage constant, tandis que la surface vibrante r\u00e9siste \u00e0 la d\u00e9coloration au fil du temps.<\/p>\n<p>Allure sur le th\u00e8me des monstres<\/p>\n<p>Le design multicolore du globe oculaire fait de ce pipeline d'herbe non seulement un outil fonctionnel, mais aussi un objet d'art \u00e0 collectionner. Qu'il soit pr\u00e9sent\u00e9 sur une \u00e9tag\u00e8re ou utilis\u00e9 quotidiennement, il stimule la conversation et apporte de l'individualit\u00e9 \u00e0 votre configuration de fumeur.<\/p>\n<p>Mobile et agr\u00e9able<\/p>\n<p>Son poids l\u00e9ger et sa forme compacte le rendent facile \u00e0 transporter et excellent pour une utilisation en d\u00e9placement. En d\u00e9pit de son apparence vivante, le pipeline utilise un mouvement d'air exceptionnel et une aspiration agr\u00e9able pour une exp\u00e9rience de fumer des cigarettes coh\u00e9rente.<\/p>\n<p>Le EGH33 Multi Beast Eyeballs Weed Pipeline est plus qu'un simple dispositif de fumage - c'est une d\u00e9claration vibrante d'imagination. Il est parfait pour les fumeurs qui appr\u00e9cient les styles audacieux et farfelus ainsi que les performances fiables.<\/p>","protected":false},"excerpt":{"rendered":"<article class=\"text-token-text-primary w-full focus:outline-none scroll-mt-[calc(var(--header-height)+min(200px,max(70px,20svh)))]\" dir=\"auto\" tabindex=\"-1\" data-turn-id=\"request-WEB:189daed7-ec2c-4ae9-8c56-b8e1300da73d-70\" data-testid=\"conversation-turn-124\" data-scroll-anchor=\"true\" data-turn=\"assistant\">\n<div class=\"text-base my-auto mx-auto pb-10 [--thread-content-margin:--spacing(4)] thread-sm:[--thread-content-margin:--spacing(6)] thread-lg:[--thread-content-margin:--spacing(16)] px-(--thread-content-margin)\">\n<div class=\"[--thread-content-max-width:40rem] thread-lg:[--thread-content-max-width:48rem] mx-auto max-w-(--thread-content-max-width) flex-1 group\/turn-messages focus-visible:outline-hidden relative flex w-full min-w-0 flex-col agent-turn\" tabindex=\"-1\">\n<div class=\"flex max-w-full flex-col grow\">\n<div class=\"min-h-8 text-message relative flex w-full flex-col items-end gap-2 text-start break-words whitespace-normal [.text-message+&amp;]:mt-5\" dir=\"auto\" data-message-author-role=\"assistant\" data-message-id=\"4b523162-099b-491c-9b88-e179720d9d82\" data-message-model-slug=\"gpt-5-instant\">\n<div class=\"flex w-full flex-col gap-1 empty:hidden first:pt-[3px]\">\n<div class=\"markdown prose dark:prose-invert w-full break-words light markdown-new-styling\">\n<p data-start=\"0\" data-end=\"285\" data-is-last-node=\"\" data-is-only-node=\"\">The EGH33 Multi Monster Eyeballs Weed Pipe brings a fun, quirky twist to smoking gear. Crafted from durable borosilicate glass, it features bold colors and raised eyeball details for a standout look. Compact, portable, and eye-catching, it\u2019s perfect for collectors and daily use alike.<\/p>\n<\/div>\n<\/div>\n<\/div>\n<\/div>\n<div class=\"z-0 flex min-h-[46px] justify-start\"><\/div>\n<div class=\"mt-3 w-full empty:hidden\">\n<div class=\"text-center\"><\/div>\n<\/div>\n<\/div>\n<\/div>\n<\/article>\n<div class=\"pointer-events-none h-px w-px\" aria-hidden=\"true\" data-edge=\"true\"><\/div>\n","protected":false},"featured_media":2852,"comment_status":"open","ping_status":"closed","template":"","meta":[],"product_brand":[],"product_cat":[107],"product_tag":[188,187,386],"class_list":{"0":"post-2837","1":"product","2":"type-product","3":"status-publish","4":"has-post-thumbnail","6":"product_cat-weed-pipe","7":"product_tag-borosilicate-smoking-pipe","8":"product_tag-monster-eyeball-pipe","9":"product_tag-weed-pipe","11":"first","12":"instock","13":"shipping-taxable","14":"purchasable","15":"product-type-variable"},"_links":{"self":[{"href":"https:\/\/buyegglass.com\/fr\/wp-json\/wp\/v2\/product\/2837","targetHints":{"allow":["GET"]}}],"collection":[{"href":"https:\/\/buyegglass.com\/fr\/wp-json\/wp\/v2\/product"}],"about":[{"href":"https:\/\/buyegglass.com\/fr\/wp-json\/wp\/v2\/types\/product"}],"replies":[{"embeddable":true,"href":"https:\/\/buyegglass.com\/fr\/wp-json\/wp\/v2\/comments?post=2837"}],"wp:featuredmedia":[{"embeddable":true,"href":"https:\/\/buyegglass.com\/fr\/wp-json\/wp\/v2\/media\/2852"}],"wp:attachment":[{"href":"https:\/\/buyegglass.com\/fr\/wp-json\/wp\/v2\/media?parent=2837"}],"wp:term":[{"taxonomy":"product_brand","embeddable":true,"href":"https:\/\/buyegglass.com\/fr\/wp-json\/wp\/v2\/product_brand?post=2837"},{"taxonomy":"product_cat","embeddable":true,"href":"https:\/\/buyegglass.com\/fr\/wp-json\/wp\/v2\/product_cat?post=2837"},{"taxonomy":"product_tag","embeddable":true,"href":"https:\/\/buyegglass.com\/fr\/wp-json\/wp\/v2\/product_tag?post=2837"}],"curies":[{"name":"wp","href":"https:\/\/api.w.org\/{rel}","templated":true}]}}