{"id":2818,"date":"2025-09-25T08:15:46","date_gmt":"2025-09-25T08:15:46","guid":{"rendered":"https:\/\/buyegglass.com\/?post_type=product&#038;p=2818"},"modified":"2025-10-10T08:16:53","modified_gmt":"2025-10-10T08:16:53","slug":"es2237-dab-oil-rigs-glass-bent-neck-tree-perc-diffuser","status":"publish","type":"product","link":"https:\/\/buyegglass.com\/fr\/product\/es2237-dab-oil-rigs-glass-bent-neck-tree-perc-diffuser\/","title":{"rendered":"ES2237 Dab Oil Rigs Glass Bent Neck Tree Perc Diffuser"},"content":{"rendered":"<h2>ES2237 Dab Oil Rigs Glass Bent Neck Tree Perc Diffuser<\/h2>\n<p>L'ES2237 Dab Oil Rigs Glass Bent Neck Tree Perc Diffuser est un article m\u00e9ticuleusement con\u00e7u qui incorpore beaut\u00e9, r\u00e9silience et performance en douceur. D'une hauteur de 8 pouces, cet appareil est fabriqu\u00e9 \u00e0 partir de verre borosilicat\u00e9, ce qui garantit une r\u00e9sistance \u00e0 la chaleur et une utilisation durable. Son cou coud\u00e9 rend chaque s\u00e9ance encore plus confortable tout en minimisant les \u00e9claboussures, pour une exp\u00e9rience satisfaisante et sans d\u00e9sordre.<\/p>\n<p>Purification en douceur avec le diffuseur Tree Perc<\/p>\n<p>Au c\u0153ur de cet \u00e9quipement se trouve le diffuseur Tree Perc, qui offre une purification sophistiqu\u00e9e en divisant la fum\u00e9e en bulles de plus petite taille. Cette proc\u00e9dure permet d'obtenir des bouff\u00e9es plus douces, de refroidir la vapeur et d'am\u00e9liorer le go\u00fbt \u00e0 chaque bouff\u00e9e. La pr\u00e9cision du travail du verre assure que chaque inhalation est ordonn\u00e9e et agr\u00e9able, ce qui est excellent pour ceux qui appr\u00e9cient \u00e0 la fois le style et la fonction.<\/p>\n<p>Style moderne et fonctionnalit\u00e9<\/p>\n<p>La pi\u00e8ce ES2237 Bit Oil Rigs a \u00e9t\u00e9 con\u00e7ue dans un esprit de simplicit\u00e9 et de classe. Son verre cristallin vous permet de voir la proc\u00e9dure de purification, vous donnant \u00e0 la fois un charme visuel et un retour d'information utile. La large base ajoute \u00e0 la stabilit\u00e9, ce qui le rend solide et fiable pour un usage quotidien. Le cou coud\u00e9 am\u00e9liore la facilit\u00e9 d'utilisation, r\u00e9duisant la pression tout en conservant une circulation ergonomique.<\/p>\n<p>Pourquoi choisir cet engin<\/p>\n<p>Que vous soyez un passionn\u00e9 ou un novice en mati\u00e8re de dabbing, l'ES2237 Dab Oil Rigs Glass Bent Neck Tree Perc Diffuser offre le meilleur \u00e9quilibre entre artisanat et efficacit\u00e9. Le m\u00e9lange de produits de haute qualit\u00e9 et de style ing\u00e9nieux fait de ce diffuseur une pi\u00e8ce ma\u00eetresse de votre collection.<\/p>\n<p>Ce mat\u00e9riel n'est pas qu'une question d'apparences - il s'agit de fournir des coups r\u00e9guliers, doux et d\u00e9licieux \u00e0 chaque fois. Construit pour \u00eatre performant et pour durer, c'est un must-have pour tous ceux qui accordent de l'importance \u00e0 leurs sessions.<\/p>","protected":false},"excerpt":{"rendered":"<p>The ES2237 Dab Oil Rigs Glass Bent Neck Tree Perc Diffuser stands 8 inches tall, featuring durable borosilicate glass, a bent neck to prevent splashback, and a tree perc diffuser for smooth, clean filtration. Its sturdy round base ensures balance and stability for an enjoyable session.<\/p>","protected":false},"featured_media":2822,"comment_status":"open","ping_status":"closed","template":"","meta":[],"product_brand":[],"product_cat":[41],"product_tag":[128,168,183],"class_list":{"0":"post-2818","1":"product","2":"type-product","3":"status-publish","4":"has-post-thumbnail","6":"product_cat-dab-oil-rigs","7":"product_tag-dab-oil-rig","8":"product_tag-glass-water-pipe","9":"product_tag-tree-perc-diffuser","11":"first","12":"instock","13":"shipping-taxable","14":"purchasable","15":"product-type-variable"},"_links":{"self":[{"href":"https:\/\/buyegglass.com\/fr\/wp-json\/wp\/v2\/product\/2818","targetHints":{"allow":["GET"]}}],"collection":[{"href":"https:\/\/buyegglass.com\/fr\/wp-json\/wp\/v2\/product"}],"about":[{"href":"https:\/\/buyegglass.com\/fr\/wp-json\/wp\/v2\/types\/product"}],"replies":[{"embeddable":true,"href":"https:\/\/buyegglass.com\/fr\/wp-json\/wp\/v2\/comments?post=2818"}],"wp:featuredmedia":[{"embeddable":true,"href":"https:\/\/buyegglass.com\/fr\/wp-json\/wp\/v2\/media\/2822"}],"wp:attachment":[{"href":"https:\/\/buyegglass.com\/fr\/wp-json\/wp\/v2\/media?parent=2818"}],"wp:term":[{"taxonomy":"product_brand","embeddable":true,"href":"https:\/\/buyegglass.com\/fr\/wp-json\/wp\/v2\/product_brand?post=2818"},{"taxonomy":"product_cat","embeddable":true,"href":"https:\/\/buyegglass.com\/fr\/wp-json\/wp\/v2\/product_cat?post=2818"},{"taxonomy":"product_tag","embeddable":true,"href":"https:\/\/buyegglass.com\/fr\/wp-json\/wp\/v2\/product_tag?post=2818"}],"curies":[{"name":"wp","href":"https:\/\/api.w.org\/{rel}","templated":true}]}}