{"id":2782,"date":"2025-09-25T07:52:52","date_gmt":"2025-09-25T07:52:52","guid":{"rendered":"https:\/\/buyegglass.com\/?post_type=product&#038;p=2782"},"modified":"2025-10-10T09:28:05","modified_gmt":"2025-10-10T09:28:05","slug":"bong-bowls-slides-borosilicate-glass-angel-wings-glass","status":"publish","type":"product","link":"https:\/\/buyegglass.com\/fr\/product\/bong-bowls-slides-borosilicate-glass-angel-wings-glass\/","title":{"rendered":"Bong Bowls &amp; Slides Verre Borosilicat\u00e9 Verre Ailes d'Ange"},"content":{"rendered":"<h2>Bong Bowls &amp; Slides Verre Borosilicat\u00e9 Verre Ailes d'Ange<\/h2>\n<p>Le Bong Bowls &amp; Slides Borosilicate Glass Angel Wings est un objet d'art fonctionnel spectaculaire qui allie style et performance. Fabriqu\u00e9 en verre borosilicat\u00e9 de premi\u00e8re qualit\u00e9, ce plat offre \u00e0 la fois durabilit\u00e9 et r\u00e9sistance \u00e0 la chaleur, garantissant qu'il r\u00e9siste \u00e0 une utilisation quotidienne tout en conservant sa qualit\u00e9 et sa forme. Il se distingue par ses ailes d'ange, con\u00e7ues non seulement pour offrir un aspect visuel captivant, mais aussi pour offrir une manipulation utile pour une utilisation s\u00fbre et tr\u00e8s facile.<\/p>\n<p>Chaque bol est disponible dans une gamme de nuances vives, ce qui vous permet d'assortir votre arrangement ou d'exprimer votre personnalit\u00e9 par le biais de vos objets en verre. Les ailes d'ange d\u00e9taill\u00e9es sont minutieusement form\u00e9es, ce qui conf\u00e8re \u00e0 la pi\u00e8ce un aspect distinct, presque c\u00e9leste. Ces ailes ne sont pas simplement d\u00e9coratives ; elles facilitent grandement la manipulation du bol lorsqu'il est chaud, ce qui est \u00e0 la fois pratique et fonctionnel.<\/p>\n<p>Des caract\u00e9ristiques et des avantages uniques<\/p>\n<p>L'utilisation de verre borosilicat\u00e9 garantit une efficacit\u00e9 et une r\u00e9sistance aux chocs thermiques. Contrairement au verre standard, le borosilicate peut supporter une chaleur \u00e9lev\u00e9e sans se fissurer, ce qui en fait un choix fiable pour toute session de fumage. Le joint raffin\u00e9 s'adapte parfaitement \u00e0 la plupart des bongs et des machines \u00e0 fumer, tandis que le design innovant de l'aile transforme votre arrangement de cigarettes \u00e0 fumer en quelque chose de vraiment cr\u00e9atif.<\/p>\n<p>Les Bong Bowls &amp; Slides de ce type sont destin\u00e9s \u00e0 ceux qui appr\u00e9cient les d\u00e9tails et souhaitent se d\u00e9marquer de la moyenne. Qu'ils soient utilis\u00e9s pour des sessions individuelles ou partag\u00e9s entre amis, ils suscitent la discussion et am\u00e9liorent l'exp\u00e9rience. Le travail du verre lisse n'ajoute pas seulement de la beaut\u00e9 mais facilite aussi le nettoyage, garantissant que votre bol reste aussi beau que le jour o\u00f9 vous l'avez achet\u00e9.<\/p>\n<p>Le Bong Bowls &amp; Slides Borosilicate Glass Angel Wings associe long\u00e9vit\u00e9, utilit\u00e9 et art en une seule pi\u00e8ce, ce qui en fait un compl\u00e9ment indispensable \u00e0 toute collection.<\/p>","protected":false},"excerpt":{"rendered":"<p>Crafted from durable borosilicate glass, the Angel Wings bong bowls &amp; slides feature artistic wing handles for style and easy grip, available in vibrant colors to elevate your smoking setup with both beauty and function.<\/p>","protected":false},"featured_media":2788,"comment_status":"open","ping_status":"closed","template":"","meta":[],"product_brand":[],"product_cat":[45],"product_tag":[175,174,173],"class_list":{"0":"post-2782","1":"product","2":"type-product","3":"status-publish","4":"has-post-thumbnail","6":"product_cat-bong-bowls-slides","7":"product_tag-angel-wings","8":"product_tag-bong-slides","9":"product_tag-glass-bowl","11":"first","12":"instock","13":"shipping-taxable","14":"purchasable","15":"product-type-variable"},"_links":{"self":[{"href":"https:\/\/buyegglass.com\/fr\/wp-json\/wp\/v2\/product\/2782","targetHints":{"allow":["GET"]}}],"collection":[{"href":"https:\/\/buyegglass.com\/fr\/wp-json\/wp\/v2\/product"}],"about":[{"href":"https:\/\/buyegglass.com\/fr\/wp-json\/wp\/v2\/types\/product"}],"replies":[{"embeddable":true,"href":"https:\/\/buyegglass.com\/fr\/wp-json\/wp\/v2\/comments?post=2782"}],"wp:featuredmedia":[{"embeddable":true,"href":"https:\/\/buyegglass.com\/fr\/wp-json\/wp\/v2\/media\/2788"}],"wp:attachment":[{"href":"https:\/\/buyegglass.com\/fr\/wp-json\/wp\/v2\/media?parent=2782"}],"wp:term":[{"taxonomy":"product_brand","embeddable":true,"href":"https:\/\/buyegglass.com\/fr\/wp-json\/wp\/v2\/product_brand?post=2782"},{"taxonomy":"product_cat","embeddable":true,"href":"https:\/\/buyegglass.com\/fr\/wp-json\/wp\/v2\/product_cat?post=2782"},{"taxonomy":"product_tag","embeddable":true,"href":"https:\/\/buyegglass.com\/fr\/wp-json\/wp\/v2\/product_tag?post=2782"}],"curies":[{"name":"wp","href":"https:\/\/api.w.org\/{rel}","templated":true}]}}