{"id":2746,"date":"2025-09-25T07:26:47","date_gmt":"2025-09-25T07:26:47","guid":{"rendered":"https:\/\/buyegglass.com\/?post_type=product&#038;p=2746"},"modified":"2025-10-10T08:24:25","modified_gmt":"2025-10-10T08:24:25","slug":"dab-oil-rigs-es2233-glass-11-inch-matrix-perc-bubbler-shop","status":"publish","type":"product","link":"https:\/\/buyegglass.com\/fr\/product\/dab-oil-rigs-es2233-glass-11-inch-matrix-perc-bubbler-shop\/","title":{"rendered":"Dab Oil Rigs ES2233 Glass 11 Inch Matrix Perc Bubbler Shop"},"content":{"rendered":"<h2>Bit Oil Rigs ES2233 Glass 11 Inch Matrix Perc Bubbler<\/h2>\n<p>Le Bit Oil Rigs ES2233 est un barboteur en verre borosilicat\u00e9 de 11 pouces con\u00e7u pour la long\u00e9vit\u00e9, la clart\u00e9 et la fluidit\u00e9 des performances. Son corps rond et haut comprend une base solide et une embouchure courb\u00e9e profil\u00e9e, garantissant la commodit\u00e9 \u00e0 chaque utilisation. Construit avec un perc \u00e0 matrice de pr\u00e9cision, ce rig offre une diffusion id\u00e9ale, cr\u00e9ant des hits plus doux et plus frais.<\/p>\n<p>Fabriqu\u00e9 en verre borosilicat\u00e9 \u00e9pais, le Dab Oil Rigs ES2233 offre une r\u00e9sistance ph\u00e9nom\u00e9nale \u00e0 la chaleur et \u00e0 l'\u00e9clatement, ce qui en fait un choix fiable pour les sessions quotidiennes. Le verre transparent met en valeur sa construction soign\u00e9e et vous permet d'appr\u00e9cier le r\u00e9sultat esth\u00e9tique des bulles d'eau tout en filtrant chaque inhalation.<\/p>\n<p>Pourquoi choisir le bulleur ES2233 Matrix Perc Bubbler ?<\/p>\n<p>La fonction la plus remarquable de cette conception de Dab Oil Rigs est son percuteur matriciel, con\u00e7u pour utiliser au mieux le flux d'air et la filtration. En divisant la fum\u00e9e en bulles plus petites, il diminue la violence et donne un tirage propre et savoureux. Que vous soyez un individu exp\u00e9riment\u00e9 ou que vous d\u00e9butiez, le Bit Oil Rigs ES2233 rend chaque session satisfaisante et fiable.<\/p>\n<p>Cet article est \u00e9galement extr\u00eamement polyvalent, s'int\u00e9grant parfaitement dans les collections personnelles et comme pi\u00e8ce ma\u00eetresse pour les fanatiques qui appr\u00e9cient les lunettes minimalistes mais tr\u00e8s performantes. Son \u00e9l\u00e9vation de 11 pouces offre un \u00e9quilibre parfait entre la mobilit\u00e9 et la s\u00e9curit\u00e9, ce qui permet de le manipuler facilement sans compromettre ses capacit\u00e9s.<\/p>\n<p>Avec un mouvement d'air fluide, un corps en verre durable et un style bien pens\u00e9, ce barboteur r\u00e9unit tous les \u00e9l\u00e9ments que vous recherchez dans un article fiable.<\/p>\n<p>Le Bit Oil Rigs ES2233 Glass Matrix Perc Bubbler est plus qu'un simple outil de fumage - c'est une combinaison d'art, de recherche scientifique et de robustesse, con\u00e7ue pour vous fournir des cigarettes plus douces et plus propres \u00e0 tout moment.<\/p>","protected":false},"excerpt":{"rendered":"<p>Crafted from premium borosilicate glass, the Dab Oil Rigs ES2233 stands 11 inches tall with a durable matrix perc bubbler. Its clear cylindrical design ensures smooth diffusion, while the angled mouthpiece provides comfort. A modern, minimalist rig built for clean hits and reliable daily performance.<\/p>","protected":false},"featured_media":2750,"comment_status":"open","ping_status":"closed","template":"","meta":[],"product_brand":[],"product_cat":[41],"product_tag":[155,156,157],"class_list":{"0":"post-2746","1":"product","2":"type-product","3":"status-publish","4":"has-post-thumbnail","6":"product_cat-dab-oil-rigs","7":"product_tag-dab-oil-rigs","8":"product_tag-glass-bubbler","9":"product_tag-matrix-perc","11":"first","12":"instock","13":"shipping-taxable","14":"purchasable","15":"product-type-variable"},"_links":{"self":[{"href":"https:\/\/buyegglass.com\/fr\/wp-json\/wp\/v2\/product\/2746","targetHints":{"allow":["GET"]}}],"collection":[{"href":"https:\/\/buyegglass.com\/fr\/wp-json\/wp\/v2\/product"}],"about":[{"href":"https:\/\/buyegglass.com\/fr\/wp-json\/wp\/v2\/types\/product"}],"replies":[{"embeddable":true,"href":"https:\/\/buyegglass.com\/fr\/wp-json\/wp\/v2\/comments?post=2746"}],"wp:featuredmedia":[{"embeddable":true,"href":"https:\/\/buyegglass.com\/fr\/wp-json\/wp\/v2\/media\/2750"}],"wp:attachment":[{"href":"https:\/\/buyegglass.com\/fr\/wp-json\/wp\/v2\/media?parent=2746"}],"wp:term":[{"taxonomy":"product_brand","embeddable":true,"href":"https:\/\/buyegglass.com\/fr\/wp-json\/wp\/v2\/product_brand?post=2746"},{"taxonomy":"product_cat","embeddable":true,"href":"https:\/\/buyegglass.com\/fr\/wp-json\/wp\/v2\/product_cat?post=2746"},{"taxonomy":"product_tag","embeddable":true,"href":"https:\/\/buyegglass.com\/fr\/wp-json\/wp\/v2\/product_tag?post=2746"}],"curies":[{"name":"wp","href":"https:\/\/api.w.org\/{rel}","templated":true}]}}