{"id":2706,"date":"2025-09-25T07:10:21","date_gmt":"2025-09-25T07:10:21","guid":{"rendered":"https:\/\/buyegglass.com\/?post_type=product&#038;p=2706"},"modified":"2025-10-10T09:35:04","modified_gmt":"2025-10-10T09:35:04","slug":"es2229-7-inch-height-tiny-gorgeous-water-pipe-free-shipping","status":"publish","type":"product","link":"https:\/\/buyegglass.com\/fr\/product\/es2229-7-inch-height-tiny-gorgeous-water-pipe-free-shipping\/","title":{"rendered":"ES2229 7 inch height tiny gorgeous water pipe free shipping"},"content":{"rendered":"<h2>ES2229 7 Inch Height Tiny Gorgeous Pipes Livraison gratuite<\/h2>\n<p>L'ES2229 7 pouces de hauteur little beautiful pipes est un article \u00e9l\u00e9gant, petit et pratique qui allie commodit\u00e9 et virtuosit\u00e9 vibrante. Con\u00e7ue avec des motifs frappants en zigzag et en tourbillon dans des teintes vibrantes comme l'\u00e9cologique, l'orange, le noir et le rouge, cette pipe fait une d\u00e9claration audacieuse tout en offrant d'excellentes performances.<\/p>\n<p>D'une hauteur de 7 pouces seulement, ce petit tuyau est parfait pour ceux qui veulent une option portable mais efficace. Sa petite taille permet de la transporter, de la ranger ou de l'exposer sans qu'elle ne prenne trop de place. Malgr\u00e9 sa petite taille, la pipe est con\u00e7ue pour donner des coups doux, avec sa base solide qui garantit la s\u00e9curit\u00e9 pendant l'utilisation.<\/p>\n<p>Fabriqu\u00e9e en verre borosilicat\u00e9 de premi\u00e8re qualit\u00e9, la pipe \u00e0 eau ES2229 offre r\u00e9sistance \u00e0 la chaleur et long\u00e9vit\u00e9. Son embout ergonomique inclin\u00e9 est con\u00e7u pour la commodit\u00e9, tandis que la grande chambre offre un flux d'air constant pour une attirance plus douce. Le plat en verre transparent associ\u00e9 au corps artistique met en valeur \u00e0 la fois les caract\u00e9ristiques et le design, ce qui en fait un objet id\u00e9al pour un usage quotidien ou comme \u00e9l\u00e9ment d'une collection.<\/p>\n<p>L'ES2229 7 inch height small lovely pipes est en outre facile \u00e0 nettoyer et \u00e0 entretenir, gr\u00e2ce \u00e0 sa construction en verre et \u00e0 ses pi\u00e8ces amovibles. Que vous soyez un novice ou un utilisateur exp\u00e9riment\u00e9, sa configuration simple et son design utile en font une option fiable.<\/p>\n<p>La livraison gratuite rend ce produit encore plus attrayant, en utilisant \u00e0 la fois la haute qualit\u00e9 et la valeur sans co\u00fbts surprenants. Son style unique, ses couleurs vives et sa taille portable garantissent qu'il attire l'attention en tant qu'appareil utile et objet d'art ornemental en verre.<\/p>\n<p>Choisissez la pipe \u00e0 eau ES2229 7 inch height tiny gorgeous water pipe si vous \u00eates \u00e0 la recherche d'un appareil \u00e0 fumer portable, cr\u00e9atif et r\u00e9put\u00e9 qui int\u00e8gre la robustesse, la simplicit\u00e9 d'utilisation et le design.<\/p>","protected":false},"excerpt":{"rendered":"<p>ES2229 7 inch height tiny gorgeous water pipe free shipping features bold swirl patterns with green accents. Made from durable borosilicate glass, it offers smooth hits, portability, and easy cleaning. Compact yet stylish, this water pipe blends performance with artistic design for everyday use.<\/p>","protected":false},"featured_media":2716,"comment_status":"open","ping_status":"closed","template":"","meta":[],"product_brand":[],"product_cat":[15],"product_tag":[119,147,110],"class_list":{"0":"post-2706","1":"product","2":"type-product","3":"status-publish","4":"has-post-thumbnail","6":"product_cat-uncategorized","7":"product_tag-glass-bong","8":"product_tag-mini-pipe","9":"product_tag-water-pipe","11":"first","12":"instock","13":"shipping-taxable","14":"purchasable","15":"product-type-variable"},"_links":{"self":[{"href":"https:\/\/buyegglass.com\/fr\/wp-json\/wp\/v2\/product\/2706","targetHints":{"allow":["GET"]}}],"collection":[{"href":"https:\/\/buyegglass.com\/fr\/wp-json\/wp\/v2\/product"}],"about":[{"href":"https:\/\/buyegglass.com\/fr\/wp-json\/wp\/v2\/types\/product"}],"replies":[{"embeddable":true,"href":"https:\/\/buyegglass.com\/fr\/wp-json\/wp\/v2\/comments?post=2706"}],"wp:featuredmedia":[{"embeddable":true,"href":"https:\/\/buyegglass.com\/fr\/wp-json\/wp\/v2\/media\/2716"}],"wp:attachment":[{"href":"https:\/\/buyegglass.com\/fr\/wp-json\/wp\/v2\/media?parent=2706"}],"wp:term":[{"taxonomy":"product_brand","embeddable":true,"href":"https:\/\/buyegglass.com\/fr\/wp-json\/wp\/v2\/product_brand?post=2706"},{"taxonomy":"product_cat","embeddable":true,"href":"https:\/\/buyegglass.com\/fr\/wp-json\/wp\/v2\/product_cat?post=2706"},{"taxonomy":"product_tag","embeddable":true,"href":"https:\/\/buyegglass.com\/fr\/wp-json\/wp\/v2\/product_tag?post=2706"}],"curies":[{"name":"wp","href":"https:\/\/api.w.org\/{rel}","templated":true}]}}