{"id":2679,"date":"2025-09-25T06:25:46","date_gmt":"2025-09-25T06:25:46","guid":{"rendered":"https:\/\/buyegglass.com\/?post_type=product&#038;p=2679"},"modified":"2025-10-10T09:36:53","modified_gmt":"2025-10-10T09:36:53","slug":"hand-pipe-solid-mushroom-hand-pipe-borosilicate-glass-bsh03","status":"publish","type":"product","link":"https:\/\/buyegglass.com\/fr\/product\/hand-pipe-solid-mushroom-hand-pipe-borosilicate-glass-bsh03\/","title":{"rendered":"Pipe \u00e0 main Champignon solide Pipe \u00e0 main en verre borosilicat\u00e9 BSH03"},"content":{"rendered":"<h2>Pipeline \u00e0 main Champignon fort Pipeline \u00e0 main Verre borosilicat\u00e9 BSH03<\/h2>\n<p>La pipe \u00e0 main en verre borosilicat\u00e9 Solid Mushroom Hand Pipeline BSH03 apporte une touche amusante et imaginative \u00e0 votre collection de cigarettes \u00e0 fumer. Con\u00e7us pour ressembler \u00e0 des champignons vifs, ces tubes \u00e0 main allient l'esth\u00e9tique et la long\u00e9vit\u00e9 du verre borosilicat\u00e9. Chaque article comprend des motifs uniques, tels que des pois audacieux et des bandes rouges verticales, propos\u00e9s dans des combinaisons de couleurs saisissantes telles que le bleu, le noir et le blanc, respectueux de l'environnement.<\/p>\n<p>Fabriqu\u00e9 en verre borosilicat\u00e9 de haute qualit\u00e9, ce pipeline \u00e0 main garantit \u00e0 la fois une r\u00e9sistance \u00e0 la chaleur et une utilisation durable. Sa construction robuste en fait un produit r\u00e9put\u00e9 pour les s\u00e9ances de routine, tandis que sa petite taille lui conf\u00e8re portabilit\u00e9 et confort. La forme inspir\u00e9e des champignons n'est pas seulement esth\u00e9tique, elle offre \u00e9galement une prise en main ergonomique, ce qui la rend confortable pendant l'utilisation.<\/p>\n<p>La pipe \u00e0 main Hand Pipeline Solid Mushroom en verre borosilicat\u00e9 BSH03 est con\u00e7ue pour fonctionner en douceur. Le bol bien con\u00e7u permet un chargement r\u00e9gulier, tandis que le syst\u00e8me d'\u00e9coulement de l'air garantit des attraits constants et une exp\u00e9rience satisfaisante de la cigarette. Gr\u00e2ce \u00e0 son cadre facile \u00e0 nettoyer, l'entretien de cette pipe \u00e0 main est simple, garantissant des sessions fra\u00eeches \u00e0 chaque fois.<\/p>\n<p>Ce pipeline est plus qu'un simple appareil, c'est aussi un appareil attrayant. Son design vibrant en fait un \u00e9l\u00e9ment remarquable de toute collection de lunettes, attirant \u00e0 la fois les personnes informelles et les enthousiastes. Qu'elle soit pr\u00e9sent\u00e9e sur un pr\u00e9sentoir ou utilis\u00e9e r\u00e9guli\u00e8rement, elle apporte de la personnalit\u00e9 et de l'imagination \u00e0 votre r\u00e9gime de cigarettes.<\/p>\n<p>Hand Pipeline Strong Mushroom Hand Pipeline Borosilicate Glass BSH03 est parfait pour ceux qui appr\u00e9cient les designs sp\u00e9ciaux sans compromettre la qualit\u00e9. Compacte, durable et \u00e9l\u00e9gante, elle constitue un choix fantastique pour la maison ou les voyages. Alliant art et utilit\u00e9, cette pipe en forme de champignon est un excellent compl\u00e9ment \u00e0 la collection de tout type de fumeur de cigarettes.<\/p>","protected":false},"excerpt":{"rendered":"<p>Hand Pipe Solid Mushroom Hand Pipe Borosilicate Glass BSH03 combines playful mushroom-inspired design with durable borosilicate glass. Compact, portable, and heat resistant, it offers smooth draws, easy cleaning, and a stylish look with fun color options, making it both functional and collectible.<\/p>","protected":false},"featured_media":2682,"comment_status":"open","ping_status":"closed","template":"","meta":[],"product_brand":[],"product_cat":[43],"product_tag":[139,138,137],"class_list":{"0":"post-2679","1":"product","2":"type-product","3":"status-publish","4":"has-post-thumbnail","6":"product_cat-hand-pipe","7":"product_tag-borosilicate-pipe","8":"product_tag-glass-hand-pipe","9":"product_tag-mushroom-hand-pipe","11":"first","12":"instock","13":"shipping-taxable","14":"purchasable","15":"product-type-variable"},"_links":{"self":[{"href":"https:\/\/buyegglass.com\/fr\/wp-json\/wp\/v2\/product\/2679","targetHints":{"allow":["GET"]}}],"collection":[{"href":"https:\/\/buyegglass.com\/fr\/wp-json\/wp\/v2\/product"}],"about":[{"href":"https:\/\/buyegglass.com\/fr\/wp-json\/wp\/v2\/types\/product"}],"replies":[{"embeddable":true,"href":"https:\/\/buyegglass.com\/fr\/wp-json\/wp\/v2\/comments?post=2679"}],"wp:featuredmedia":[{"embeddable":true,"href":"https:\/\/buyegglass.com\/fr\/wp-json\/wp\/v2\/media\/2682"}],"wp:attachment":[{"href":"https:\/\/buyegglass.com\/fr\/wp-json\/wp\/v2\/media?parent=2679"}],"wp:term":[{"taxonomy":"product_brand","embeddable":true,"href":"https:\/\/buyegglass.com\/fr\/wp-json\/wp\/v2\/product_brand?post=2679"},{"taxonomy":"product_cat","embeddable":true,"href":"https:\/\/buyegglass.com\/fr\/wp-json\/wp\/v2\/product_cat?post=2679"},{"taxonomy":"product_tag","embeddable":true,"href":"https:\/\/buyegglass.com\/fr\/wp-json\/wp\/v2\/product_tag?post=2679"}],"curies":[{"name":"wp","href":"https:\/\/api.w.org\/{rel}","templated":true}]}}