{"id":2604,"date":"2025-09-25T03:11:00","date_gmt":"2025-09-25T03:11:00","guid":{"rendered":"https:\/\/buyegglass.com\/?post_type=product&#038;p=2604"},"modified":"2025-10-10T09:25:39","modified_gmt":"2025-10-10T09:25:39","slug":"bong-bowls-slides-paul-frank-bowl-borosilicate-glass-buy","status":"publish","type":"product","link":"https:\/\/buyegglass.com\/fr\/product\/bong-bowls-slides-paul-frank-bowl-borosilicate-glass-buy\/","title":{"rendered":"Bong Bowls &amp; Slides Paul Frank Bowl Borosilicate Glass Acheter"},"content":{"rendered":"<h2 data-start=\"233\" data-end=\"290\">Bong Bowls &amp; Slides Paul Frank Bowl Borosilicate Glass<\/h2>\n<p data-start=\"292\" data-end=\"585\">Le <strong data-start=\"296\" data-end=\"315\">Bol de Paul Frank<\/strong> est un accessoire ludique et \u00e9l\u00e9gant fabriqu\u00e9 en verre borosilicat\u00e9 de premi\u00e8re qualit\u00e9, con\u00e7u pour apporter de la personnalit\u00e9 \u00e0 votre installation. Avec ses couleurs vives, son visage expressif et son travail du verre d\u00e9taill\u00e9, cette pi\u00e8ce se distingue \u00e0 la fois comme un outil fonctionnel et comme une \u0153uvre d'art de collection.<\/p>\n<p data-start=\"587\" data-end=\"963\">Fabriqu\u00e9 en verre borosilicat\u00e9 r\u00e9sistant \u00e0 la chaleur, il offre durabilit\u00e9 et coh\u00e9rence pour un usage quotidien. La structure solide du verre lui permet de r\u00e9sister au chauffage et au refroidissement r\u00e9guliers sans se fissurer, tandis que l'int\u00e9rieur lisse favorise une combustion uniforme. La face sculpt\u00e9e color\u00e9e ajoute un caract\u00e8re unique, faisant de ce bol plus qu'un simple accessoire, une pi\u00e8ce d'apparat.<\/p>\n<p data-start=\"965\" data-end=\"1325\">Dans le cadre de la <strong data-start=\"980\" data-end=\"1003\">bong bowls &amp; slides<\/strong> Gr\u00e2ce \u00e0 sa cat\u00e9gorie, il s'adapte parfaitement aux pipes \u00e0 eau et aux rigs standard, ce qui permet aux utilisateurs de changer de bol tout en conservant la compatibilit\u00e9. La connexion serr\u00e9e assure un ajustement s\u00fbr, \u00e9vitant les fuites de flux d'air et favorisant un tirage en douceur. Le bol est facile \u00e0 manipuler, simple \u00e0 nettoyer et con\u00e7u pour une utilisation r\u00e9p\u00e9t\u00e9e.<\/p>\n<p data-start=\"1327\" data-end=\"1649\">Ce bol Paul Frank est disponible dans une vari\u00e9t\u00e9 de couleurs amusantes, ce qui permet aux utilisateurs de l'assortir \u00e0 leur personnalit\u00e9 ou \u00e0 leur collection. Chaque pi\u00e8ce est finie \u00e0 la main, ce qui garantit qu'il n'y a pas deux bols identiques. Les collectionneurs et les utilisateurs occasionnels appr\u00e9cieront les d\u00e9tails cr\u00e9atifs et les performances fiables du verre borosilicat\u00e9.<\/p>\n<p data-start=\"1651\" data-end=\"2005\">Que vous souhaitiez moderniser votre installation, remplacer un ancien bol ou agrandir votre collection, ce produit offre un m\u00e9lange parfait de durabilit\u00e9 et d'art. <strong data-start=\"1813\" data-end=\"1836\">Bols de bong et glissi\u00e8res<\/strong> comme celui-ci sont id\u00e9ales pour ceux qui recherchent une fonction fiable avec un design distinctif. Le bol Paul Frank offre les deux dans un ensemble compact, color\u00e9 et durable.<\/p>","protected":false},"excerpt":{"rendered":"<p>The Paul Frank Bowl made from borosilicate glass is a fun and durable addition to bong bowls &amp; slides. With bold colors and sculpted details, it offers a secure fit, smooth use, and artistic style, making it a standout accessory for everyday sessions or collection displays.<\/p>","protected":false},"featured_media":2607,"comment_status":"open","ping_status":"closed","template":"","meta":[],"product_brand":[],"product_cat":[45],"product_tag":[159,176,160],"class_list":{"0":"post-2604","1":"product","2":"type-product","3":"status-publish","4":"has-post-thumbnail","6":"product_cat-bong-bowls-slides","7":"product_tag-bong-bowls","8":"product_tag-borosilicate-bowl","9":"product_tag-glass-slides","11":"first","12":"instock","13":"shipping-taxable","14":"purchasable","15":"product-type-variable"},"_links":{"self":[{"href":"https:\/\/buyegglass.com\/fr\/wp-json\/wp\/v2\/product\/2604","targetHints":{"allow":["GET"]}}],"collection":[{"href":"https:\/\/buyegglass.com\/fr\/wp-json\/wp\/v2\/product"}],"about":[{"href":"https:\/\/buyegglass.com\/fr\/wp-json\/wp\/v2\/types\/product"}],"replies":[{"embeddable":true,"href":"https:\/\/buyegglass.com\/fr\/wp-json\/wp\/v2\/comments?post=2604"}],"wp:featuredmedia":[{"embeddable":true,"href":"https:\/\/buyegglass.com\/fr\/wp-json\/wp\/v2\/media\/2607"}],"wp:attachment":[{"href":"https:\/\/buyegglass.com\/fr\/wp-json\/wp\/v2\/media?parent=2604"}],"wp:term":[{"taxonomy":"product_brand","embeddable":true,"href":"https:\/\/buyegglass.com\/fr\/wp-json\/wp\/v2\/product_brand?post=2604"},{"taxonomy":"product_cat","embeddable":true,"href":"https:\/\/buyegglass.com\/fr\/wp-json\/wp\/v2\/product_cat?post=2604"},{"taxonomy":"product_tag","embeddable":true,"href":"https:\/\/buyegglass.com\/fr\/wp-json\/wp\/v2\/product_tag?post=2604"}],"curies":[{"name":"wp","href":"https:\/\/api.w.org\/{rel}","templated":true}]}}