{"id":2565,"date":"2025-09-25T02:54:28","date_gmt":"2025-09-25T02:54:28","guid":{"rendered":"https:\/\/buyegglass.com\/?post_type=product&#038;p=2565"},"modified":"2025-10-10T09:34:32","modified_gmt":"2025-10-10T09:34:32","slug":"es2227-colorful-wig-wag-patterns-water-pipe-is-6-inch-height","status":"publish","type":"product","link":"https:\/\/buyegglass.com\/fr\/product\/es2227-colorful-wig-wag-patterns-water-pipe-is-6-inch-height\/","title":{"rendered":"ES2227 perruque color\u00e9e wag patterns water pipe is 6 inch height"},"content":{"rendered":"<h2 data-start=\"219\" data-end=\"274\">ES2227 Perruque color\u00e9e avec motifs de perruque Tuyau d'eau - 6 pouces<\/h2>\n<p data-start=\"276\" data-end=\"605\">Le pipeau \u00e0 eau ES2227 colorful wig wag patterns est une pi\u00e8ce compacte mais accrocheuse con\u00e7ue pour ceux qui appr\u00e9cient \u00e0 la fois le style et la fonction. D'une hauteur de 6 pouces, cette pipe \u00e0 eau en verre combine des tourbillons de couleurs vibrantes avec une silhouette lisse, ce qui en fait un accessoire remarquable pour les collections personnelles ou les \u00e9tag\u00e8res des magasins.<\/p>\n<p data-start=\"607\" data-end=\"1093\">Fabriqu\u00e9e en verre durable, la pipe pr\u00e9sente des motifs complexes qui captent la lumi\u00e8re et mettent en valeur ses d\u00e9tails artistiques. Chaque section du design est soigneusement souffl\u00e9e, ce qui garantit qu'il n'y a pas deux pi\u00e8ces identiques. Malgr\u00e9 sa taille compacte, cette pipe \u00e0 eau offre une filtration efficace, permettant aux utilisateurs de profiter d'une exp\u00e9rience douce sans sacrifier la portabilit\u00e9. Sa base stable et son embout confortable la rendent facile \u00e0 manipuler, tandis que le bol moyen est id\u00e9al pour les sessions r\u00e9guli\u00e8res.<\/p>\n<p data-start=\"1095\" data-end=\"1464\">La pipe \u00e0 eau ES2227 est parfaite pour les d\u00e9butants qui recherchent une taille abordable et pour les utilisateurs chevronn\u00e9s qui appr\u00e9cient le travail du verre unique. Sa hauteur de 6 pouces offre un bon \u00e9quilibre entre la discr\u00e9tion n\u00e9cessaire pour les voyages et la fonctionnalit\u00e9 n\u00e9cessaire pour un usage quotidien. Le nettoyage est simple, gr\u00e2ce \u00e0 sa structure directe, ce qui en fait un choix pratique en plus de son attrait artistique.<\/p>\n<p data-start=\"1466\" data-end=\"1863\">Qu'elle soit expos\u00e9e dans le cadre d'une collection color\u00e9e ou utilis\u00e9e quotidiennement, cette conduite d'eau offre un m\u00e9lange de performance et de design. Les d\u00e9taillants peuvent compter sur son attrait visuel pour attirer l'attention, tandis que les utilisateurs finaux appr\u00e9cieront sa douceur et sa durabilit\u00e9. Si vous \u00eates \u00e0 la recherche d'une pi\u00e8ce en verre compacte qui se double d'un art fonctionnel, la pipe \u00e0 eau ES2227 colorful wig wag patterns est une option parfaite.<\/p>","protected":false},"excerpt":{"rendered":"<article class=\"text-token-text-primary w-full focus:outline-none scroll-mt-[calc(var(--header-height)+min(200px,max(70px,20svh)))]\" dir=\"auto\" tabindex=\"-1\" data-turn-id=\"request-WEB:7bb4b1bc-ed07-470d-829f-61362b1c5ffc-1\" data-testid=\"conversation-turn-4\" data-scroll-anchor=\"true\" data-turn=\"assistant\">\n<div class=\"text-base my-auto mx-auto pb-10 [--thread-content-margin:--spacing(4)] thread-sm:[--thread-content-margin:--spacing(6)] thread-lg:[--thread-content-margin:--spacing(16)] px-(--thread-content-margin)\">\n<div class=\"[--thread-content-max-width:40rem] thread-lg:[--thread-content-max-width:48rem] mx-auto max-w-(--thread-content-max-width) flex-1 group\/turn-messages focus-visible:outline-hidden relative flex w-full min-w-0 flex-col agent-turn\" tabindex=\"-1\">\n<div class=\"flex max-w-full flex-col grow\">\n<div class=\"min-h-8 text-message relative flex w-full flex-col items-end gap-2 text-start break-words whitespace-normal [.text-message+&amp;]:mt-5\" dir=\"auto\" data-message-author-role=\"assistant\" data-message-id=\"562b6566-93ab-4e92-80f5-6a3fa5bf4ed3\" data-message-model-slug=\"gpt-5-instant\">\n<div class=\"flex w-full flex-col gap-1 empty:hidden first:pt-[3px]\">\n<div class=\"markdown prose dark:prose-invert w-full break-words light markdown-new-styling\">\n<p data-start=\"0\" data-end=\"252\" data-is-last-node=\"\" data-is-only-node=\"\">The ES2227 colorful wig wag patterns water pipe stands 6 inches tall, crafted from durable glass with vibrant swirls. Compact, portable, and smooth to use, this water pipe offers reliable performance and artistic style for everyday sessions or display.<\/p>\n<\/div>\n<\/div>\n<\/div>\n<\/div>\n<div class=\"z-0 flex min-h-[46px] justify-start\"><\/div>\n<div class=\"mt-3 w-full empty:hidden\">\n<div class=\"text-center\"><\/div>\n<\/div>\n<\/div>\n<\/div>\n<\/article>\n<div class=\"pointer-events-none h-px w-px\" aria-hidden=\"true\" data-edge=\"true\"><\/div>\n","protected":false},"featured_media":2600,"comment_status":"open","ping_status":"closed","template":"","meta":[],"product_brand":[],"product_cat":[45],"product_tag":[111,112,110],"class_list":{"0":"post-2565","1":"product","2":"type-product","3":"status-publish","4":"has-post-thumbnail","6":"product_cat-bong-bowls-slides","7":"product_tag-glass-pipe","8":"product_tag-smoking-accessory","9":"product_tag-water-pipe","11":"first","12":"instock","13":"shipping-taxable","14":"purchasable","15":"product-type-variable"},"_links":{"self":[{"href":"https:\/\/buyegglass.com\/fr\/wp-json\/wp\/v2\/product\/2565","targetHints":{"allow":["GET"]}}],"collection":[{"href":"https:\/\/buyegglass.com\/fr\/wp-json\/wp\/v2\/product"}],"about":[{"href":"https:\/\/buyegglass.com\/fr\/wp-json\/wp\/v2\/types\/product"}],"replies":[{"embeddable":true,"href":"https:\/\/buyegglass.com\/fr\/wp-json\/wp\/v2\/comments?post=2565"}],"wp:featuredmedia":[{"embeddable":true,"href":"https:\/\/buyegglass.com\/fr\/wp-json\/wp\/v2\/media\/2600"}],"wp:attachment":[{"href":"https:\/\/buyegglass.com\/fr\/wp-json\/wp\/v2\/media?parent=2565"}],"wp:term":[{"taxonomy":"product_brand","embeddable":true,"href":"https:\/\/buyegglass.com\/fr\/wp-json\/wp\/v2\/product_brand?post=2565"},{"taxonomy":"product_cat","embeddable":true,"href":"https:\/\/buyegglass.com\/fr\/wp-json\/wp\/v2\/product_cat?post=2565"},{"taxonomy":"product_tag","embeddable":true,"href":"https:\/\/buyegglass.com\/fr\/wp-json\/wp\/v2\/product_tag?post=2565"}],"curies":[{"name":"wp","href":"https:\/\/api.w.org\/{rel}","templated":true}]}}