{"id":2334,"date":"2025-09-22T10:36:12","date_gmt":"2025-09-22T10:36:12","guid":{"rendered":"https:\/\/buyegglass.com\/?post_type=product&#038;p=2334"},"modified":"2025-10-10T09:24:21","modified_gmt":"2025-10-10T09:24:21","slug":"ega33-ash-catcher-bongs-solid-horn-bowl-set-glass-online","status":"publish","type":"product","link":"https:\/\/buyegglass.com\/fr\/product\/ega33-ash-catcher-bongs-solid-horn-bowl-set-glass-online\/","title":{"rendered":"EGA33 Ash Catcher Bongs Solid Horn Bowl Set Glass Online"},"content":{"rendered":"<h2>Ash Catcher Bongs Solid Horn Dish Establish - Borosilicate Glass Shop<\/h2>\n<p>Am\u00e9liorez votre exp\u00e9rience de fumeur avec l'ensemble Ash Catcher Bongs Solid Horn Dish exceptionnellement con\u00e7u, qui t\u00e9moigne \u00e0 la fois d'un charme visuel et d'une capacit\u00e9 sup\u00e9rieure. Fabriqu\u00e9e \u00e0 partir de verre borosilicat\u00e9 co\u00fbteux, cette collection garantit la solidit\u00e9, la r\u00e9sistance \u00e0 la chaleur et la puret\u00e9 du cristal, pour que chaque session soit douce, propre et satisfaisante.<br \/>\nLe c\u0153ur de cet ensemble est l'ing\u00e9nieux capteur de cendres, con\u00e7u pour offrir un niveau de purification in\u00e9gal\u00e9. Son style unique capture efficacement les cendres et les d\u00e9bris avant qu'ils n'atteignent votre tuyau d'eau principal, ce qui permet \u00e0 votre bang de rester propre plus longtemps et de r\u00e9duire consid\u00e9rablement la violence de vos coups. Cela signifie que vous passerez moins de temps \u00e0 nettoyer et encore plus de temps \u00e0 appr\u00e9cier le moment pr\u00e9sent.<br \/>\nCe qui distingue vraiment cette collection, c'est la partie \"Solid Horn Bowl\" (bol en corne solide). Il ne s'agit pas d'un simple bol, mais d'une pi\u00e8ce d'apparat. La prise en charge ergonomique en forme de corne, disponible dans des couleurs vives comme un riche bleu sarcelle ou un rouge ardent, ajoute non seulement un panache remarquable, mais utilise \u00e9galement une prise s\u00fbre et confortable, ce qui la rend tr\u00e8s facile \u00e0 g\u00e9rer et \u00e0 retirer. La corne s'int\u00e8gre parfaitement au plat, qui comprend une zone sup\u00e9rieure givr\u00e9e ou color\u00e9e, ajoutant une touche de sophistication par rapport au corps en verre transparent.<br \/>\nLa structure portable mais durable du cendrier garantit sa stabilit\u00e9, tandis que son raccord sp\u00e9cifique assure une liaison parfaite et sans fuite avec votre installation existante. La marque raffin\u00e9e \"EG GLASS\" grav\u00e9e sur le corps en verre transparent est un gage de qualit\u00e9 et de fabrication, la marque d'un produit con\u00e7u pour les amateurs les plus exigeants.<br \/>\nQue vous souhaitiez moderniser votre appareil actuel, am\u00e9liorer la purification ou simplement ajouter une touche de sophistication artistique \u00e0 votre collection, le Ash Catcher Bongs Solid Horn Dish Set est un choix exceptionnel. C'est plus qu'un simple appareil, c'est un investissement financier dans une routine de fumage plus propre, plus douce et plus attrayante visuellement.<\/p>","protected":false},"excerpt":{"rendered":"<p>This borosilicate glass ash catcher with a solid horn bowl set is a stylish and functional addition to your bong. It features a unique horn-shaped handle and comes in various vibrant colors to match your personal style.<\/p>","protected":false},"featured_media":2335,"comment_status":"open","ping_status":"closed","template":"","meta":[],"product_brand":[],"product_cat":[44],"product_tag":[103,104,105],"class_list":{"0":"post-2334","1":"product","2":"type-product","3":"status-publish","4":"has-post-thumbnail","6":"product_cat-ash-catcher","7":"product_tag-ash-catcher","8":"product_tag-borosilicate-glass","9":"product_tag-horn-bowl","11":"first","12":"instock","13":"shipping-taxable","14":"purchasable","15":"product-type-variable"},"_links":{"self":[{"href":"https:\/\/buyegglass.com\/fr\/wp-json\/wp\/v2\/product\/2334","targetHints":{"allow":["GET"]}}],"collection":[{"href":"https:\/\/buyegglass.com\/fr\/wp-json\/wp\/v2\/product"}],"about":[{"href":"https:\/\/buyegglass.com\/fr\/wp-json\/wp\/v2\/types\/product"}],"replies":[{"embeddable":true,"href":"https:\/\/buyegglass.com\/fr\/wp-json\/wp\/v2\/comments?post=2334"}],"wp:featuredmedia":[{"embeddable":true,"href":"https:\/\/buyegglass.com\/fr\/wp-json\/wp\/v2\/media\/2335"}],"wp:attachment":[{"href":"https:\/\/buyegglass.com\/fr\/wp-json\/wp\/v2\/media?parent=2334"}],"wp:term":[{"taxonomy":"product_brand","embeddable":true,"href":"https:\/\/buyegglass.com\/fr\/wp-json\/wp\/v2\/product_brand?post=2334"},{"taxonomy":"product_cat","embeddable":true,"href":"https:\/\/buyegglass.com\/fr\/wp-json\/wp\/v2\/product_cat?post=2334"},{"taxonomy":"product_tag","embeddable":true,"href":"https:\/\/buyegglass.com\/fr\/wp-json\/wp\/v2\/product_tag?post=2334"}],"curies":[{"name":"wp","href":"https:\/\/api.w.org\/{rel}","templated":true}]}}