{"id":1794,"date":"2025-09-16T09:07:18","date_gmt":"2025-09-16T09:07:18","guid":{"rendered":"https:\/\/buyegglass.com\/?post_type=product&#038;p=1794"},"modified":"2025-10-10T08:26:39","modified_gmt":"2025-10-10T08:26:39","slug":"dab-oil-rigs-horned-heirloom-recycler-glass-water-pipe-sale","status":"publish","type":"product","link":"https:\/\/buyegglass.com\/fr\/product\/dab-oil-rigs-horned-heirloom-recycler-glass-water-pipe-sale\/","title":{"rendered":"Dab Oil Rigs Horned Heirloom Recycler Glass Water Pipe Sale"},"content":{"rendered":"<h2>Dab Oil Rigs Horned Heirloom Recycler Glass Water Pipe Sale<\/h2>\n<p>Pr\u00e9parez-vous \u00e0 am\u00e9liorer votre exp\u00e9rience de concentration avec la magnifique pipe \u00e0 eau en verre Horned Treasure Recycler, \u00e9labor\u00e9e avec soin. Cette pi\u00e8ce exceptionnelle n'est pas simplement un dispositif pour les plates-formes de dab ; c'est une \u0153uvre d'art qui offre une efficacit\u00e9 exceptionnelle. Con\u00e7ue pour l'amateur critique, cette pipe allie un attrait esth\u00e9tique frappant \u00e0 une innovation de purification avanc\u00e9e pour fournir les meilleurs et les plus savoureux hits possibles. Le style corn\u00e9 distinct n'est pas seulement visuellement fascinant, il offre \u00e9galement une prise en main ergonomique, ce qui rend vos sessions confortables et \u00e9l\u00e9gantes. Propos\u00e9 dans une gamme de teintes captivantes, allant des bleus profonds aux noirs fum\u00e9s en passant par les roses vifs, il y a un Horned Antique Recycler qui correspond \u00e0 chaque individualit\u00e9 et \u00e0 chaque collection.<\/p>\n<p>Au c\u0153ur de ce chef-d'\u0153uvre se trouve sa fonction de recyclage extr\u00eamement efficace. Ce syst\u00e8me innovant est cr\u00e9\u00e9 pour faire circuler l'eau en permanence, garantissant ainsi un refroidissement et une purification optimaux de la vapeur. Lorsque vous inhalez, la vapeur est aspir\u00e9e par plusieurs chambres, un processus qui r\u00e9duit consid\u00e9rablement l'\u00e2pret\u00e9 et prot\u00e8ge les terp\u00e8nes d\u00e9licats de vos concentr\u00e9s. Le r\u00e9sultat est un hit extr\u00eamement doux et d\u00e9licieux, qui ne manque pas de saveur. Cette filtration avanc\u00e9e r\u00e9duit \u00e9galement les \u00e9claboussures, garantissant une exp\u00e9rience de vaporisation propre et agr\u00e9able \u00e0 chaque fois.<\/p>\n<p>Chaque recycleur antique \u00e0 cornes est soigneusement fabriqu\u00e9 \u00e0 partir de verre borosilicat\u00e9 de haute qualit\u00e9, r\u00e9put\u00e9 pour sa robustesse et sa r\u00e9sistance \u00e0 la chaleur. Cela permet \u00e0 votre appareil de r\u00e9sister aux rigueurs d'une utilisation courante tout en pr\u00e9servant son aspect impeccable. Les informations complexes, des cornes \u00e9l\u00e9gamment incurv\u00e9es aux accents vifs et vibrants, t\u00e9moignent de l'habilet\u00e9 du travail accompli pour cr\u00e9er chaque article. Que vous soyez un droguiste exp\u00e9riment\u00e9 ou que vous d\u00e9couvriez le monde des concentr\u00e9s, les pipes en verre Horned Antique Recycler constituent un excellent m\u00e9lange de forme et de fonction, garantissant une exp\u00e9rience de droguiste de qualit\u00e9 sup\u00e9rieure, aussi spectaculaire sur le plan esth\u00e9tique qu'agr\u00e9able sur le plan esth\u00e9tique.<\/p>","protected":false},"excerpt":{"rendered":"<p>Elevate your dabbing experience with these Horned Heirloom Recycler Dab Rigs. Featuring intricate glass horn details and a smooth recycling function, these unique glass water pipes offer both stunning aesthetics and premium filtration. Available in various eye-catching colors. On sale now<\/p>","protected":false},"featured_media":1795,"comment_status":"open","ping_status":"closed","template":"","meta":[],"product_brand":[],"product_cat":[41],"product_tag":[377,155,189],"class_list":{"0":"post-1794","1":"product","2":"type-product","3":"status-publish","4":"has-post-thumbnail","6":"product_cat-dab-oil-rigs","7":"product_tag-dab-oil","8":"product_tag-dab-oil-rigs","9":"product_tag-dab-rigs","11":"first","12":"instock","13":"shipping-taxable","14":"purchasable","15":"product-type-variable"},"_links":{"self":[{"href":"https:\/\/buyegglass.com\/fr\/wp-json\/wp\/v2\/product\/1794","targetHints":{"allow":["GET"]}}],"collection":[{"href":"https:\/\/buyegglass.com\/fr\/wp-json\/wp\/v2\/product"}],"about":[{"href":"https:\/\/buyegglass.com\/fr\/wp-json\/wp\/v2\/types\/product"}],"replies":[{"embeddable":true,"href":"https:\/\/buyegglass.com\/fr\/wp-json\/wp\/v2\/comments?post=1794"}],"wp:featuredmedia":[{"embeddable":true,"href":"https:\/\/buyegglass.com\/fr\/wp-json\/wp\/v2\/media\/1795"}],"wp:attachment":[{"href":"https:\/\/buyegglass.com\/fr\/wp-json\/wp\/v2\/media?parent=1794"}],"wp:term":[{"taxonomy":"product_brand","embeddable":true,"href":"https:\/\/buyegglass.com\/fr\/wp-json\/wp\/v2\/product_brand?post=1794"},{"taxonomy":"product_cat","embeddable":true,"href":"https:\/\/buyegglass.com\/fr\/wp-json\/wp\/v2\/product_cat?post=1794"},{"taxonomy":"product_tag","embeddable":true,"href":"https:\/\/buyegglass.com\/fr\/wp-json\/wp\/v2\/product_tag?post=1794"}],"curies":[{"name":"wp","href":"https:\/\/api.w.org\/{rel}","templated":true}]}}