{"id":1773,"date":"2025-09-16T08:55:18","date_gmt":"2025-09-16T08:55:18","guid":{"rendered":"https:\/\/buyegglass.com\/?post_type=product&#038;p=1773"},"modified":"2025-10-08T13:26:02","modified_gmt":"2025-10-08T13:26:02","slug":"bong-bowls-slides-borosilicate-egb46-surfing-handle-glass","status":"publish","type":"product","link":"https:\/\/buyegglass.com\/fr\/product\/bong-bowls-slides-borosilicate-egb46-surfing-handle-glass\/","title":{"rendered":"Bong Bowls &amp; Slides Borosilicate EGB46 Surfing Handle Glass"},"content":{"rendered":"<h2>Bong Bowls &amp; Slides Borosilicate EGB46 Surfing Handle Glass<\/h2>\n<p>Aventurez-vous dans des s\u00e9ances de tabagisme remarquables avec les bols de bong en verre et les lames EGB46. Fabriqu\u00e9s avec soin \u00e0 partir de verre borosilicat\u00e9 de qualit\u00e9 sup\u00e9rieure, ces bols sont con\u00e7us pour \u00eatre robustes et r\u00e9sistants \u00e0 la chaleur, ce qui garantit un ajout durable et de qualit\u00e9 \u00e0 votre collection. Chaque article est un chef-d'\u0153uvre sp\u00e9cial, transformant un dispositif pratique en une d\u00e9claration personnelle qui refl\u00e8te votre style individuel.<\/p>\n<p>La fonction la plus remarquable de ces bols est la poign\u00e9e de surf d\u00e9licatement form\u00e9e. Cette forme cr\u00e9ative et originale n'est pas seulement attrayante sur le plan esth\u00e9tique, elle est aussi tr\u00e8s utile, car elle offre une prise prot\u00e9g\u00e9e et confortable qui facilite l'\u00e9limination des d\u00e9chets. Disponible dans un large \u00e9ventail de couleurs et de motifs, des tourbillons plan\u00e9taires aux couleurs vives et unies, chaque bol raconte sa propre histoire. Le savoir-faire artistique appara\u00eet dans chaque information, des lignes liquides de la vague d\u00e9ferlante au num\u00e9ro de navigation captivant qui embellit chaque pi\u00e8ce.<\/p>\n<p>Con\u00e7us pour offrir un charme esth\u00e9tique et des performances optimales, les bols EGB46 garantissent une exp\u00e9rience douce et d\u00e9licieuse. La forme du bol, d\u00e9velopp\u00e9e avec soin, permet une fusion et un flux d'air constant, ce qui am\u00e9liore la saveur des herbes cueillies. Convenant \u00e0 une vari\u00e9t\u00e9 de bongs bowls &amp; slides, ces slides sont une am\u00e9lioration polyvalente qui apporte \u00e0 la fois de la personnalit\u00e9 et des caract\u00e9ristiques sup\u00e9rieures \u00e0 votre installation. Que vous cherchiez \u00e0 remplacer un bol ordinaire ou \u00e0 enrichir votre collection avec un objet d'art en verre utile, le Browsing Take Care Of Glass Dish est la meilleure s\u00e9lection pour les fumeurs de cigarettes exigeants qui appr\u00e9cient la pens\u00e9e cr\u00e9ative et la haute qualit\u00e9.<\/p>","protected":false},"excerpt":{"rendered":"<p>Catch a wave with this borosilicate glass bong bowls &amp; slides . Featuring a creative surfing handle, this slide is both functional and a work of art. The colorful details and sturdy construction make it a standout accessory for any water pipe.<\/p>","protected":false},"featured_media":1776,"comment_status":"open","ping_status":"closed","template":"","meta":[],"product_brand":[],"product_cat":[45],"product_tag":[159,375,376],"class_list":{"0":"post-1773","1":"product","2":"type-product","3":"status-publish","4":"has-post-thumbnail","6":"product_cat-bong-bowls-slides","7":"product_tag-bong-bowls","8":"product_tag-bong-bowls-slides","9":"product_tag-glass-bong-bowls","11":"first","12":"instock","13":"shipping-taxable","14":"purchasable","15":"product-type-variable"},"_links":{"self":[{"href":"https:\/\/buyegglass.com\/fr\/wp-json\/wp\/v2\/product\/1773","targetHints":{"allow":["GET"]}}],"collection":[{"href":"https:\/\/buyegglass.com\/fr\/wp-json\/wp\/v2\/product"}],"about":[{"href":"https:\/\/buyegglass.com\/fr\/wp-json\/wp\/v2\/types\/product"}],"replies":[{"embeddable":true,"href":"https:\/\/buyegglass.com\/fr\/wp-json\/wp\/v2\/comments?post=1773"}],"wp:featuredmedia":[{"embeddable":true,"href":"https:\/\/buyegglass.com\/fr\/wp-json\/wp\/v2\/media\/1776"}],"wp:attachment":[{"href":"https:\/\/buyegglass.com\/fr\/wp-json\/wp\/v2\/media?parent=1773"}],"wp:term":[{"taxonomy":"product_brand","embeddable":true,"href":"https:\/\/buyegglass.com\/fr\/wp-json\/wp\/v2\/product_brand?post=1773"},{"taxonomy":"product_cat","embeddable":true,"href":"https:\/\/buyegglass.com\/fr\/wp-json\/wp\/v2\/product_cat?post=1773"},{"taxonomy":"product_tag","embeddable":true,"href":"https:\/\/buyegglass.com\/fr\/wp-json\/wp\/v2\/product_tag?post=1773"}],"curies":[{"name":"wp","href":"https:\/\/api.w.org\/{rel}","templated":true}]}}