{"id":1761,"date":"2025-09-16T08:41:48","date_gmt":"2025-09-16T08:41:48","guid":{"rendered":"https:\/\/buyegglass.com\/?post_type=product&#038;p=1761"},"modified":"2025-10-10T09:49:16","modified_gmt":"2025-10-10T09:49:16","slug":"ash-catcher-bongs-ega10-bright-horn-borosilicate-glass","status":"publish","type":"product","link":"https:\/\/buyegglass.com\/fr\/product\/ash-catcher-bongs-ega10-bright-horn-borosilicate-glass\/","title":{"rendered":"Ash Catcher Bongs EGA10 Bright Horn Borosilicate Glass"},"content":{"rendered":"<h2 id=\"elevate-your-smoking-experience-with-the-ega10-bright-horn-ash-catcher-by-eg-glass\">Ash Catcher Bongs EGA10 Bright Horn Borosilicate Glass<\/h2>\n<p>Voici l'EGA10 Bright Horn Ash Catcher, un accessoire vif et essentiel con\u00e7u pour r\u00e9inventer vos sessions de fumage de cigarettes. Cet article attrayant d'EG Glass int\u00e8gre des attraits esth\u00e9tiques vivants avec des performances \u00e9lev\u00e9es, garantissant que votre bang reste propre tout en d\u00e9livrant des coups extr\u00eamement doux. C'est l'am\u00e9lioration parfaite pour tout type d'amateur cherchant \u00e0 ajouter une touche de couleur et une couche suppl\u00e9mentaire de filtrage \u00e0 ses pipes pr\u00e9f\u00e9r\u00e9es.<\/p>\n<p>Fabriqu\u00e9 en verre borosilicat\u00e9 de premi\u00e8re qualit\u00e9 et r\u00e9sistant \u00e0 la chaleur, l'EGA10 est con\u00e7u pour \u00eatre robuste et efficace. Ce produit co\u00fbteux est r\u00e9put\u00e9 pour sa capacit\u00e9 \u00e0 supporter les contraintes thermiques et l'anxi\u00e9t\u00e9, ce qui garantit que le r\u00e9cup\u00e9rateur de cendres peut \u00eatre utilis\u00e9 quotidiennement tout en pr\u00e9servant la puret\u00e9 du go\u00fbt de vos produits. Sa construction solide est imm\u00e9diatement apparente, mais il reste d'une l\u00e9g\u00e8ret\u00e9 impressionnante avec seulement 93 grammes, \u00e9vitant toute tension excessive sur l'articulation de votre bang.<\/p>\n<p>La caract\u00e9ristique principale de l'EGA10 est son design unique, d\u00e9fini par des cornes vibrantes et vives qui se d\u00e9placent \u00e9l\u00e9gamment sur le c\u00f4t\u00e9. Disponible dans une vari\u00e9t\u00e9 de combinaisons de teintes brillantes, ce capteur de cendres est une pi\u00e8ce de choix qui permet l'expression individuelle. Au-del\u00e0 de son apparence frappante, l'EGA10 est con\u00e7u pour une fonction optimale. Il comprend un joint \u00e0 90 degr\u00e9s, ce qui le rend compatible avec un grand nombre de bongs \u00e0 tige verticale.<\/p>\n<p>Au fond, un capteur de cendres sert \u00e0 attraper les cendres et les d\u00e9bris avant qu'ils n'atteignent la chambre principale de votre bang, ce qui r\u00e9duit consid\u00e9rablement la n\u00e9cessit\u00e9 d'un nettoyage r\u00e9gulier et fastidieux. L'EGA10 se distingue par cette caract\u00e9ristique principale, mais il am\u00e9liore \u00e9galement la qualit\u00e9 de chaque inhalation. En ajoutant une chambre \u00e0 eau suppl\u00e9mentaire, il offre une \u00e9tape suppl\u00e9mentaire de percolation, qui refroidit et filtre la fum\u00e9e pour une exp\u00e9rience plus douce et moins rugueuse. Il en r\u00e9sulte des bouff\u00e9es plus nettes et plus douces pour la gorge et les poumons. D'une taille compacte de 4,33 pouces, il offre une filtration puissante sans ajouter de masse d\u00e9sagr\u00e9able \u00e0 votre configuration.<\/p>","protected":false},"excerpt":{"rendered":"<p>Elevate your bong with the EGA10 Bright Horn Ash Catcher by EG Glass. Made from durable borosilicate glass, this vibrant accessory features a unique double-horn handle design. It effectively traps ash and debris, ensuring cleaner, smoother hits while adding a splash of color to your setup.<\/p>","protected":false},"featured_media":1767,"comment_status":"open","ping_status":"closed","template":"","meta":[],"product_brand":[],"product_cat":[44],"product_tag":[103,373,374],"class_list":{"0":"post-1761","1":"product","2":"type-product","3":"status-publish","4":"has-post-thumbnail","6":"product_cat-ash-catcher","7":"product_tag-ash-catcher","8":"product_tag-ash-catcher-bongs","9":"product_tag-glass-ash-catcher","11":"first","12":"instock","13":"shipping-taxable","14":"purchasable","15":"product-type-variable"},"_links":{"self":[{"href":"https:\/\/buyegglass.com\/fr\/wp-json\/wp\/v2\/product\/1761","targetHints":{"allow":["GET"]}}],"collection":[{"href":"https:\/\/buyegglass.com\/fr\/wp-json\/wp\/v2\/product"}],"about":[{"href":"https:\/\/buyegglass.com\/fr\/wp-json\/wp\/v2\/types\/product"}],"replies":[{"embeddable":true,"href":"https:\/\/buyegglass.com\/fr\/wp-json\/wp\/v2\/comments?post=1761"}],"wp:featuredmedia":[{"embeddable":true,"href":"https:\/\/buyegglass.com\/fr\/wp-json\/wp\/v2\/media\/1767"}],"wp:attachment":[{"href":"https:\/\/buyegglass.com\/fr\/wp-json\/wp\/v2\/media?parent=1761"}],"wp:term":[{"taxonomy":"product_brand","embeddable":true,"href":"https:\/\/buyegglass.com\/fr\/wp-json\/wp\/v2\/product_brand?post=1761"},{"taxonomy":"product_cat","embeddable":true,"href":"https:\/\/buyegglass.com\/fr\/wp-json\/wp\/v2\/product_cat?post=1761"},{"taxonomy":"product_tag","embeddable":true,"href":"https:\/\/buyegglass.com\/fr\/wp-json\/wp\/v2\/product_tag?post=1761"}],"curies":[{"name":"wp","href":"https:\/\/api.w.org\/{rel}","templated":true}]}}