{"id":1746,"date":"2025-09-16T08:28:48","date_gmt":"2025-09-16T08:28:48","guid":{"rendered":"https:\/\/buyegglass.com\/?post_type=product&#038;p=1746"},"modified":"2025-10-10T08:30:49","modified_gmt":"2025-10-10T08:30:49","slug":"straight-tube-bongs-borosilicate-glass-18-in-inline-perc","status":"publish","type":"product","link":"https:\/\/buyegglass.com\/fr\/product\/straight-tube-bongs-borosilicate-glass-18-in-inline-perc\/","title":{"rendered":"Straight Tube Bongs Verre Borosilicate 18 Inline Perc"},"content":{"rendered":"<h2>Straight Tube Bongs Verre Borosilicate 18 Inline Perc<\/h2>\n<p>Boostez vos sessions de fumage avec le Straight Tube Borosilicate Glass Bongs, d'une taille de 18 pouces. Cet article est soigneusement con\u00e7u pour offrir une exp\u00e9rience in\u00e9gal\u00e9e, en incorporant un style traditionnel avec un syst\u00e8me de filtrage moderne. Sa hauteur imposante ne se contente pas de faire une d\u00e9claration esth\u00e9tique, elle permet \u00e9galement un volume de fum\u00e9e philanthropique, motivant des coups puissants et gratifiants.<\/p>\n<p>Robustesse sup\u00e9rieure et pr\u00e9f\u00e9rence pure : D\u00e9velopp\u00e9 \u00e0 partir de verre borosilicat\u00e9 de haute qualit\u00e9, ce bong \u00e0 tube droit est con\u00e7u pour \u00eatre r\u00e9sistant. Le verre borosilicat\u00e9 est r\u00e9put\u00e9 pour sa solidit\u00e9 sensationnelle et sa r\u00e9sistance aux chocs thermiques, ce qui montre qu'il peut supporter des temp\u00e9ratures \u00e9lev\u00e9es sans se fracturer ni s'ab\u00eemer. Ce mat\u00e9riau co\u00fbteux garantit \u00e9galement un go\u00fbt pur et intact de vos herbes naturelles totalement s\u00e8ches, car il n'est pas poreux et \u00e9vite l'absorption d'odeurs et de d\u00e9p\u00f4ts.<\/p>\n<p>Filtrage avanc\u00e9 pour des coups plus faciles : Le c\u0153ur de ce bong \u00e0 tube droit est son percolateur en ligne. Ce tube droit avec des fentes coup\u00e9es avec pr\u00e9cision diffuse la fum\u00e9e \u00e0 travers l'eau, en la simplifiant en bulles plus petites. Cette proc\u00e9dure augmente consid\u00e9rablement la surface de la fum\u00e9e qui entre en contact avec l'eau, ce qui entra\u00eene une climatisation et une purification remarquables. Le r\u00e9sultat est une inhalation exceptionnellement douce et soign\u00e9e, d\u00e9pourvue de cruaut\u00e9 et de toxines.<\/p>\n<p>Un design intemporel pour des performances modernes : Le design du tube droit est un standard intemporel, pr\u00e9f\u00e9r\u00e9 pour sa diffusion directe et rapide de la fum\u00e9e. Cette forme structur\u00e9e rend les bongs \u00e0 tube droit faciles \u00e0 utiliser et \u00e0 nettoyer, tandis que la taille de 18 pouces laisse suffisamment d'espace pour que la fum\u00e9e refroidisse avant d'arriver jusqu'\u00e0 vous. La base, l'embout et le percolateur sont rehauss\u00e9s d'une s\u00e9rie de couleurs vives, ce qui ajoute une touche de design individuel \u00e0 l'aspect clinique. Que vous soyez un amateur exp\u00e9riment\u00e9 ou un nouveau venu dans le monde des bongs \u00e0 tube droit, ce bong \u00e0 tube droit avec percolateur en ligne de 18 pouces est une combinaison id\u00e9ale d'\u00e9l\u00e9gance, de fonctionnalit\u00e9 et de long\u00e9vit\u00e9.<\/p>","protected":false},"excerpt":{"rendered":"<p>Experience smooth, filtered hits with our 18&#8243; Straight Tube Bongs. Crafted from durable borosilicate glass, it features an inline perc for exceptional diffusion and a stable base. Available in various colors to match your style. Enjoy a cleaner, cooler smoke every time.<\/p>","protected":false},"featured_media":3869,"comment_status":"open","ping_status":"closed","template":"","meta":[],"product_brand":[],"product_cat":[40],"product_tag":[372,371,370],"class_list":{"0":"post-1746","1":"product","2":"type-product","3":"status-publish","4":"has-post-thumbnail","6":"product_cat-straight-tube-bongs","7":"product_tag-18-in-straight-tube-bongs","8":"product_tag-glass-straight-tube-bongs","9":"product_tag-straight-tube-bongs","11":"first","12":"instock","13":"shipping-taxable","14":"purchasable","15":"product-type-variable"},"_links":{"self":[{"href":"https:\/\/buyegglass.com\/fr\/wp-json\/wp\/v2\/product\/1746","targetHints":{"allow":["GET"]}}],"collection":[{"href":"https:\/\/buyegglass.com\/fr\/wp-json\/wp\/v2\/product"}],"about":[{"href":"https:\/\/buyegglass.com\/fr\/wp-json\/wp\/v2\/types\/product"}],"replies":[{"embeddable":true,"href":"https:\/\/buyegglass.com\/fr\/wp-json\/wp\/v2\/comments?post=1746"}],"wp:featuredmedia":[{"embeddable":true,"href":"https:\/\/buyegglass.com\/fr\/wp-json\/wp\/v2\/media\/3869"}],"wp:attachment":[{"href":"https:\/\/buyegglass.com\/fr\/wp-json\/wp\/v2\/media?parent=1746"}],"wp:term":[{"taxonomy":"product_brand","embeddable":true,"href":"https:\/\/buyegglass.com\/fr\/wp-json\/wp\/v2\/product_brand?post=1746"},{"taxonomy":"product_cat","embeddable":true,"href":"https:\/\/buyegglass.com\/fr\/wp-json\/wp\/v2\/product_cat?post=1746"},{"taxonomy":"product_tag","embeddable":true,"href":"https:\/\/buyegglass.com\/fr\/wp-json\/wp\/v2\/product_tag?post=1746"}],"curies":[{"name":"wp","href":"https:\/\/api.w.org\/{rel}","templated":true}]}}