{"id":3,"date":"2025-05-28T11:35:58","date_gmt":"2025-05-28T11:35:58","guid":{"rendered":"https:\/\/buyegglass.com\/?page_id=3"},"modified":"2025-10-09T08:24:28","modified_gmt":"2025-10-09T08:24:28","slug":"privacy-policy","status":"publish","type":"page","link":"https:\/\/buyegglass.com\/fr\/privacy-policy\/","title":{"rendered":"Politique de confidentialit\u00e9"},"content":{"rendered":"<p>L'\u00e9quipe de Buyegglass s'engage \u00e0 respecter votre vie priv\u00e9e et la s\u00e9curit\u00e9 de vos informations personnelles. En tant qu'entreprise en ligne, nous nous effor\u00e7ons de rendre votre exp\u00e9rience d'achat en ligne \u00e0 la fois s\u00fbre et agr\u00e9able.  Lorsque vous visitez <a href=\"https:\/\/buyegglass.com\/fr\/\">buyegglass.com<\/a> nous collectons automatiquement des informations pour l'usage du site web uniquement lorsque vous naviguez dans notre catalogue. Ces informations sont utilis\u00e9es pour surveiller notre site web afin d'am\u00e9liorer continuellement notre boutique en ligne et de vous offrir une exp\u00e9rience d'achat plus rapide et plus transparente.  \u00c9tant donn\u00e9 que nous recueillons certaines informations, nous estimons qu'il est n\u00e9cessaire de partager et de vous expliquer ce qui est recueilli et comment cela est utilis\u00e9.<\/p>\n\n\n\n<h4 class=\"wp-block-heading\"><strong><strong>Informations recueillies pour les achats en ligne<\/strong><\/strong><\/h4>\n\n\n\n<ul class=\"wp-block-list\">\n<li>Pr\u00e9nom\/Nom<\/li>\n\n\n\n<li>Adresse de facturation\/exp\u00e9dition<\/li>\n\n\n\n<li>Adresse \u00e9lectronique<\/li>\n\n\n\n<li>Num\u00e9ro de carte de cr\u00e9dit (Nous ne voyons que les 4 derniers chiffres)<\/li>\n<\/ul>\n\n\n\n<p>Toutes vos informations personnelles sont prot\u00e9g\u00e9es par des param\u00e8tres de s\u00e9curit\u00e9 de haute qualit\u00e9, y compris les informations du panier d'achat et toutes les informations relatives \u00e0 la carte de cr\u00e9dit ou \u00e0 l'adresse. Ces informations sont transmises par des param\u00e8tres de s\u00e9curit\u00e9 de haute qualit\u00e9 qui incluent une connexion SSL (Secure Socket Link) pour un processus de paiement s\u00e9curis\u00e9.<\/p>\n\n\n\n<p class=\"has-palette-color-3-color has-text-color has-link-color wp-elements-feaef86bf0831ca7accbc0e298cd9d73\"><strong>Ces informations ne sont utilis\u00e9es que pour ex\u00e9cuter votre commande, traiter votre paiement, g\u00e9rer les exp\u00e9ditions et d'autres activit\u00e9s li\u00e9es \u00e0 l'ex\u00e9cution de votre transaction.<\/strong><\/p>\n\n\n\n<h4 class=\"wp-block-heading\"><strong><strong>Informations sur les courriels<\/strong><\/strong><\/h4>\n\n\n\n<p>L'adresse \u00e9lectronique que vous fournissez pour vous inscrire \u00e0 notre bulletin d'information \u00e9lectrique gratuit ou lors de vos achats peut \u00eatre utilis\u00e9e pour vous envoyer des informations et des mises \u00e0 jour concernant votre commande ou votre demande, en plus de recevoir occasionnellement des nouvelles de l'entreprise, des mises \u00e0 jour, des promotions, des informations sur des produits ou des services connexes, etc.<\/p>\n\n\n\n<p><strong>Nous ne vendrons ou n'\u00e9changerons JAMAIS d'informations (email, personnelles, CC, etc.) sur un utilisateur individuel \u00e0 une tierce partie.  Votre vie priv\u00e9e est un droit inh\u00e9rent et nous le respectons.<\/strong><\/p>\n\n\n\n<h4 class=\"wp-block-heading\"><strong>Votre adresse IP et les cookies<\/strong><\/h4>\n\n\n\n<p>Les adresses IP sont utilis\u00e9es par votre ordinateur chaque fois que vous \u00eates connect\u00e9 \u00e0 l'internet. Votre adresse IP est un num\u00e9ro utilis\u00e9 par les ordinateurs du r\u00e9seau pour identifier votre ordinateur. Les adresses IP sont automatiquement collect\u00e9es par nos serveurs web afin de pr\u00e9venir les activit\u00e9s et les transactions frauduleuses et de prot\u00e9ger votre vie priv\u00e9e.<br>Afin d'am\u00e9liorer votre exp\u00e9rience sur notre site web, nombre de nos pages web utilisent des \"cookies\" de premi\u00e8re ou de tierce partie. Les cookies sont des fichiers texte que nous pla\u00e7ons dans le navigateur de votre ordinateur pour m\u00e9moriser vos pr\u00e9f\u00e9rences et faciliter certaines fonctions de notre site web. Par exemple, pour acheter un produit sur notre site web, vous ajoutez des articles \u00e0 votre panier et passez ensuite \u00e0 la caisse. Nous utilisons des cookies pour que notre site web vous reconnaisse et suive l'\u00e9tat de votre commande lorsque vous naviguez dans le processus de paiement, et pour que le contenu de votre panier reste disponible si vous revenez faire des achats apr\u00e8s avoir quitt\u00e9 la session. Nous utilisons \u00e9galement des cookies pour comprendre l'utilisation du site et pour am\u00e9liorer le contenu et les offres sur le site de <a href=\"https:\/\/buyegglass.com\/fr\/\">Acheterunverre.com<\/a>. Lorsque les visiteurs viennent \u00e0 <a href=\"https:\/\/buyegglass.com\/fr\/\">Acheterunverre.com<\/a>En outre, des tiers (tels que AdRoll) peuvent placer des cookies sur leurs navigateurs \u00e0 des fins de publicit\u00e9 cibl\u00e9e.<\/p>\n\n\n\n<h4 class=\"wp-block-heading\"><strong>Comment nous vous prot\u00e9geons, vous et vos informations ?<\/strong><\/h4>\n\n\n\n<p>Les informations du panier d'achat, y compris les informations relatives \u00e0 la carte de cr\u00e9dit ou \u00e0 l'adresse, sont transmises en toute s\u00e9curit\u00e9 par le biais d'un support s\u00e9curis\u00e9 connu sous le nom de Secure Sockets Layer (SSL). Cette couche s\u00e9curis\u00e9e fournit un cryptage allant jusqu'\u00e0 256 bits, ce qui constitue le moyen le plus s\u00fbr de transmettre des informations sur l'internet. Nous ne transmettons pas d'informations financi\u00e8res par courrier \u00e9lectronique. Si vous utilisez notre formulaire en ligne, vos informations financi\u00e8res sont crypt\u00e9es de sorte que m\u00eame les employ\u00e9s n'ont pas acc\u00e8s \u00e0 votre num\u00e9ro de compte de cr\u00e9dit, de d\u00e9bit, de paiement ou de ch\u00e8que \u00e9lectronique. Les informations relatives aux commandes sont stock\u00e9es dans une zone prot\u00e9g\u00e9e par un mot de passe, accessible uniquement par le personnel autoris\u00e9. S'il vous pla\u00eet<a href=\"https:\/\/buyegglass.com\/fr\/contact\/\" data-type=\"page\" data-id=\"547\">&nbsp;nous contacter<\/a>&nbsp;si vous avez des questions ou des inqui\u00e9tudes.<\/p>","protected":false},"excerpt":{"rendered":"<p>The team at Buyegglass is&nbsp;committed to respecting your privacy and the security of your personal information. As an online business, we strive to make your online shopping experience both safe and enjoyable.&nbsp;&nbsp;When you visit buyegglass.com we automatically collect information for website use only as you browse through our catalog. This information is used to monitor [&hellip;]<\/p>\n","protected":false},"author":1,"featured_media":0,"parent":0,"menu_order":0,"comment_status":"closed","ping_status":"open","template":"","meta":{"footnotes":""},"class_list":["post-3","page","type-page","status-publish","hentry"],"blocksy_meta":[],"_links":{"self":[{"href":"https:\/\/buyegglass.com\/fr\/wp-json\/wp\/v2\/pages\/3","targetHints":{"allow":["GET"]}}],"collection":[{"href":"https:\/\/buyegglass.com\/fr\/wp-json\/wp\/v2\/pages"}],"about":[{"href":"https:\/\/buyegglass.com\/fr\/wp-json\/wp\/v2\/types\/page"}],"author":[{"embeddable":true,"href":"https:\/\/buyegglass.com\/fr\/wp-json\/wp\/v2\/users\/1"}],"replies":[{"embeddable":true,"href":"https:\/\/buyegglass.com\/fr\/wp-json\/wp\/v2\/comments?post=3"}],"version-history":[{"count":0,"href":"https:\/\/buyegglass.com\/fr\/wp-json\/wp\/v2\/pages\/3\/revisions"}],"wp:attachment":[{"href":"https:\/\/buyegglass.com\/fr\/wp-json\/wp\/v2\/media?parent=3"}],"curies":[{"name":"wp","href":"https:\/\/api.w.org\/{rel}","templated":true}]}}