{"id":2206,"date":"2025-09-19T01:31:22","date_gmt":"2025-09-19T01:31:22","guid":{"rendered":"https:\/\/buyegglass.com\/?page_id=2206"},"modified":"2025-10-09T08:34:02","modified_gmt":"2025-10-09T08:34:02","slug":"shipping-protection","status":"publish","type":"page","link":"https:\/\/buyegglass.com\/fr\/shipping-protection\/","title":{"rendered":"Protection de l'exp\u00e9dition"},"content":{"rendered":"<p><strong>Protection contre la pollution<\/strong>\u00a0vous apporte la tranquillit\u00e9 d'esprit tout en vous faisant gagner du temps et de l'argent.<\/p>\n\n\n\n<h4 class=\"wp-block-heading\">Protection de l'exp\u00e9dition<\/h4>\n\n\n\n<p>Couverture en cas de dommage pendant le transport, de vol ou de non-r\u00e9ception du colis.<\/p>\n\n\n\n<h4 class=\"wp-block-heading\">R\u00e9solution instantan\u00e9e des probl\u00e8mes<\/h4>\n\n\n\n<p>Obtenez un remboursement ou un remplacement apr\u00e8s confirmation du probl\u00e8me par notre service client\u00e8le.<\/p>\n\n\n\n<h4 class=\"wp-block-heading\">Assistance 24 heures sur 24 et 7 jours sur 7 pour les demandes d'indemnisation<\/h4>\n\n\n\n<p>Dank Protection est l\u00e0 pour vous d\u00e8s qu'un probl\u00e8me survient - avec un temps de r\u00e9ponse moyen de moins de 24 heures (hors week-end).<\/p>\n\n\n\n<h4 class=\"wp-block-heading\">Pas de tiers<\/h4>\n\n\n\n<p>Notre assurance est propos\u00e9e en interne. Pas de tiers ni de transfert. Contactez notre service client\u00e8le pour une couverture rapide et facile.<\/p>\n\n\n\n<h4 class=\"wp-block-heading\">D\u00e9tails<\/h4>\n\n\n\n<p>La protection des envois de Dank Protection \u00e9tend la couverture des achats en ligne qui sont perdus ou endommag\u00e9s pendant le transport, ou vol\u00e9s imm\u00e9diatement apr\u00e8s la preuve de livraison du transporteur.<\/p>\n\n\n\n<ul class=\"wp-block-list\">\n<li>Si votre commande est retard\u00e9e de plus de 10 jours, nous vous enverrons un produit de remplacement, nous vous rembourserons ou nous vous accorderons un cr\u00e9dit (l'une des options ci-dessus).<\/li>\n\n\n\n<li>Si votre commande est perdue, vol\u00e9e ou arrive endommag\u00e9e, nous vous enverrons un produit de remplacement, vous rembourserons ou vous cr\u00e9diterons le magasin.<\/li>\n\n\n\n<li>R\u00e9solution en moins de 24 heures dans la plupart des cas, hors week-end.<\/li>\n\n\n\n<li>Si votre commande est retard\u00e9e, attendez dix jours avant de d\u00e9poser une r\u00e9clamation. Les envois par USPS subissent souvent des retards. Merci, Gouvernement f\u00e9d\u00e9ral \ud83d\ude15<\/li>\n\n\n\n<li>Si votre commande est arriv\u00e9e endommag\u00e9e, veuillez prendre des photos du colis et des articles endommag\u00e9s, puis contactez notre service client\u00e8le.\u00a0<\/li>\n\n\n\n<li>Pour d\u00e9poser une r\u00e9clamation, veuillez nous envoyer un courriel \u00e0 l'adresse suivante\u00a0<strong><a href=\"https:\/\/buyegglass.com\/fr\/contact\/\" data-type=\"page\" data-id=\"547\">nous contacter<\/a><\/strong>\u00a0ou utilisez notre fonction de chat.<\/li>\n<\/ul>","protected":false},"excerpt":{"rendered":"<p>Dank Protection\u00a0gives you peace of mind while saving you time and money. Shipping Protection Coverage in case your package is damaged in transit, stolen, or doesn&#8217;t arrive. Instant Issue Resolution Get a refund or replacement after issue confirmation by our customer service team. 24\/7 Claim Support Dank Protection is here for you whenever an issue [&hellip;]<\/p>\n","protected":false},"author":1,"featured_media":0,"parent":0,"menu_order":0,"comment_status":"closed","ping_status":"closed","template":"","meta":{"footnotes":""},"class_list":["post-2206","page","type-page","status-publish","hentry"],"blocksy_meta":{"has_hero_section":"default","vertical_spacing_source":"custom","content_area_spacing":"both","styles_descriptor":{"styles":{"desktop":"","tablet":"","mobile":""},"google_fonts":[],"version":6}},"_links":{"self":[{"href":"https:\/\/buyegglass.com\/fr\/wp-json\/wp\/v2\/pages\/2206","targetHints":{"allow":["GET"]}}],"collection":[{"href":"https:\/\/buyegglass.com\/fr\/wp-json\/wp\/v2\/pages"}],"about":[{"href":"https:\/\/buyegglass.com\/fr\/wp-json\/wp\/v2\/types\/page"}],"author":[{"embeddable":true,"href":"https:\/\/buyegglass.com\/fr\/wp-json\/wp\/v2\/users\/1"}],"replies":[{"embeddable":true,"href":"https:\/\/buyegglass.com\/fr\/wp-json\/wp\/v2\/comments?post=2206"}],"version-history":[{"count":0,"href":"https:\/\/buyegglass.com\/fr\/wp-json\/wp\/v2\/pages\/2206\/revisions"}],"wp:attachment":[{"href":"https:\/\/buyegglass.com\/fr\/wp-json\/wp\/v2\/media?parent=2206"}],"curies":[{"name":"wp","href":"https:\/\/api.w.org\/{rel}","templated":true}]}}