{"id":2202,"date":"2025-09-19T01:30:32","date_gmt":"2025-09-19T01:30:32","guid":{"rendered":"https:\/\/buyegglass.com\/?page_id=2202"},"modified":"2025-10-09T08:30:48","modified_gmt":"2025-10-09T08:30:48","slug":"shipping-policy","status":"publish","type":"page","link":"https:\/\/buyegglass.com\/fr\/shipping-policy\/","title":{"rendered":"Politique d'exp\u00e9dition"},"content":{"rendered":"<h4 class=\"wp-block-heading\">Fen\u00eatre d'exp\u00e9dition et de traitement<\/h4>\n\n\n\n<ul class=\"wp-block-list\">\n<li>Toutes les commandes sont g\u00e9n\u00e9ralement livr\u00e9es dans un d\u00e9lai de 3 \u00e0 5 jours ouvrables \u00e0 compter de la date de r\u00e9ception de la commande.\u00a0<em>trait\u00e9<\/em>\u00a0et\u00a0<em>exp\u00e9di\u00e9<\/em>.<\/li>\n\n\n\n<li>Le traitement prend g\u00e9n\u00e9ralement entre 1 et 3 jours ouvrables, en fonction du produit command\u00e9.<\/li>\n\n\n\n<li>Vous recevrez votre commande en g\u00e9n\u00e9ral 5 \u00e0 10 jours apr\u00e8s l'avoir pass\u00e9e.\u00a0<\/li>\n\n\n\n<li>Si votre commande prend plus de temps que pr\u00e9vu, veuillez contacter notre service client\u00e8le.<\/li>\n\n\n\n<li><em>Nous nous ferons un plaisir d'arranger les choses en remboursant les frais de port, en annulant votre commande ou en vous offrant une remise sur une prochaine commande pour vous d\u00e9dommager.<\/em><\/li>\n<\/ul>\n\n\n\n<p>Une fois votre commande emball\u00e9e et l'\u00e9tiquette d'exp\u00e9dition imprim\u00e9e, vous recevrez un courriel contenant votre num\u00e9ro de suivi. Veuillez noter que l'activation du num\u00e9ro de suivi peut prendre jusqu'\u00e0 24 heures.<\/p>\n\n\n\n<h4 class=\"wp-block-heading\">Emballage discret<\/h4>\n\n\n\n<p>Toutes les commandes sont emball\u00e9es et exp\u00e9di\u00e9es dans des bo\u00eetes discr\u00e8tes. Il n'y a pas de marques\/logos\/mots discernables pour identifier le contenu de votre colis.<\/p>\n\n\n\n<h4 class=\"wp-block-heading\">Article(s) endommag\u00e9(s) :<\/h4>\n\n\n\n<p>Buyegglass emballe m\u00e9ticuleusement chaque colis avec le plus grand soin pour s'assurer que vos produits en verre arrivent tels qu'ils ont quitt\u00e9 notre usine - intacts ! Cela dit, il arrive que des accidents soient in\u00e9vitables. Dans le cas tr\u00e8s improbable o\u00f9 vos articles arriveraient endommag\u00e9s, veuillez prendre plusieurs photos de l'article endommag\u00e9, de la bo\u00eete et des mat\u00e9riaux d'emballage, et les envoyer \u00e0 l'adresse suivante <a href=\"https:\/\/buyegglass.com\/fr\/contact\/\" data-type=\"page\" data-id=\"547\">nous contacter<\/a>. Notre \u00e9quipe de service \u00e0 la client\u00e8le prendra grand soin de vous.<\/p>","protected":false},"excerpt":{"rendered":"<p>Shipping and Processing Window Once your order has been packed and the shipping label printed, you will receive an email from us with your tracking number. Please note that it can take up to 24 hours for the tracking number to activate. Discreet Packaging All orders are packed and shipped in discreet plain boxes. There [&hellip;]<\/p>\n","protected":false},"author":1,"featured_media":0,"parent":0,"menu_order":0,"comment_status":"closed","ping_status":"closed","template":"","meta":{"footnotes":""},"class_list":["post-2202","page","type-page","status-publish","hentry"],"blocksy_meta":{"has_hero_section":"default","styles_descriptor":{"styles":{"desktop":"","tablet":"","mobile":""},"google_fonts":[],"version":6},"vertical_spacing_source":"inherit","content_area_spacing":"both"},"_links":{"self":[{"href":"https:\/\/buyegglass.com\/fr\/wp-json\/wp\/v2\/pages\/2202","targetHints":{"allow":["GET"]}}],"collection":[{"href":"https:\/\/buyegglass.com\/fr\/wp-json\/wp\/v2\/pages"}],"about":[{"href":"https:\/\/buyegglass.com\/fr\/wp-json\/wp\/v2\/types\/page"}],"author":[{"embeddable":true,"href":"https:\/\/buyegglass.com\/fr\/wp-json\/wp\/v2\/users\/1"}],"replies":[{"embeddable":true,"href":"https:\/\/buyegglass.com\/fr\/wp-json\/wp\/v2\/comments?post=2202"}],"version-history":[{"count":0,"href":"https:\/\/buyegglass.com\/fr\/wp-json\/wp\/v2\/pages\/2202\/revisions"}],"wp:attachment":[{"href":"https:\/\/buyegglass.com\/fr\/wp-json\/wp\/v2\/media?parent=2202"}],"curies":[{"name":"wp","href":"https:\/\/api.w.org\/{rel}","templated":true}]}}