{"id":19,"date":"2025-09-11T03:34:48","date_gmt":"2025-09-11T03:34:48","guid":{"rendered":"https:\/\/buyegglass.com\/?page_id=19"},"modified":"2025-10-09T08:27:55","modified_gmt":"2025-10-09T08:27:55","slug":"refund_returns","status":"publish","type":"page","link":"https:\/\/buyegglass.com\/fr\/refund_returns\/","title":{"rendered":"Politique de remboursement et de retour"},"content":{"rendered":"<p><b><strong>Nous n'acceptons pas les retours d'articles usag\u00e9s.\u00a0<\/strong>En raison de la nature des produits que nous vendons, nous ne sommes pas en mesure d'accepter les retours d'articles usag\u00e9s ou consommables.<\/b><\/p>\n\n\n\n<p><strong>MAIS, nous ferons tout le reste pour que votre commande soit correcte et que vous soyez satisfait.<\/strong><\/p>\n\n\n\n<p>Si un produit arrive endommag\u00e9 ou si un d\u00e9faut de fabrication est identifi\u00e9, veuillez envoyer un courriel \u00e0 l'adresse suivante <a href=\"https:\/\/buyegglass.com\/fr\/contact\/\" data-type=\"page\" data-id=\"547\">nous contacter<\/a> dans les 48 heures suivant la r\u00e9ception de votre commande. Notre \u00e9quipe sera en mesure de vous fournir un produit de remplacement ou de vous aider \u00e0 faire valoir une garantie de fabrication dans le cas d'un produit \u00e9lectronique d\u00e9fectueux. Une preuve photo ou vid\u00e9o de la casse ou du d\u00e9faut peut \u00eatre exig\u00e9e.\u00a0\u00a0<\/p>\n\n\n\n<p><strong><strong>En utilisant notre site, vous reconnaissez avoir compris et accept\u00e9 notre politique et nos conditions de retour.<\/strong><\/strong><\/p>","protected":false},"excerpt":{"rendered":"<p>We do not accept returns of used items.\u00a0Due to the nature of the products we sell, we are unable to accept returns of used or consumable items. BUT, we will do everything else to make your order right and make you happy. If a product arrives damaged or a manufacturing defect is identified, please send [&hellip;]<\/p>\n","protected":false},"author":1,"featured_media":0,"parent":0,"menu_order":0,"comment_status":"closed","ping_status":"closed","template":"","meta":{"footnotes":""},"class_list":["post-19","page","type-page","status-publish","hentry"],"blocksy_meta":[],"_links":{"self":[{"href":"https:\/\/buyegglass.com\/fr\/wp-json\/wp\/v2\/pages\/19","targetHints":{"allow":["GET"]}}],"collection":[{"href":"https:\/\/buyegglass.com\/fr\/wp-json\/wp\/v2\/pages"}],"about":[{"href":"https:\/\/buyegglass.com\/fr\/wp-json\/wp\/v2\/types\/page"}],"author":[{"embeddable":true,"href":"https:\/\/buyegglass.com\/fr\/wp-json\/wp\/v2\/users\/1"}],"replies":[{"embeddable":true,"href":"https:\/\/buyegglass.com\/fr\/wp-json\/wp\/v2\/comments?post=19"}],"version-history":[{"count":0,"href":"https:\/\/buyegglass.com\/fr\/wp-json\/wp\/v2\/pages\/19\/revisions"}],"wp:attachment":[{"href":"https:\/\/buyegglass.com\/fr\/wp-json\/wp\/v2\/media?parent=19"}],"curies":[{"name":"wp","href":"https:\/\/api.w.org\/{rel}","templated":true}]}}