{"id":4986,"date":"2026-05-09T07:09:50","date_gmt":"2026-05-09T07:09:50","guid":{"rendered":"https:\/\/buyegglass.com\/?post_type=product&#038;p=4986"},"modified":"2026-05-09T07:09:50","modified_gmt":"2026-05-09T07:09:50","slug":"glass-dab-rig-kit-with-510-ceramic-tip-and-silicone-jar","status":"publish","type":"product","link":"https:\/\/buyegglass.com\/es\/product\/glass-dab-rig-kit-with-510-ceramic-tip-and-silicone-jar\/","title":{"rendered":"Kit Dab Rig de vidrio con punta 510 de cer\u00e1mica y tarro de silicona"},"content":{"rendered":"<p>Este kit de dab rig de cristal EG de tama\u00f1o completo est\u00e1 dise\u00f1ado para usuarios de concentrados que desean un accesorio para fumar elegante, pr\u00e1ctico y f\u00e1cil de usar. Cada juego incluye una pieza de rosca 510 extra\u00edble, 1 pieza de punta cer\u00e1mica 510 y 1 pieza de tarro de silicona para un almacenamiento y uso c\u00f3modos. El cuerpo de cristal transparente resalta los acentos de color al tiempo que favorece una filtraci\u00f3n suave del agua. Su forma compacta de sobremesa es adecuada para sesiones en casa, exhibici\u00f3n al por menor, tiendas de humo, y los compradores de regalos. Producido por la f\u00e1brica EG Glass, esta pieza combina el soplado de vidrio con habilidad, una construcci\u00f3n duradera y modernas opciones de color para el disfrute diario de concentrados.<\/p>","protected":false},"excerpt":{"rendered":"<p>Full-size EG glass dab rig kit with a removable 510 thread part, 1 ceramic tip and 1 silicone jar. Made for smooth concentrate sessions, easy handling and retail-ready color options in blush pink, purple, blue and lime green.<\/p>","protected":false},"featured_media":4989,"comment_status":"open","ping_status":"closed","template":"","meta":[],"product_brand":[],"product_cat":[840],"product_tag":[944,329,913],"class_list":{"0":"post-4986","1":"product","2":"type-product","3":"status-publish","4":"has-post-thumbnail","6":"product_cat-water-pipe","7":"product_tag-510-ceramic-tip","8":"product_tag-glass-dab-rig","9":"product_tag-smoking-accessories","11":"first","12":"instock","13":"shipping-taxable","14":"purchasable","15":"product-type-variable"},"_links":{"self":[{"href":"https:\/\/buyegglass.com\/es\/wp-json\/wp\/v2\/product\/4986","targetHints":{"allow":["GET"]}}],"collection":[{"href":"https:\/\/buyegglass.com\/es\/wp-json\/wp\/v2\/product"}],"about":[{"href":"https:\/\/buyegglass.com\/es\/wp-json\/wp\/v2\/types\/product"}],"replies":[{"embeddable":true,"href":"https:\/\/buyegglass.com\/es\/wp-json\/wp\/v2\/comments?post=4986"}],"wp:featuredmedia":[{"embeddable":true,"href":"https:\/\/buyegglass.com\/es\/wp-json\/wp\/v2\/media\/4989"}],"wp:attachment":[{"href":"https:\/\/buyegglass.com\/es\/wp-json\/wp\/v2\/media?parent=4986"}],"wp:term":[{"taxonomy":"product_brand","embeddable":true,"href":"https:\/\/buyegglass.com\/es\/wp-json\/wp\/v2\/product_brand?post=4986"},{"taxonomy":"product_cat","embeddable":true,"href":"https:\/\/buyegglass.com\/es\/wp-json\/wp\/v2\/product_cat?post=4986"},{"taxonomy":"product_tag","embeddable":true,"href":"https:\/\/buyegglass.com\/es\/wp-json\/wp\/v2\/product_tag?post=4986"}],"curies":[{"name":"wp","href":"https:\/\/api.w.org\/{rel}","templated":true}]}}