{"id":4770,"date":"2026-05-09T03:30:57","date_gmt":"2026-05-09T03:30:57","guid":{"rendered":"https:\/\/buyegglass.com\/?post_type=product&#038;p=4770"},"modified":"2026-05-09T03:31:09","modified_gmt":"2026-05-09T03:31:09","slug":"eg-glass-pull-clean-glass-nectar-collector","status":"publish","type":"product","link":"https:\/\/buyegglass.com\/es\/product\/eg-glass-pull-clean-glass-nectar-collector\/","title":{"rendered":"Recolector de n\u00e9ctar EG Glass Pull &amp; Clean"},"content":{"rendered":"<p>Pieza de rosca 510 extra\u00edble con 1pieza 510 de punta cer\u00e1mica<\/p>\n<p>Dise\u00f1ado para minoristas y distribuidores, el recolector de n\u00e9ctar EG Glass Pull &amp; Clean combina un cuerpo de vidrio transparente con atrevidos detalles de color para resultar muy atractivo en los estantes. Su delgada boquilla, c\u00e1mara redondeada, puntos de agarre en relieve y base a juego crean una silueta distintiva y f\u00e1cil de manejar. El dise\u00f1o de tirar y limpiar facilita el mantenimiento, mientras que su tama\u00f1o compacto lo hace pr\u00e1ctico para la exposici\u00f3n, el envasado y el uso diario con concentrados legales. Disponible en varias combinaciones de colores profesionales, esta pieza se adapta a los fumaderos que buscan accesorios de cristal para fumar coloridos, fiables y de r\u00e1pida rotaci\u00f3n de una f\u00e1brica capaz de suministrar de forma constante y con frecuentes actualizaciones de estilo.<\/p>","protected":false},"excerpt":{"rendered":"<p>A compact EG Glass Pull &amp; Clean nectar collector featuring a clear chamber, colored mouthpiece, raised grip dots, and matching base. Available in pink, smoke black, lime green, emerald teal, and cobalt blue.<\/p>","protected":false},"featured_media":4785,"comment_status":"open","ping_status":"closed","template":"","meta":[],"product_brand":[],"product_cat":[829],"product_tag":[854,832,853],"class_list":{"0":"post-4770","1":"product","2":"type-product","3":"status-publish","4":"has-post-thumbnail","6":"product_cat-nectar-collector","7":"product_tag-colored-glass-smoking-accessory","8":"product_tag-glass-nectar-collector","9":"product_tag-pull-and-clean-nectar-collector","11":"first","12":"instock","13":"shipping-taxable","14":"purchasable","15":"product-type-variable"},"_links":{"self":[{"href":"https:\/\/buyegglass.com\/es\/wp-json\/wp\/v2\/product\/4770","targetHints":{"allow":["GET"]}}],"collection":[{"href":"https:\/\/buyegglass.com\/es\/wp-json\/wp\/v2\/product"}],"about":[{"href":"https:\/\/buyegglass.com\/es\/wp-json\/wp\/v2\/types\/product"}],"replies":[{"embeddable":true,"href":"https:\/\/buyegglass.com\/es\/wp-json\/wp\/v2\/comments?post=4770"}],"wp:featuredmedia":[{"embeddable":true,"href":"https:\/\/buyegglass.com\/es\/wp-json\/wp\/v2\/media\/4785"}],"wp:attachment":[{"href":"https:\/\/buyegglass.com\/es\/wp-json\/wp\/v2\/media?parent=4770"}],"wp:term":[{"taxonomy":"product_brand","embeddable":true,"href":"https:\/\/buyegglass.com\/es\/wp-json\/wp\/v2\/product_brand?post=4770"},{"taxonomy":"product_cat","embeddable":true,"href":"https:\/\/buyegglass.com\/es\/wp-json\/wp\/v2\/product_cat?post=4770"},{"taxonomy":"product_tag","embeddable":true,"href":"https:\/\/buyegglass.com\/es\/wp-json\/wp\/v2\/product_tag?post=4770"}],"curies":[{"name":"wp","href":"https:\/\/api.w.org\/{rel}","templated":true}]}}