{"id":4741,"date":"2026-05-09T02:58:13","date_gmt":"2026-05-09T02:58:13","guid":{"rendered":"https:\/\/buyegglass.com\/?post_type=product&#038;p=4741"},"modified":"2026-05-09T03:02:37","modified_gmt":"2026-05-09T03:02:37","slug":"pull-clean-bowling-pin-glass-nectar-collector","status":"publish","type":"product","link":"https:\/\/buyegglass.com\/es\/product\/pull-clean-bowling-pin-glass-nectar-collector\/","title":{"rendered":"Colector de N\u00e9ctar Pull &amp; Clean Bowling Pin Glass"},"content":{"rendered":"<p>Este recolector de n\u00e9ctar EG Glass presenta una juguetona silueta de boliche con un cuerpo de cristal de color transparente y un atrevido detalle de banda negra. Dise\u00f1ado con una c\u00f3moda estructura de tirar y limpiar, ofrece un mantenimiento m\u00e1s sencillo a la vez que mantiene un aspecto elegante y listo para exponer. El producto se presenta en varias opciones de color, como verde, rosa, azul, lima y negro, lo que lo hace adecuado para diferentes preferencias de venta al por menor. Cada unidad viene con una punta extra\u00edble y un acento de la marca EG Glass, mientras que el colorido embalaje en caja con ventana ayuda a atraer la atenci\u00f3n en los estantes y protege el producto durante su almacenamiento, manipulaci\u00f3n y exposici\u00f3n al por mayor.<\/p>","protected":false},"excerpt":{"rendered":"<p>A colorful bowling pin-shaped glass nectar collector by EG Glass, featuring a pull-and-clean design, sleek glass body, removable tip, and retail-ready window box. Available in green, pink, blue, lime, and black.<\/p>","protected":false},"featured_media":4749,"comment_status":"open","ping_status":"closed","template":"","meta":[],"product_brand":[],"product_cat":[829],"product_tag":[833,832,834],"class_list":{"0":"post-4741","1":"product","2":"type-product","3":"status-publish","4":"has-post-thumbnail","6":"product_cat-nectar-collector","7":"product_tag-bowling-pin-nectar-collector","8":"product_tag-glass-nectar-collector","9":"product_tag-pull-and-clean-glass-pipe","11":"first","12":"instock","13":"shipping-taxable","14":"purchasable","15":"product-type-variable"},"_links":{"self":[{"href":"https:\/\/buyegglass.com\/es\/wp-json\/wp\/v2\/product\/4741","targetHints":{"allow":["GET"]}}],"collection":[{"href":"https:\/\/buyegglass.com\/es\/wp-json\/wp\/v2\/product"}],"about":[{"href":"https:\/\/buyegglass.com\/es\/wp-json\/wp\/v2\/types\/product"}],"replies":[{"embeddable":true,"href":"https:\/\/buyegglass.com\/es\/wp-json\/wp\/v2\/comments?post=4741"}],"wp:featuredmedia":[{"embeddable":true,"href":"https:\/\/buyegglass.com\/es\/wp-json\/wp\/v2\/media\/4749"}],"wp:attachment":[{"href":"https:\/\/buyegglass.com\/es\/wp-json\/wp\/v2\/media?parent=4741"}],"wp:term":[{"taxonomy":"product_brand","embeddable":true,"href":"https:\/\/buyegglass.com\/es\/wp-json\/wp\/v2\/product_brand?post=4741"},{"taxonomy":"product_cat","embeddable":true,"href":"https:\/\/buyegglass.com\/es\/wp-json\/wp\/v2\/product_cat?post=4741"},{"taxonomy":"product_tag","embeddable":true,"href":"https:\/\/buyegglass.com\/es\/wp-json\/wp\/v2\/product_tag?post=4741"}],"curies":[{"name":"wp","href":"https:\/\/api.w.org\/{rel}","templated":true}]}}