{"id":4023,"date":"2025-10-15T12:06:40","date_gmt":"2025-10-15T12:06:40","guid":{"rendered":"https:\/\/buyegglass.com\/?post_type=product&#038;p=4023"},"modified":"2025-10-15T12:08:48","modified_gmt":"2025-10-15T12:08:48","slug":"esbw2376-eg-glass-eyeball-claw-glass-bong-bowl-promo-code","status":"publish","type":"product","link":"https:\/\/buyegglass.com\/es\/product\/esbw2376-eg-glass-eyeball-claw-glass-bong-bowl-promo-code\/","title":{"rendered":"ESBW2376 C\u00f3digo Promocional EG Glass Eyeball Claw Glass Bong Bowl"},"content":{"rendered":"<h2 id=\"esbw2376-eg-glass-eyeball-claw-bong-dish\">ESBW2376 EG Cuenco de vidrio para pipa de agua con garra de globo ocular<\/h2>\n<p>A\u00f1ade un toque macabramente divertido y \u00fanico a tu bong con el ESBW2376 EG Glass Bong Bowl Eyeball Claw Bong Dish, \u00a1disponible actualmente con un c\u00f3digo promocional! Este extraordinario plato es un verdadero iniciador de discusi\u00f3n, hecho para aparecer como un globo ocular inyectado en sangre sostenido amenazadoramente por un conjunto de vibrantes garras. Cada cuenco cuenta con un globo ocular blanco razonable con los vasos sangu\u00edneos rojos complejos y un estudiante oscuro, hecho a mano de vidrio de primera calidad.<\/p>\n<p>Bong Bowl Alrededor del globo ocular, cinco \u00fanicas garras de cristal de colores brillantes en tonos como amarillo, negro, ecol\u00f3gico o azul, agarran el plato, produciendo un visual llamativo y algo espeluznante. El eslab\u00f3n inferior es de una dimensi\u00f3n convencional, con un tallo de color a juego para una inserci\u00f3n muy f\u00e1cil a la derecha en su pipa de agua. Ofrecido en una gama de tonos de tallo- que consiste en azul, rosa, oscuro respetuoso del medio ambiente, negro, luz respetuoso del medio ambiente, y p\u00farpura- estos cuencos permiten un toque individualizado a su arreglo. Robusto y exquisitamente descrito, este dispositivo \u00fanico en su tipo es excelente para aquellos que les gusta expresar su individualidad e incluir un toque de lo macabro o caprichoso a su colecci\u00f3n de fumar. Hazte ya con el tuyo y haz que tu cachimba llame realmente la atenci\u00f3n.<\/p>","protected":false},"excerpt":{"rendered":"<p>Grab the ESBW2376 EG Glass Eyeball Claw Bong Bowl with a promo code! This unique glass bowl features a detailed, bloodshot eyeball held by vibrant claws, with a matching colored stem. Add a spooky or whimsical touch to your bong.<\/p>","protected":false},"featured_media":4031,"comment_status":"open","ping_status":"closed","template":"","meta":[],"product_brand":[],"product_cat":[45],"product_tag":[421,420,422],"class_list":{"0":"post-4023","1":"product","2":"type-product","3":"status-publish","4":"has-post-thumbnail","6":"product_cat-bong-bowls-slides","7":"product_tag-claw-bong-bowl","8":"product_tag-eyeball-bong-bowl","9":"product_tag-glass-bong-accessory","11":"first","12":"instock","13":"shipping-taxable","14":"purchasable","15":"product-type-variable"},"_links":{"self":[{"href":"https:\/\/buyegglass.com\/es\/wp-json\/wp\/v2\/product\/4023","targetHints":{"allow":["GET"]}}],"collection":[{"href":"https:\/\/buyegglass.com\/es\/wp-json\/wp\/v2\/product"}],"about":[{"href":"https:\/\/buyegglass.com\/es\/wp-json\/wp\/v2\/types\/product"}],"replies":[{"embeddable":true,"href":"https:\/\/buyegglass.com\/es\/wp-json\/wp\/v2\/comments?post=4023"}],"wp:featuredmedia":[{"embeddable":true,"href":"https:\/\/buyegglass.com\/es\/wp-json\/wp\/v2\/media\/4031"}],"wp:attachment":[{"href":"https:\/\/buyegglass.com\/es\/wp-json\/wp\/v2\/media?parent=4023"}],"wp:term":[{"taxonomy":"product_brand","embeddable":true,"href":"https:\/\/buyegglass.com\/es\/wp-json\/wp\/v2\/product_brand?post=4023"},{"taxonomy":"product_cat","embeddable":true,"href":"https:\/\/buyegglass.com\/es\/wp-json\/wp\/v2\/product_cat?post=4023"},{"taxonomy":"product_tag","embeddable":true,"href":"https:\/\/buyegglass.com\/es\/wp-json\/wp\/v2\/product_tag?post=4023"}],"curies":[{"name":"wp","href":"https:\/\/api.w.org\/{rel}","templated":true}]}}