{"id":3986,"date":"2025-10-15T11:36:31","date_gmt":"2025-10-15T11:36:31","guid":{"rendered":"https:\/\/buyegglass.com\/?post_type=product&#038;p=3986"},"modified":"2025-10-15T11:36:31","modified_gmt":"2025-10-15T11:36:31","slug":"custom-eg-21-cactus-wig-wag-ball-rig-limited-time-offer","status":"publish","type":"product","link":"https:\/\/buyegglass.com\/es\/product\/custom-eg-21-cactus-wig-wag-ball-rig-limited-time-offer\/","title":{"rendered":"Custom EG-21 Cactus Wig Wag Ball Rig Oferta por tiempo limitado"},"content":{"rendered":"<h2 id=\"custom-made-eg-21-cactus-wig-wag-sphere-rig\">Aparejo de esfera de peluca de cactus EG-21 hecho a medida<\/h2>\n<p>Desata una experiencia de fumar cigarrillos absolutamente distinta con el Custom EG-21 Cactus Wig Wag Sphere Rig, \u00a1ofrecido por tiempo restringido! Este extraordinario rig de cristal llama la atenci\u00f3n con su intrincado dise\u00f1o y vibrantes acentos. Cada equipo incluye una fuerte base de vidrio transparente abocinada para la seguridad, que conduce a una sofisticada c\u00e1mara redonda con patr\u00f3n de wig-wag. Esta esfera principal muestra hipnotizantes remolinos de sombra, complementados por detallados accesorios de cactus de cristal respetuosos con el medio ambiente que se enroscan a su alrededor, incluyendo un toque de atractivo des\u00e9rtico.<\/p>\n<p>Los rigs est\u00e1n bellamente resaltados con llamativos acentos p\u00farpura o amarillo alegre, que se encuentran en la boquilla, los puntos de conexi\u00f3n y el moderno mango del cacharro de cristal transparente. La estructura cuidadosamente dise\u00f1ada garantiza un filtrado \u00f3ptimo y un tiro suave. Fabricados con vidrio de borosilicato de alta calidad, estos engranajes no s\u00f3lo son est\u00e9ticamente impresionantes, sino tambi\u00e9n duraderos y hechos para durar. Perfectos para coleccionistas y fan\u00e1ticos que buscan una obra maestra funcional que combine un complejo trabajo en vidrio con un tema caprichoso.<\/p>","protected":false},"excerpt":{"rendered":"<p>Experience the Custom EG-21 Cactus Wig Wag Ball Rig. This limited edition clear glass rig features a unique wig-wag patterned ball, green cactus adornments, and vibrant purple or yellow accents on the mouthpiece and banger handle. A stunning and functional art piece.<\/p>","protected":false},"featured_media":3989,"comment_status":"open","ping_status":"closed","template":"","meta":[],"product_brand":[],"product_cat":[15],"product_tag":[409,283,408],"class_list":{"0":"post-3986","1":"product","2":"type-product","3":"status-publish","4":"has-post-thumbnail","6":"product_cat-uncategorized","7":"product_tag-ball-rig","8":"product_tag-cactus-glass-rig","9":"product_tag-wig-wag-rig","11":"first","12":"instock","13":"shipping-taxable","14":"purchasable","15":"product-type-variable"},"_links":{"self":[{"href":"https:\/\/buyegglass.com\/es\/wp-json\/wp\/v2\/product\/3986","targetHints":{"allow":["GET"]}}],"collection":[{"href":"https:\/\/buyegglass.com\/es\/wp-json\/wp\/v2\/product"}],"about":[{"href":"https:\/\/buyegglass.com\/es\/wp-json\/wp\/v2\/types\/product"}],"replies":[{"embeddable":true,"href":"https:\/\/buyegglass.com\/es\/wp-json\/wp\/v2\/comments?post=3986"}],"wp:featuredmedia":[{"embeddable":true,"href":"https:\/\/buyegglass.com\/es\/wp-json\/wp\/v2\/media\/3989"}],"wp:attachment":[{"href":"https:\/\/buyegglass.com\/es\/wp-json\/wp\/v2\/media?parent=3986"}],"wp:term":[{"taxonomy":"product_brand","embeddable":true,"href":"https:\/\/buyegglass.com\/es\/wp-json\/wp\/v2\/product_brand?post=3986"},{"taxonomy":"product_cat","embeddable":true,"href":"https:\/\/buyegglass.com\/es\/wp-json\/wp\/v2\/product_cat?post=3986"},{"taxonomy":"product_tag","embeddable":true,"href":"https:\/\/buyegglass.com\/es\/wp-json\/wp\/v2\/product_tag?post=3986"}],"curies":[{"name":"wp","href":"https:\/\/api.w.org\/{rel}","templated":true}]}}