{"id":3951,"date":"2025-10-15T11:12:13","date_gmt":"2025-10-15T11:12:13","guid":{"rendered":"https:\/\/buyegglass.com\/?post_type=product&#038;p=3951"},"modified":"2025-10-15T11:12:13","modified_gmt":"2025-10-15T11:12:13","slug":"bonsai-series-cherry-tree-pot-hand-pipe-limited-time-offer","status":"publish","type":"product","link":"https:\/\/buyegglass.com\/es\/product\/bonsai-series-cherry-tree-pot-hand-pipe-limited-time-offer\/","title":{"rendered":"Bonsai Series-Cherry Tree Pot Hand Pipe Oferta por tiempo limitado"},"content":{"rendered":"<h2 id=\"bonsai-series-cherry-tree-pot-hand-pipeline\">Serie Bonsai - Maceta Cerezo Tuber\u00eda a Mano<\/h2>\n<p>Acepte el estilo org\u00e1nico con la Pipa de Mano Bonsai Collection Cherry Tree Pot. Esta hermosa colecci\u00f3n proporciona una experiencia distinta de fumar cigarrillos, mezclando virtuosismo con funcionalidad. Cada pipa de mano est\u00e1 minuciosamente elaborada para parecerse a un peque\u00f1o cerezo, completo con un intrincado \"follaje\" distintivo en abundantes colores como rojo vino profundo, marr\u00f3n terroso, verde intenso y azul oscuro, todo adornado con fr\u00e1giles \"cerezas\" rojas. El tronco del \u00e1rbol se mueve en una base lisa, vibrante en forma de maceta f\u00e1cilmente disponible por otra parte tonos de luz ecol\u00f3gica, azul cielo, blanco crujiente, y negro cl\u00e1sico. Fabricadas en cristal de primera calidad, estas pipas de versi\u00f3n restringida no son simplemente accesorios para fumar cigarrillos, sino verdaderos objetos de coleccionista, ideales para quienes aprecian el dise\u00f1o diferenciado y la mano de obra mejorada. Una mejora impresionante para cualquier tipo de colecci\u00f3n o un regalo considerado para los amantes.<\/p>","protected":false},"excerpt":{"rendered":"<p>Discover the Bonsai Series Cherry Tree Pot Hand Pipe. This limited edition glass pipe features a detailed cherry tree design with a dark red canopy and a white pot base. A unique and artistic smoking accessory for collectors.<\/p>","protected":false},"featured_media":3952,"comment_status":"open","ping_status":"closed","template":"","meta":[],"product_brand":[],"product_cat":[43],"product_tag":[397,398,138],"class_list":{"0":"post-3951","1":"product","2":"type-product","3":"status-publish","4":"has-post-thumbnail","6":"product_cat-hand-pipe","7":"product_tag-bonsai-pipe","8":"product_tag-cherry-tree-pipe","9":"product_tag-glass-hand-pipe","11":"first","12":"instock","13":"shipping-taxable","14":"purchasable","15":"product-type-variable"},"_links":{"self":[{"href":"https:\/\/buyegglass.com\/es\/wp-json\/wp\/v2\/product\/3951","targetHints":{"allow":["GET"]}}],"collection":[{"href":"https:\/\/buyegglass.com\/es\/wp-json\/wp\/v2\/product"}],"about":[{"href":"https:\/\/buyegglass.com\/es\/wp-json\/wp\/v2\/types\/product"}],"replies":[{"embeddable":true,"href":"https:\/\/buyegglass.com\/es\/wp-json\/wp\/v2\/comments?post=3951"}],"wp:featuredmedia":[{"embeddable":true,"href":"https:\/\/buyegglass.com\/es\/wp-json\/wp\/v2\/media\/3952"}],"wp:attachment":[{"href":"https:\/\/buyegglass.com\/es\/wp-json\/wp\/v2\/media?parent=3951"}],"wp:term":[{"taxonomy":"product_brand","embeddable":true,"href":"https:\/\/buyegglass.com\/es\/wp-json\/wp\/v2\/product_brand?post=3951"},{"taxonomy":"product_cat","embeddable":true,"href":"https:\/\/buyegglass.com\/es\/wp-json\/wp\/v2\/product_cat?post=3951"},{"taxonomy":"product_tag","embeddable":true,"href":"https:\/\/buyegglass.com\/es\/wp-json\/wp\/v2\/product_tag?post=3951"}],"curies":[{"name":"wp","href":"https:\/\/api.w.org\/{rel}","templated":true}]}}