{"id":3934,"date":"2025-10-15T11:03:28","date_gmt":"2025-10-15T11:03:28","guid":{"rendered":"https:\/\/buyegglass.com\/?post_type=product&#038;p=3934"},"modified":"2025-10-15T11:06:10","modified_gmt":"2025-10-15T11:06:10","slug":"custom-bsh06-rainbow-series-mushroom-hand-pipe-buys-now","status":"publish","type":"product","link":"https:\/\/buyegglass.com\/es\/product\/custom-bsh06-rainbow-series-mushroom-hand-pipe-buys-now\/","title":{"rendered":"Pipa de mano Custom BSH06 Rainbow Series Mushroom Compra Ahora"},"content":{"rendered":"<h2 id=\"custom-made-bsh06-rainbow-series-mushroom-hand-pipeline\">Tuber\u00eda de mano de seta de la serie Rainbow BSH06 hecha a medida<\/h2>\n<p>Viva la experiencia de fumar con la pipa de mano personalizada BSH06 Rainbow Collection Mushroom. Esta pipa de mano \u00fanica en su clase presenta un caprichoso estilo de seta, fabricado en cristal de primera calidad. Cada pipa de la serie cuenta con una tapa vibrante - seleccione entre rojo brillante, amarillo soleado, verde azulado impresionante, o azul brillante - adornado con lunares en contraste para un toque de esp\u00edritu. La resistente base blanca moteada proporciona seguridad y un c\u00f3modo agarre. Perfecta para el placer sobre la marcha o como adorable complemento de su colecci\u00f3n, esta tuber\u00eda de mano ofrece dise\u00f1o y rendimiento. Su tama\u00f1o compacto lo hace discreto y f\u00e1cil de llevar. Eleve su experiencia de fumar cigarrillos con este divertido y pr\u00e1ctico art\u00edculo.<\/p>","protected":false},"excerpt":{"rendered":"<p>Discover the Custom BSH06 Rainbow Series Mushroom Hand Pipe. These vibrant glass pipes feature whimsical mushroom designs with colorful, polka-dotted caps and speckled white bases. Fun, functional, and perfect for adding a pop of color to your collection.<\/p>","protected":false},"featured_media":3944,"comment_status":"open","ping_status":"closed","template":"","meta":[],"product_brand":[],"product_cat":[43],"product_tag":[393,111,137],"class_list":{"0":"post-3934","1":"product","2":"type-product","3":"status-publish","4":"has-post-thumbnail","6":"product_cat-hand-pipe","7":"product_tag-colorful-smoking-accessory","8":"product_tag-glass-pipe","9":"product_tag-mushroom-hand-pipe","11":"first","12":"instock","13":"shipping-taxable","14":"purchasable","15":"product-type-variable"},"_links":{"self":[{"href":"https:\/\/buyegglass.com\/es\/wp-json\/wp\/v2\/product\/3934","targetHints":{"allow":["GET"]}}],"collection":[{"href":"https:\/\/buyegglass.com\/es\/wp-json\/wp\/v2\/product"}],"about":[{"href":"https:\/\/buyegglass.com\/es\/wp-json\/wp\/v2\/types\/product"}],"replies":[{"embeddable":true,"href":"https:\/\/buyegglass.com\/es\/wp-json\/wp\/v2\/comments?post=3934"}],"wp:featuredmedia":[{"embeddable":true,"href":"https:\/\/buyegglass.com\/es\/wp-json\/wp\/v2\/media\/3944"}],"wp:attachment":[{"href":"https:\/\/buyegglass.com\/es\/wp-json\/wp\/v2\/media?parent=3934"}],"wp:term":[{"taxonomy":"product_brand","embeddable":true,"href":"https:\/\/buyegglass.com\/es\/wp-json\/wp\/v2\/product_brand?post=3934"},{"taxonomy":"product_cat","embeddable":true,"href":"https:\/\/buyegglass.com\/es\/wp-json\/wp\/v2\/product_cat?post=3934"},{"taxonomy":"product_tag","embeddable":true,"href":"https:\/\/buyegglass.com\/es\/wp-json\/wp\/v2\/product_tag?post=3934"}],"curies":[{"name":"wp","href":"https:\/\/api.w.org\/{rel}","templated":true}]}}