{"id":3920,"date":"2025-10-13T12:53:53","date_gmt":"2025-10-13T12:53:53","guid":{"rendered":"https:\/\/buyegglass.com\/?post_type=product&#038;p=3920"},"modified":"2025-10-15T12:13:52","modified_gmt":"2025-10-15T12:13:52","slug":"customizable-wig-wag-mushroom-hand-pipe-same-day-delivery","status":"publish","type":"product","link":"https:\/\/buyegglass.com\/es\/product\/customizable-wig-wag-mushroom-hand-pipe-same-day-delivery\/","title":{"rendered":"Pipa de mano personalizable Wig Wag Mushroom Entrega el mismo d\u00eda"},"content":{"rendered":"<h2 id=\"customizable-wig-wag-mushroom-hand-pipe\">Pipa de mano personalizable Wig Wag Mushroom<\/h2>\n<p>Experimente el arte \u00fanico de la pipa de mano ajustable Wig Wag Mushroom, un dispositivo para fumar animado y peque\u00f1o. Incluyendo un atractivo estilo wig wag en la tapa de la seta, esta pipa de mano est\u00e1 hecha a mano tanto para el encanto est\u00e9tico como para la portabilidad. Su forma ergon\u00f3mica asegura un agarre c\u00f3modo, mientras que el material resistente garantiza una larga vida. Perfecta para disfrutarla sobre la marcha, se entrega en el mismo d\u00eda. Aumente su colecci\u00f3n con este art\u00edculo \u00fanico y ajustable.<\/p>","protected":false},"excerpt":{"rendered":"<p>This unique mushroom hand pipe boasts a vibrant wig wag design and a comfortable grip. Durable and portable, it&#8217;s perfect for on-the-go. Enjoy same-day delivery!<\/p>","protected":false},"featured_media":4039,"comment_status":"open","ping_status":"closed","template":"","meta":[],"product_brand":[],"product_cat":[43],"product_tag":[114,392,391],"class_list":{"0":"post-3920","1":"product","2":"type-product","3":"status-publish","4":"has-post-thumbnail","6":"product_cat-hand-pipe","7":"product_tag-hand-pipe","8":"product_tag-mushroom-pipe","9":"product_tag-wig-wag","11":"first","12":"instock","13":"shipping-taxable","14":"purchasable","15":"product-type-variable"},"_links":{"self":[{"href":"https:\/\/buyegglass.com\/es\/wp-json\/wp\/v2\/product\/3920","targetHints":{"allow":["GET"]}}],"collection":[{"href":"https:\/\/buyegglass.com\/es\/wp-json\/wp\/v2\/product"}],"about":[{"href":"https:\/\/buyegglass.com\/es\/wp-json\/wp\/v2\/types\/product"}],"replies":[{"embeddable":true,"href":"https:\/\/buyegglass.com\/es\/wp-json\/wp\/v2\/comments?post=3920"}],"wp:featuredmedia":[{"embeddable":true,"href":"https:\/\/buyegglass.com\/es\/wp-json\/wp\/v2\/media\/4039"}],"wp:attachment":[{"href":"https:\/\/buyegglass.com\/es\/wp-json\/wp\/v2\/media?parent=3920"}],"wp:term":[{"taxonomy":"product_brand","embeddable":true,"href":"https:\/\/buyegglass.com\/es\/wp-json\/wp\/v2\/product_brand?post=3920"},{"taxonomy":"product_cat","embeddable":true,"href":"https:\/\/buyegglass.com\/es\/wp-json\/wp\/v2\/product_cat?post=3920"},{"taxonomy":"product_tag","embeddable":true,"href":"https:\/\/buyegglass.com\/es\/wp-json\/wp\/v2\/product_tag?post=3920"}],"curies":[{"name":"wp","href":"https:\/\/api.w.org\/{rel}","templated":true}]}}