{"id":3821,"date":"2025-09-26T10:03:53","date_gmt":"2025-09-26T10:03:53","guid":{"rendered":"https:\/\/buyegglass.com\/?post_type=product&#038;p=3821"},"modified":"2025-10-20T07:47:51","modified_gmt":"2025-10-20T07:47:51","slug":"beaker-bongs-es24869-8-inch-clear-unbreakable-beaker-buy","status":"publish","type":"product","link":"https:\/\/buyegglass.com\/es\/product\/beaker-bongs-es24869-8-inch-clear-unbreakable-beaker-buy\/","title":{"rendered":"Beaker Bongs ES24869 Vaso irrompible transparente de 8 pulgadas Comprar"},"content":{"rendered":"<h2>Beaker Bongs ES24869 Vaso irrompible transparente de 8 pulgadas<\/h2>\n<p>El Beaker Bongs ES24869 est\u00e1 hecho para la longevidad y el beneficio diario. Con una altura de 20 cm, este art\u00edculo presenta un estilo b\u00e1sico pero de confianza, fabricado con grueso vidrio de borosilicato, lo que le confiere la solidez suficiente para soportar un uso repetido sin concesiones. Su acabado transparente resalta sus l\u00edneas limpias y su aspecto atemporal, proporcion\u00e1ndole tanto rendimiento como atractivo visual.<\/p>\n<p>La gran base del vaso garantiza una estabilidad adicional durante las sesiones, reduciendo el riesgo de vuelco. Viene con un downstem desmontable y plato de cristal a juego, utilizando el flujo de aire suave y f\u00e1cil limpieza. La articulaci\u00f3n en \u00e1ngulo produce un agarre c\u00f3modo, mientras que la boquilla acampanada incluye un sello seguro y c\u00f3modo para cada golpe.<\/p>\n<p>Funciones truco<\/p>\n<p>Dimensiones compactas de 8 pulgadas, perfectas para el uso diario<\/p>\n<p>Construcci\u00f3n de vidrio de borosilicato de primera calidad para una m\u00e1xima robustez<\/p>\n<p>Dise\u00f1o de cristal transparente para una est\u00e9tica tradicional y minimalista<\/p>\n<p>Base de vaso ancha para mayor seguridad<\/p>\n<p>V\u00e1stago extra\u00edble y plato de cristal para facilitar la limpieza y la comodidad<\/p>\n<p>Boquilla acampanada para caladas suaves y c\u00f3modas<\/p>\n<p>Tanto si busca una pieza m\u00f3vil para tener en casa como una alternativa potente para viajar, el ES24869 le ofrece ambas cosas. Su peque\u00f1o dise\u00f1o hace que sea f\u00e1cil de comprar y transportar, al tiempo que ofrece la eficiencia de bongs m\u00e1s grandes.<\/p>\n<p>Esta cachimba Beaker Bongs es la mejor para los fumadores que desean una pieza sencilla y resistente sin florituras innecesarias. La construcci\u00f3n s\u00f3lida de alta calidad asegura que dure, mientras que el vidrio de borosilicato transparente mantiene festinating y elegante.<\/p>\n<p>Actualiza tu colecci\u00f3n con esta fiable cachimba de vaso y disfruta de sesiones despreocupadas en todo momento.<\/p>","protected":false},"excerpt":{"rendered":"<p>Beaker Bongs ES24869 8 Inch Clear Unbreakable Beaker combines a simple, sturdy design with high-quality borosilicate glass. Its compact size makes it portable and easy to handle, while the wide base ensures stability during use. Perfect for daily sessions with smooth, reliable performance.<\/p>","protected":false},"featured_media":3823,"comment_status":"open","ping_status":"closed","template":"","meta":[],"product_brand":[],"product_cat":[39],"product_tag":[367,226,366],"class_list":{"0":"post-3821","1":"product","2":"type-product","3":"status-publish","4":"has-post-thumbnail","6":"product_cat-beaker-bongs","7":"product_tag-8-inch-bong","8":"product_tag-beaker-bong","9":"product_tag-clear-glass-bong","11":"first","12":"instock","13":"shipping-taxable","14":"purchasable","15":"product-type-variable"},"_links":{"self":[{"href":"https:\/\/buyegglass.com\/es\/wp-json\/wp\/v2\/product\/3821","targetHints":{"allow":["GET"]}}],"collection":[{"href":"https:\/\/buyegglass.com\/es\/wp-json\/wp\/v2\/product"}],"about":[{"href":"https:\/\/buyegglass.com\/es\/wp-json\/wp\/v2\/types\/product"}],"replies":[{"embeddable":true,"href":"https:\/\/buyegglass.com\/es\/wp-json\/wp\/v2\/comments?post=3821"}],"wp:featuredmedia":[{"embeddable":true,"href":"https:\/\/buyegglass.com\/es\/wp-json\/wp\/v2\/media\/3823"}],"wp:attachment":[{"href":"https:\/\/buyegglass.com\/es\/wp-json\/wp\/v2\/media?parent=3821"}],"wp:term":[{"taxonomy":"product_brand","embeddable":true,"href":"https:\/\/buyegglass.com\/es\/wp-json\/wp\/v2\/product_brand?post=3821"},{"taxonomy":"product_cat","embeddable":true,"href":"https:\/\/buyegglass.com\/es\/wp-json\/wp\/v2\/product_cat?post=3821"},{"taxonomy":"product_tag","embeddable":true,"href":"https:\/\/buyegglass.com\/es\/wp-json\/wp\/v2\/product_tag?post=3821"}],"curies":[{"name":"wp","href":"https:\/\/api.w.org\/{rel}","templated":true}]}}