{"id":3767,"date":"2025-09-26T09:49:43","date_gmt":"2025-09-26T09:49:43","guid":{"rendered":"https:\/\/buyegglass.com\/?post_type=product&#038;p=3767"},"modified":"2025-10-10T08:25:35","modified_gmt":"2025-10-10T08:25:35","slug":"dab-oil-rigs-borosilicate-glass-es24829-9-5inch-online-shop","status":"publish","type":"product","link":"https:\/\/buyegglass.com\/es\/product\/dab-oil-rigs-borosilicate-glass-es24829-9-5inch-online-shop\/","title":{"rendered":"Dab Oil Rigs Vidrio de Borosilicato ES24829 9.5Inch Tienda Online"},"content":{"rendered":"<h2>Dab Oil Rigs Vidrio de Borosilicato ES24829 9.5 Pulgadas.<\/h2>\n<p>El Dab Oil Rigs Borosilicate Glass ES24829 9.5 Inch es un art\u00edculo est\u00e9ticamente llamativo y muy pr\u00e1ctico, hecho a mano para los amantes de los concentrados que valoran el rendimiento suave con un estilo creativo audaz. Hecho de vidrio de borosilicato resistente, este pozo de aceite equilibra la resistencia, la claridad y el dise\u00f1o. Su altura de 9,5 pulgadas lo hace compacto pero eficaz, ofreciendo una filtraci\u00f3n s\u00f3lida y un manejo sencillo.<\/p>\n<p>Lo m\u00e1s destacado de este engranaje es la obra de arte interna \u00fanica en su clase, que le confiere un llamativo impacto central. Incorporado con bases vibrantes y acentos a juego en la boquilla, cada equipo aporta una personalidad vibrante a sus sesiones. El dise\u00f1o curvado de la boquilla no s\u00f3lo a\u00f1ade comodidad, sino que tambi\u00e9n dirige el flujo de aire para una calada m\u00e1s suave.<\/p>\n<p>Truco Caracter\u00edsticas.<\/p>\n<p>Vidrio de borosilicato de primera calidad: Conocido por su resistencia al calor y dureza.<\/p>\n<p>Dimensi\u00f3n de 9,5 pulgadas: Equilibrio perfecto entre movilidad y funcionalidad.<\/p>\n<p>Obra de arte interna \u00fanica: A\u00f1ade car\u00e1cter y hace que cada art\u00edculo llame la atenci\u00f3n.<\/p>\n<p>Base estable: Ancha y gruesa para mayor seguridad y asistencia durante el uso.<\/p>\n<p>Filtrado suave: Dise\u00f1ado para sesiones de concentrado ordenadas y sabrosas.<\/p>\n<p>Por qu\u00e9 elegir este Dab Oil Rigs.<\/p>\n<p>Tanto si es un amante de lo informal como un coleccionista empedernido, el pocillo ES24829 Bit Oil est\u00e1 construido para emocionar. El dise\u00f1o bien pensado asegura un f\u00e1cil uso y mantenimiento, mientras que el vidrio de borosilicato de larga duraci\u00f3n garantiza una larga vida. Sus acentos vibrantes y la pieza central imaginativa lo convierten en algo m\u00e1s que una herramienta para fumar cigarrillos - es una pieza de declaraci\u00f3n para cualquier colecci\u00f3n.<\/p>\n<p>Si su objetivo es comprar en l\u00ednea, este equipo ofrece una mezcla de resistencia, movilidad y estilo \u00fanico que es dif\u00edcil de encontrar en otros lugares. Perfecto para regalar o actualizar su configuraci\u00f3n personal, el ES24829 es un deber-tener para cualquier persona que valora tanto la eficiencia y el arte en sus productos de vidrio.<\/p>","protected":false},"excerpt":{"rendered":"<div class=\"text-base my-auto mx-auto pb-10 [--thread-content-margin:--spacing(4)] thread-sm:[--thread-content-margin:--spacing(6)] thread-lg:[--thread-content-margin:--spacing(16)] px-(--thread-content-margin)\">\n<div class=\"[--thread-content-max-width:40rem] thread-lg:[--thread-content-max-width:48rem] mx-auto max-w-(--thread-content-max-width) flex-1 group\/turn-messages focus-visible:outline-hidden relative flex w-full min-w-0 flex-col agent-turn\" tabindex=\"-1\">\n<div class=\"flex max-w-full flex-col grow\">\n<div class=\"min-h-8 text-message relative flex w-full flex-col items-end gap-2 text-start break-words whitespace-normal [.text-message+&amp;]:mt-5\" dir=\"auto\" data-message-author-role=\"assistant\" data-message-id=\"172ff7ed-2ff3-4469-816c-bedce448a012\" data-message-model-slug=\"gpt-5-instant\">\n<div class=\"flex w-full flex-col gap-1 empty:hidden first:pt-[3px]\">\n<div class=\"markdown prose dark:prose-invert w-full break-words light markdown-new-styling\">\n<p data-start=\"0\" data-end=\"284\" data-is-last-node=\"\" data-is-only-node=\"\">This 9.5-inch borosilicate glass dab rig features a fun cartoon-inspired percolator inside a durable clear chamber. With colorful accents, sturdy base, and smooth airflow, it\u2019s designed for both function and playful style. Perfect for concentrate enthusiasts seeking unique glassware.<\/p>\n<\/div>\n<\/div>\n<\/div>\n<\/div>\n<\/div>\n<\/div>\n","protected":false},"featured_media":3770,"comment_status":"open","ping_status":"closed","template":"","meta":[],"product_brand":[],"product_cat":[41],"product_tag":[280,359,313],"class_list":{"0":"post-3767","1":"product","2":"type-product","3":"status-publish","4":"has-post-thumbnail","6":"product_cat-dab-oil-rigs","7":"product_tag-borosilicate-glass-rig","8":"product_tag-cartoon-dab-rig","9":"product_tag-dab-rig","11":"first","12":"instock","13":"shipping-taxable","14":"purchasable","15":"product-type-variable"},"_links":{"self":[{"href":"https:\/\/buyegglass.com\/es\/wp-json\/wp\/v2\/product\/3767","targetHints":{"allow":["GET"]}}],"collection":[{"href":"https:\/\/buyegglass.com\/es\/wp-json\/wp\/v2\/product"}],"about":[{"href":"https:\/\/buyegglass.com\/es\/wp-json\/wp\/v2\/types\/product"}],"replies":[{"embeddable":true,"href":"https:\/\/buyegglass.com\/es\/wp-json\/wp\/v2\/comments?post=3767"}],"wp:featuredmedia":[{"embeddable":true,"href":"https:\/\/buyegglass.com\/es\/wp-json\/wp\/v2\/media\/3770"}],"wp:attachment":[{"href":"https:\/\/buyegglass.com\/es\/wp-json\/wp\/v2\/media?parent=3767"}],"wp:term":[{"taxonomy":"product_brand","embeddable":true,"href":"https:\/\/buyegglass.com\/es\/wp-json\/wp\/v2\/product_brand?post=3767"},{"taxonomy":"product_cat","embeddable":true,"href":"https:\/\/buyegglass.com\/es\/wp-json\/wp\/v2\/product_cat?post=3767"},{"taxonomy":"product_tag","embeddable":true,"href":"https:\/\/buyegglass.com\/es\/wp-json\/wp\/v2\/product_tag?post=3767"}],"curies":[{"name":"wp","href":"https:\/\/api.w.org\/{rel}","templated":true}]}}