{"id":3731,"date":"2025-09-26T09:38:14","date_gmt":"2025-09-26T09:38:14","guid":{"rendered":"https:\/\/buyegglass.com\/?post_type=product&#038;p=3731"},"modified":"2025-10-10T09:11:51","modified_gmt":"2025-10-10T09:11:51","slug":"dab-oil-rigs-10inch-borosilicate-glass-buy-now-concentrate","status":"publish","type":"product","link":"https:\/\/buyegglass.com\/es\/product\/dab-oil-rigs-10inch-borosilicate-glass-buy-now-concentrate\/","title":{"rendered":"Dab Oil Rigs 10inch Borosilicate Glass Comprar Ahora Concentrado"},"content":{"rendered":"<h2>Dab Oil Rigs 10inch Borosilicate Glass Compra Actualmente Concentrado<\/h2>\n<p>Este dab rigs de 10 pulgadas tiene un dise\u00f1o divertido pero pr\u00e1ctico, fabricado en resistente vidrio de borosilicato. El cuerpo redondo garantiza la estabilidad y el flujo de aire suave, mientras que los acentos de avi\u00f3n de colores dentro de la c\u00e1mara incluyen un toque imaginativo que lo establece aparte de plataformas convencionales.<\/p>\n<p>El equipo est\u00e1 construido para los amantes de los concentrados que valoran tanto el dise\u00f1o como el rendimiento. Su base ancha proporciona equilibrio durante el uso, y la boquilla de cuello curvo mantiene las sesiones c\u00f3modas. La construcci\u00f3n de vidrio de borosilicato garantiza la resistencia al calor, por lo que es perfecto para el uso diario sin poner en peligro la robustez.<\/p>\n<p>Atributos<\/p>\n<p>Altura de 10 pulgadas para golpes compactos pero eficaces<\/p>\n<p>Fabricado en vidrio de borosilicato de primera calidad<\/p>\n<p>Disposici\u00f3n especial del interior del avi\u00f3n para una est\u00e9tica sobresaliente<\/p>\n<p>Base redonda ancha para estabilidad incluida<\/p>\n<p>Cuello doblado para la defensa del tablero y comodidad de uso<\/p>\n<p>Perfecto para focos y dabbing suave<\/p>\n<p>Este art\u00edculo no s\u00f3lo funciona como un equipo de dab eficaz sin embargo, tambi\u00e9n funciona como una obra de arte digna de exhibici\u00f3n. Cada equipo viene con acentos de colores vivos, el suministro de opciones para que coincida con su estilo individual. Si usted es un individuo experto o nuevo a los focos, este engranaje suministra golpes ordenados, sabrosos mientras que hace cada sesi\u00f3n mucho m\u00e1s deliciosa.<\/p>\n<p>Traiga la imaginaci\u00f3n y el rendimiento suave a su colecci\u00f3n con este 10-pulgadas de vidrio de borosilicato aceite dab rigs - donde la durabilidad satisface el dise\u00f1o creativo.<\/p>","protected":false},"excerpt":{"rendered":"<p>This 10-inch dab oil rig is made from premium borosilicate glass with a unique spherical chamber design. Featuring playful airplane accents, a bent neck for comfort, and a sturdy wide base, it delivers smooth, flavorful concentrate hits while adding a creative, artistic touch to any collection.<\/p>","protected":false},"featured_media":3738,"comment_status":"open","ping_status":"closed","template":"","meta":[],"product_brand":[],"product_cat":[41],"product_tag":[353,128,352],"class_list":{"0":"post-3731","1":"product","2":"type-product","3":"status-publish","4":"has-post-thumbnail","6":"product_cat-dab-oil-rigs","7":"product_tag-10-inch-dab-rig","8":"product_tag-dab-oil-rig","9":"product_tag-glass-concentrate-rig","11":"first","12":"instock","13":"shipping-taxable","14":"purchasable","15":"product-type-variable"},"_links":{"self":[{"href":"https:\/\/buyegglass.com\/es\/wp-json\/wp\/v2\/product\/3731","targetHints":{"allow":["GET"]}}],"collection":[{"href":"https:\/\/buyegglass.com\/es\/wp-json\/wp\/v2\/product"}],"about":[{"href":"https:\/\/buyegglass.com\/es\/wp-json\/wp\/v2\/types\/product"}],"replies":[{"embeddable":true,"href":"https:\/\/buyegglass.com\/es\/wp-json\/wp\/v2\/comments?post=3731"}],"wp:featuredmedia":[{"embeddable":true,"href":"https:\/\/buyegglass.com\/es\/wp-json\/wp\/v2\/media\/3738"}],"wp:attachment":[{"href":"https:\/\/buyegglass.com\/es\/wp-json\/wp\/v2\/media?parent=3731"}],"wp:term":[{"taxonomy":"product_brand","embeddable":true,"href":"https:\/\/buyegglass.com\/es\/wp-json\/wp\/v2\/product_brand?post=3731"},{"taxonomy":"product_cat","embeddable":true,"href":"https:\/\/buyegglass.com\/es\/wp-json\/wp\/v2\/product_cat?post=3731"},{"taxonomy":"product_tag","embeddable":true,"href":"https:\/\/buyegglass.com\/es\/wp-json\/wp\/v2\/product_tag?post=3731"}],"curies":[{"name":"wp","href":"https:\/\/api.w.org\/{rel}","templated":true}]}}