{"id":3727,"date":"2025-09-26T09:30:19","date_gmt":"2025-09-26T09:30:19","guid":{"rendered":"https:\/\/buyegglass.com\/?post_type=product&#038;p=3727"},"modified":"2025-10-10T08:29:20","modified_gmt":"2025-10-10T08:29:20","slug":"es23358a-beaker-bongs-glass-12-inch-clear-unbreakable-beaker","status":"publish","type":"product","link":"https:\/\/buyegglass.com\/es\/product\/es23358a-beaker-bongs-glass-12-inch-clear-unbreakable-beaker\/","title":{"rendered":"ES23358A Beaker Bongs Vaso irrompible transparente de 12 pulgadas"},"content":{"rendered":"<h2>Beaker Bongs ES23358A Cristal transparente de 12 pulgadas<\/h2>\n<p>El Beaker Bongs ES23358A es un bong transparente tradicional de 12 pulgadas hecho para la resistencia, el dise\u00f1o y el rendimiento suave. Fabricado con vidrio de borosilicato de primera calidad, este bong de vaso ofrece una resistencia excepcional al calor y a los impactos, lo que lo convierte en una opci\u00f3n fiable tanto para el uso diario como para una colecci\u00f3n duradera.<\/p>\n<p>El dise\u00f1o en forma de vaso mejora la estabilidad, gracias a su gran base que protege contra los vuelcos y permite una mayor capacidad de agua. Esta cantidad de agua adicional proporciona un filtrado superior, enfriando el humo con \u00e9xito y proporcionando golpes m\u00e1s suaves y limpios cada vez.<\/p>\n<p>El cuello recto de la ES23358A y la boquilla de borde ancho garantizan la comodidad durante la inhalaci\u00f3n, mientras que su cuerpo transparente le permite deleitarse con la est\u00e9tica circulaci\u00f3n del humo y las burbujas durante cada sesi\u00f3n. Su aspecto minimalista totalmente transparente enfatiza la artesan\u00eda y le proporciona un aspecto suave y profesional que, sin duda, nunca pasar\u00e1 de moda.<\/p>\n<p>Atributos<\/p>\n<p>Altura: 30 cm<\/p>\n<p>Construcci\u00f3n de vidrio de borosilicato de primera calidad<\/p>\n<p>Base de vaso para mayor estabilidad y mayor capacidad de agua<\/p>\n<p>Cuello recto con boquilla ancha para mayor comodidad<\/p>\n<p>V\u00e1stago inferior para una difusi\u00f3n suave<\/p>\n<p>F\u00e1cil de limpiar y conservar<\/p>\n<p>Cuerpo cristalino para un aspecto contempor\u00e1neo y minimalista<\/p>\n<p>El v\u00e1stago desmontable facilita la limpieza y mejora la difusi\u00f3n del humo. Integrado con el dise\u00f1o resistente del bong, este atributo hace que el ES23358A sea una opci\u00f3n excepcional tanto para novatos como para fumadores experimentados. Su tama\u00f1o alcanza el equilibrio perfecto entre transportabilidad y rendimiento, ofreciendo \u00e9xito sin ser problem\u00e1tico.<\/p>\n<p>Para cualquier persona que busca un art\u00edculo duradero, sin complicaciones, el Beaker Bongs ES23358A ofrece fiabilidad, resistencia y eficiencia sin problemas. Ya sea que est\u00e9s contribuyendo a tu colecci\u00f3n o buscando tu bong para todos los d\u00edas, este vaso transparente de 12 pulgadas se distingue como una opci\u00f3n s\u00f3lida.<\/p>","protected":false},"excerpt":{"rendered":"<p>The ES23358A Beaker Bong stands 12 inches tall, crafted from clear borosilicate glass for durability. Its classic beaker shape ensures stability, while the simple, unbreakable design delivers smooth, powerful hits. Perfect for everyday use, combining function, strength, and timeless glassware appeal.<\/p>","protected":false},"featured_media":3728,"comment_status":"open","ping_status":"closed","template":"","meta":[],"product_brand":[],"product_cat":[39],"product_tag":[341,226,366],"class_list":{"0":"post-3727","1":"product","2":"type-product","3":"status-publish","4":"has-post-thumbnail","6":"product_cat-beaker-bongs","7":"product_tag-12-inch-bong","8":"product_tag-beaker-bong","9":"product_tag-clear-glass-bong","11":"first","12":"instock","13":"shipping-taxable","14":"purchasable","15":"product-type-variable"},"_links":{"self":[{"href":"https:\/\/buyegglass.com\/es\/wp-json\/wp\/v2\/product\/3727","targetHints":{"allow":["GET"]}}],"collection":[{"href":"https:\/\/buyegglass.com\/es\/wp-json\/wp\/v2\/product"}],"about":[{"href":"https:\/\/buyegglass.com\/es\/wp-json\/wp\/v2\/types\/product"}],"replies":[{"embeddable":true,"href":"https:\/\/buyegglass.com\/es\/wp-json\/wp\/v2\/comments?post=3727"}],"wp:featuredmedia":[{"embeddable":true,"href":"https:\/\/buyegglass.com\/es\/wp-json\/wp\/v2\/media\/3728"}],"wp:attachment":[{"href":"https:\/\/buyegglass.com\/es\/wp-json\/wp\/v2\/media?parent=3727"}],"wp:term":[{"taxonomy":"product_brand","embeddable":true,"href":"https:\/\/buyegglass.com\/es\/wp-json\/wp\/v2\/product_brand?post=3727"},{"taxonomy":"product_cat","embeddable":true,"href":"https:\/\/buyegglass.com\/es\/wp-json\/wp\/v2\/product_cat?post=3727"},{"taxonomy":"product_tag","embeddable":true,"href":"https:\/\/buyegglass.com\/es\/wp-json\/wp\/v2\/product_tag?post=3727"}],"curies":[{"name":"wp","href":"https:\/\/api.w.org\/{rel}","templated":true}]}}