{"id":3721,"date":"2025-09-26T09:25:00","date_gmt":"2025-09-26T09:25:00","guid":{"rendered":"https:\/\/buyegglass.com\/?post_type=product&#038;p=3721"},"modified":"2025-10-20T07:44:48","modified_gmt":"2025-10-20T07:44:48","slug":"straight-tube-es2510-borosilicate-glass-buy-now-10-5in","status":"publish","type":"product","link":"https:\/\/buyegglass.com\/es\/product\/straight-tube-es2510-borosilicate-glass-buy-now-10-5in\/","title":{"rendered":"Tubo recto ES2510 Vidrio borosilicato Comprar Ahora 10.5in"},"content":{"rendered":"<h2>Tubo recto ES2510 10,5 pulg.<\/h2>\n<p>El tubo recto ES2510 es un elemento atemporal que combina sencillez, resistencia y dise\u00f1o en un dispositivo para fumar cigarrillos digno de confianza. Con un tama\u00f1o de 10,5 pulgadas, utiliza el mejor equilibrio entre portabilidad y eficiencia, por lo que es adecuado tanto para principiantes como para fumadores experimentados.<\/p>\n<p>Fabricado con vidrio de borosilicato de alta calidad, el ES2510 est\u00e1 dise\u00f1ado para resistir el calor y el uso diario sin comprometer su elegante dise\u00f1o. Su estructura de tubo recto garantiza golpes directos y eficaces, al tiempo que mantiene un movimiento suave del aire. La amplia base redonda ofrece una excelente seguridad, reduciendo el riesgo de vuelco durante el uso.<\/p>\n<p>El atributo m\u00e1s destacado de esta cachimba son sus acentos en tono \u00e1mbar-dorado tanto en la base como en la boquilla. Estos tonos c\u00e1lidos le confieren un aspecto \u00fanico a la vez que conservan una est\u00e9tica minimalista. Su perfil estilizado y sus l\u00edneas limpias resaltan la calidad del cristal, mostrando artesan\u00eda y robustez a toda prueba.<\/p>\n<p>Caracter\u00edsticas.<\/p>\n<p>Fabricado en vidrio de borosilicato de primera calidad.<\/p>\n<p>Altura de 10,5 pulgadas para un tama\u00f1o y una funcionalidad excelentes.<\/p>\n<p>Dise\u00f1o de tubo recto para golpes directos y potentes.<\/p>\n<p>Base ancha para mayor estabilidad.<\/p>\n<p>Detalles en \u00e1mbar y oro en la boquilla y la base.<\/p>\n<p>Marco sencillo y f\u00e1cil de limpiar.<\/p>\n<p>Adecuado para principiantes y experimentados.<\/p>\n<p>El ES2510 ha sido desarrollado para proporcionar sesiones suaves con regularidad. Su resistente cuerpo de cristal permite un uso duradero, mientras que su construcci\u00f3n de tubo recto proporciona caladas ordenadas y s\u00f3lidas que resaltan el sabor y la alta calidad de sus hierbas naturales. F\u00e1cil de cuidar y guardar, este art\u00edculo es perfecto para el uso diario.<\/p>\n<p>Ya sea que usted est\u00e1 contribuyendo a su colecci\u00f3n de vidrio o la compra de su primera pipa de agua, el tubo recto ES2510 es una opci\u00f3n de buena reputaci\u00f3n y con estilo. Su tama\u00f1o, durabilidad y dise\u00f1o cl\u00e1sico lo convierten en un producto imprescindible para cualquiera que busque un bong de vidrio sencillo pero de alto rendimiento.<\/p>","protected":false},"excerpt":{"rendered":"<div class=\"text-base my-auto mx-auto pb-10 [--thread-content-margin:--spacing(4)] thread-sm:[--thread-content-margin:--spacing(6)] thread-lg:[--thread-content-margin:--spacing(16)] px-(--thread-content-margin)\">\n<div class=\"[--thread-content-max-width:40rem] thread-lg:[--thread-content-max-width:48rem] mx-auto max-w-(--thread-content-max-width) flex-1 group\/turn-messages focus-visible:outline-hidden relative flex w-full min-w-0 flex-col agent-turn\" tabindex=\"-1\">\n<div class=\"flex max-w-full flex-col grow\">\n<div class=\"min-h-8 text-message relative flex w-full flex-col items-end gap-2 text-start break-words whitespace-normal [.text-message+&amp;]:mt-5\" dir=\"auto\" data-message-author-role=\"assistant\" data-message-id=\"0d6db3c6-d018-4f2d-9941-dca41e00d799\" data-message-model-slug=\"gpt-5-instant\">\n<div class=\"flex w-full flex-col gap-1 empty:hidden first:pt-[3px]\">\n<div class=\"markdown prose dark:prose-invert w-full break-words light markdown-new-styling\">\n<p data-start=\"0\" data-end=\"288\" data-is-last-node=\"\" data-is-only-node=\"\">Straight Tube ES2510 stands 10.5 inches tall, made from durable borosilicate glass. Its sleek straight tube design with amber-gold accents delivers smooth, powerful hits while the wide base ensures stability. Perfect for daily sessions, offering both style and reliable performance.<\/p>\n<\/div>\n<\/div>\n<\/div>\n<\/div>\n<\/div>\n<\/div>\n","protected":false},"featured_media":3725,"comment_status":"open","ping_status":"closed","template":"","meta":[],"product_brand":[],"product_cat":[46],"product_tag":[141,119,383],"class_list":{"0":"post-3721","1":"product","2":"type-product","3":"status-publish","4":"has-post-thumbnail","6":"product_cat-straight-tube","7":"product_tag-borosilicate-bong","8":"product_tag-glass-bong","9":"product_tag-straight-tube","10":"product_shipping_class-a","12":"first","13":"instock","14":"shipping-taxable","15":"purchasable","16":"product-type-variable"},"_links":{"self":[{"href":"https:\/\/buyegglass.com\/es\/wp-json\/wp\/v2\/product\/3721","targetHints":{"allow":["GET"]}}],"collection":[{"href":"https:\/\/buyegglass.com\/es\/wp-json\/wp\/v2\/product"}],"about":[{"href":"https:\/\/buyegglass.com\/es\/wp-json\/wp\/v2\/types\/product"}],"replies":[{"embeddable":true,"href":"https:\/\/buyegglass.com\/es\/wp-json\/wp\/v2\/comments?post=3721"}],"wp:featuredmedia":[{"embeddable":true,"href":"https:\/\/buyegglass.com\/es\/wp-json\/wp\/v2\/media\/3725"}],"wp:attachment":[{"href":"https:\/\/buyegglass.com\/es\/wp-json\/wp\/v2\/media?parent=3721"}],"wp:term":[{"taxonomy":"product_brand","embeddable":true,"href":"https:\/\/buyegglass.com\/es\/wp-json\/wp\/v2\/product_brand?post=3721"},{"taxonomy":"product_cat","embeddable":true,"href":"https:\/\/buyegglass.com\/es\/wp-json\/wp\/v2\/product_cat?post=3721"},{"taxonomy":"product_tag","embeddable":true,"href":"https:\/\/buyegglass.com\/es\/wp-json\/wp\/v2\/product_tag?post=3721"}],"curies":[{"name":"wp","href":"https:\/\/api.w.org\/{rel}","templated":true}]}}