{"id":3689,"date":"2025-09-26T09:12:40","date_gmt":"2025-09-26T09:12:40","guid":{"rendered":"https:\/\/buyegglass.com\/?post_type=product&#038;p=3689"},"modified":"2025-10-10T09:23:01","modified_gmt":"2025-10-10T09:23:01","slug":"beaker-bongs-evil-skull-eyes-beaker-pipe-11in-glass-order","status":"publish","type":"product","link":"https:\/\/buyegglass.com\/es\/product\/beaker-bongs-evil-skull-eyes-beaker-pipe-11in-glass-order\/","title":{"rendered":"Beaker Bongs Evil Skull Eyes Beaker Pipe 11in Glass Order"},"content":{"rendered":"<h2>Beaker Bongs Evil Skull Eyes 11in<\/h2>\n<p>El Beaker Bongs Wickedness Head Eyes Beaker Pipeline es un llamativo art\u00edculo de vidrio de 11 pulgadas que mezcla informaci\u00f3n imaginativa con una suave eficiencia. Hecho a mano de vidrio de borosilicato durable, este bong suministros tanto resistencia y estilo, por lo que es un esencial para los amantes que valoran dise\u00f1os \u00fanicos y funci\u00f3n confiable.<\/p>\n<p>La funci\u00f3n destacada de este Beaker Bongs es su enorme cr\u00e1neo-ojo acentos y en espiral tent\u00e1culo-como asas, disponible en tonos vibrantes como el p\u00farpura, rojo, y el medio ambiente. Esta informaci\u00f3n trae un ambiente aterrador pero cautivador, cambiando un bong vaso com\u00fan en una pieza de la declaraci\u00f3n que acapara la atenci\u00f3n ya sea en pantalla o en funcionamiento.<\/p>\n<p>Su amplia base en forma de vaso garantiza una estabilidad excepcional a la vez que permite una mayor capacidad de agua para una filtraci\u00f3n potenciada. En el interior, el sistema de percolaci\u00f3n enfr\u00eda y difunde el humo de manera eficiente, proporcionando caladas m\u00e1s limpias y suaves. El cristal curvado no s\u00f3lo aporta un toque imaginativo, sino que adem\u00e1s proporciona c\u00f3modos puntos de agarre, lo que hace que la pieza sea muy f\u00e1cil de manejar durante las sesiones.<\/p>\n<p>Atributos<\/p>\n<p>Costes de construcci\u00f3n de vidrio de borosilicato<\/p>\n<p>Altura de 11 pulgadas para un rendimiento potente y suave<\/p>\n<p>Ojos de malvada cabeza con detalles de tent\u00e1culos de colores<\/p>\n<p>Base de vaso ancha para m\u00e1xima seguridad y capacidad de agua<\/p>\n<p>Sistema de percolaci\u00f3n para golpes refrigerados y filtrados<\/p>\n<p>Disponible en varios colores vivos: morado, rojo, verde<\/p>\n<p>Dise\u00f1o ergon\u00f3mico con c\u00f3modas funciones de sujeci\u00f3n<\/p>\n<p>El Evil Skull Eyes Beaker Bongs es m\u00e1s que un simple dispositivo para fumar - es un punto focal del pensamiento creativo y la artesan\u00eda. Su combinaci\u00f3n de dise\u00f1o de alta funcionalidad y visual vanguardista hace que sea el mejor para aquellos que desean destacar. Su robusta construcci\u00f3n garantiza su durabilidad, mientras que la filtraci\u00f3n avanzada mantiene cada calada suave y deliciosa.<\/p>\n<p>Si busca una pieza que combine el rendimiento con un vibrante toque art\u00edstico, la Pipa Beaker Evil Head Eyes de 11 pulgadas ofrece una experiencia escalofriantemente excelente para fumar cigarrillos.<\/p>","protected":false},"excerpt":{"rendered":"<p>Beaker Bongs Evil Skull Eyes 11in Pipe is made from durable borosilicate glass with bold skull eye details and tentacle accents. Featuring a wide base, smooth percolation, and striking colors, it delivers stable performance and powerful hits while doubling as an artistic centerpiece.<\/p>","protected":false},"featured_media":3690,"comment_status":"open","ping_status":"closed","template":"","meta":[],"product_brand":[],"product_cat":[39],"product_tag":[226,168,334],"class_list":{"0":"post-3689","1":"product","2":"type-product","3":"status-publish","4":"has-post-thumbnail","6":"product_cat-beaker-bongs","7":"product_tag-beaker-bong","8":"product_tag-glass-water-pipe","9":"product_tag-skull-design-bong","11":"first","12":"instock","13":"shipping-taxable","14":"purchasable","15":"product-type-variable"},"_links":{"self":[{"href":"https:\/\/buyegglass.com\/es\/wp-json\/wp\/v2\/product\/3689","targetHints":{"allow":["GET"]}}],"collection":[{"href":"https:\/\/buyegglass.com\/es\/wp-json\/wp\/v2\/product"}],"about":[{"href":"https:\/\/buyegglass.com\/es\/wp-json\/wp\/v2\/types\/product"}],"replies":[{"embeddable":true,"href":"https:\/\/buyegglass.com\/es\/wp-json\/wp\/v2\/comments?post=3689"}],"wp:featuredmedia":[{"embeddable":true,"href":"https:\/\/buyegglass.com\/es\/wp-json\/wp\/v2\/media\/3690"}],"wp:attachment":[{"href":"https:\/\/buyegglass.com\/es\/wp-json\/wp\/v2\/media?parent=3689"}],"wp:term":[{"taxonomy":"product_brand","embeddable":true,"href":"https:\/\/buyegglass.com\/es\/wp-json\/wp\/v2\/product_brand?post=3689"},{"taxonomy":"product_cat","embeddable":true,"href":"https:\/\/buyegglass.com\/es\/wp-json\/wp\/v2\/product_cat?post=3689"},{"taxonomy":"product_tag","embeddable":true,"href":"https:\/\/buyegglass.com\/es\/wp-json\/wp\/v2\/product_tag?post=3689"}],"curies":[{"name":"wp","href":"https:\/\/api.w.org\/{rel}","templated":true}]}}