{"id":3641,"date":"2025-09-26T07:54:52","date_gmt":"2025-09-26T07:54:52","guid":{"rendered":"https:\/\/buyegglass.com\/?post_type=product&#038;p=3641"},"modified":"2025-10-10T09:15:30","modified_gmt":"2025-10-10T09:15:30","slug":"eg-97-swiss-perc-bent-neck-dab-rig-glass-same-day-delivery","status":"publish","type":"product","link":"https:\/\/buyegglass.com\/es\/product\/eg-97-swiss-perc-bent-neck-dab-rig-glass-same-day-delivery\/","title":{"rendered":"EG-97 Swiss Perc Bent Neck Dab Rig Cristal entrega en el d\u00eda"},"content":{"rendered":"<h2>EG-97 Swiss Perc Bent Neck Dab Rig<\/h2>\n<p>El EG-97 Swiss Perc Bent Neck Bit Rig combina el rendimiento moderno con la creatividad del vidrio. Hecho de vidrio de borosilicato de alta calidad, esta pieza est\u00e1 dise\u00f1ada para proporcionar golpes suaves y sabrosos mientras se destaca como un punto focal en cualquier colecci\u00f3n.<\/p>\n<p>El equipo cuenta con una c\u00e1mara de percusi\u00f3n suiza con numerosos recortes redondos que no s\u00f3lo mejoran el aspecto, sino que tambi\u00e9n mejoran el flujo de aire y la difusi\u00f3n. Este intrincado estilo permite que el vapor pase con un arrastre marginal, enfriandolo exitosamente para atraciones mas suaves. Su boquilla de cuello doblado proporciona comodidad, detiene las salpicaduras, y crea un \u00e1ngulo ergon\u00f3mico que es f\u00e1cil de usar durante largas sesiones.<\/p>\n<p>En la base, el aparejo est\u00e1 realzado con vivos tonos acentuados como el rojo, el verde azulado, el naranja y el ecol\u00f3gico, que garantizan tanto la seguridad como la personalidad. Los acentos de color a juego proceden con el cuello y el plato, incluyendo la uniformidad al estilo al tiempo que permite a los usuarios elegir un aspecto que se adapte a su dise\u00f1o.<\/p>\n<p>Funciones<\/p>\n<p>Costes de construcci\u00f3n de vidrio de borosilicato<\/p>\n<p>C\u00e1mara de percusi\u00f3n suiza con aberturas cortadas con precisi\u00f3n para una difusi\u00f3n avanzada<\/p>\n<p>Boquilla de cuello doblado para mayor comodidad y evitar salpicaduras<\/p>\n<p>Base ancha y estable con opciones de colores vibrantes<\/p>\n<p>Flujo de aire suave para golpes limpios e impresionantes<\/p>\n<p>Elevaci\u00f3n dise\u00f1ada para ser transportable y funcional<\/p>\n<p>Distribuci\u00f3n en el mismo d\u00eda para mayor rapidez<\/p>\n<p>Este equipo no s\u00f3lo tiene buen aspecto, sino que ha sido desarrollado para ser eficaz. El estilo suizo del perc asegura la filtraci\u00f3n \u00f3ptima, mientras que la construcci\u00f3n robusta le hace reputable para el uso diario. Su dimensi\u00f3n es lo suficientemente port\u00e1til como para manejar sin esfuerzo, pero lo suficientemente eficaz como para suministrar excelentes golpes.<\/p>\n<p>Tanto si eres un dabber experimentado como si eres nuevo en los rigs de cristal, el EG-97 Swiss Perc Bent Neck Dab Rig ofrece una mezcla de resistencia, arte y rendimiento suave. Con entrega en el mismo d\u00eda disponible, puedes apreciar sus ventajas hoy sin tener que esperar.<\/p>","protected":false},"excerpt":{"rendered":"<article class=\"text-token-text-primary w-full focus:outline-none scroll-mt-[calc(var(--header-height)+min(200px,max(70px,20svh)))]\" dir=\"auto\" tabindex=\"-1\" data-turn-id=\"request-WEB:c6d24e59-35f7-476c-b82e-cc847a086b54-96\" data-testid=\"conversation-turn-42\" data-scroll-anchor=\"true\" data-turn=\"assistant\">\n<div class=\"text-base my-auto mx-auto pb-10 [--thread-content-margin:--spacing(4)] thread-sm:[--thread-content-margin:--spacing(6)] thread-lg:[--thread-content-margin:--spacing(16)] px-(--thread-content-margin)\">\n<div class=\"[--thread-content-max-width:40rem] thread-lg:[--thread-content-max-width:48rem] mx-auto max-w-(--thread-content-max-width) flex-1 group\/turn-messages focus-visible:outline-hidden relative flex w-full min-w-0 flex-col agent-turn\" tabindex=\"-1\">\n<div class=\"flex max-w-full flex-col grow\">\n<div class=\"min-h-8 text-message relative flex w-full flex-col items-end gap-2 text-start break-words whitespace-normal [.text-message+&amp;]:mt-5\" dir=\"auto\" data-message-author-role=\"assistant\" data-message-id=\"71519595-e008-4592-b3f6-9c6df47996a3\" data-message-model-slug=\"gpt-5-instant\">\n<div class=\"flex w-full flex-col gap-1 empty:hidden first:pt-[3px]\">\n<div class=\"markdown prose dark:prose-invert w-full break-words light markdown-new-styling\">\n<p data-start=\"0\" data-end=\"286\" data-is-last-node=\"\" data-is-only-node=\"\">EG-97 Swiss Perc Bent Neck Dab Rig is crafted from durable borosilicate glass with a unique Swiss perc chamber, bent neck design, and colorful accents. Offering smooth filtration, stability, and style, this 6.7-inch rig is perfect for clean hits and is available with same-day delivery.<\/p>\n<\/div>\n<\/div>\n<\/div>\n<\/div>\n<\/div>\n<\/div>\n<\/article>\n","protected":false},"featured_media":3645,"comment_status":"open","ping_status":"closed","template":"","meta":[],"product_brand":[],"product_cat":[15],"product_tag":[330,313,329],"class_list":{"0":"post-3641","1":"product","2":"type-product","3":"status-publish","4":"has-post-thumbnail","6":"product_cat-uncategorized","7":"product_tag-bent-neck-rig","8":"product_tag-dab-rig","9":"product_tag-glass-dab-rig","11":"first","12":"instock","13":"shipping-taxable","14":"purchasable","15":"product-type-variable"},"_links":{"self":[{"href":"https:\/\/buyegglass.com\/es\/wp-json\/wp\/v2\/product\/3641","targetHints":{"allow":["GET"]}}],"collection":[{"href":"https:\/\/buyegglass.com\/es\/wp-json\/wp\/v2\/product"}],"about":[{"href":"https:\/\/buyegglass.com\/es\/wp-json\/wp\/v2\/types\/product"}],"replies":[{"embeddable":true,"href":"https:\/\/buyegglass.com\/es\/wp-json\/wp\/v2\/comments?post=3641"}],"wp:featuredmedia":[{"embeddable":true,"href":"https:\/\/buyegglass.com\/es\/wp-json\/wp\/v2\/media\/3645"}],"wp:attachment":[{"href":"https:\/\/buyegglass.com\/es\/wp-json\/wp\/v2\/media?parent=3641"}],"wp:term":[{"taxonomy":"product_brand","embeddable":true,"href":"https:\/\/buyegglass.com\/es\/wp-json\/wp\/v2\/product_brand?post=3641"},{"taxonomy":"product_cat","embeddable":true,"href":"https:\/\/buyegglass.com\/es\/wp-json\/wp\/v2\/product_cat?post=3641"},{"taxonomy":"product_tag","embeddable":true,"href":"https:\/\/buyegglass.com\/es\/wp-json\/wp\/v2\/product_tag?post=3641"}],"curies":[{"name":"wp","href":"https:\/\/api.w.org\/{rel}","templated":true}]}}