{"id":3625,"date":"2025-09-26T07:43:40","date_gmt":"2025-09-26T07:43:40","guid":{"rendered":"https:\/\/buyegglass.com\/?post_type=product&#038;p=3625"},"modified":"2025-10-10T08:27:15","modified_gmt":"2025-10-10T08:27:15","slug":"dab-oil-rigs-eg-96-ufo-dab-rig-borosilicate-glass-buy-6-7in","status":"publish","type":"product","link":"https:\/\/buyegglass.com\/es\/product\/dab-oil-rigs-eg-96-ufo-dab-rig-borosilicate-glass-buy-6-7in\/","title":{"rendered":"Dab Oil Rigs EG-96 UFO Dab Rig Vidrio Borosilicato Comprar 6.7in"},"content":{"rendered":"<h2>Dab Oil Rigs EG-96 UFO Dab Gear<\/h2>\n<p>El Dab Oil Rigs EG-96 UFO Dab Gear proporciona una eficiencia perfecta junto con un estilo vivo. Con una altura de 6,7 pulgadas, esta peque\u00f1a pero atractiva plataforma est\u00e1 hecha de vidrio de borosilicato de primera calidad, proporcionando resistencia y dise\u00f1o intactos.<\/p>\n<p>Lo m\u00e1s destacado del Dab Oil Rigs EG-96 es su vibrante tapa de c\u00e1mara en forma de OVNI, que incluye tonos fuertes como naranja, verde, amarillo y rojo. Decorado con acentos pobladas y brazos extendidos \"antena\", la pieza central OVNI crea una apariencia caprichosa al tiempo que garantiza un marco robusto y pr\u00e1ctico. Combinado con un tallo descendente de color a juego y una amplia base, este engranaje mezcla el atractivo creativo con la funcionalidad cotidiana.<\/p>\n<p>Atributos<\/p>\n<p>Fabricado en resistente vidrio de borosilicato<\/p>\n<p>Peque\u00f1a altura de 6,7 pulgadas, perfecta para transportarla<\/p>\n<p>Disposici\u00f3n \u00fanica de la c\u00e1mara inspirada en un ovni con detalles l\u00fadicos<\/p>\n<p>Colores vivos: naranja, rojo, verde y amarillo<\/p>\n<p>Base ancha y robusta para mayor estabilidad<\/p>\n<p>C\u00f3moda boquilla en \u00e1ngulo para una extracci\u00f3n suave<\/p>\n<p>Percolaci\u00f3n de precisi\u00f3n para golpes ordenados e impresionantes<\/p>\n<p>La eficiencia nunca se ve comprometida con el EG-96. En su interior, el percolador de precisi\u00f3n difunde y enfr\u00eda el vapor de forma eficiente, proporcionando continuamente caladas suaves y sabrosas. La boquilla inclinada asegura la comodidad al tiempo que minimiza las salpicaduras, y el estilo OVNI a\u00f1ade un toque de pensamiento creativo a cada sesi\u00f3n.<\/p>\n<p>Esta plataforma no es s\u00f3lo funcional, tambi\u00e9n es una obra de arte que llama la atenci\u00f3n en cualquier colecci\u00f3n. Su peque\u00f1o tama\u00f1o lo hace excelente para uso individual o para viajar, mientras que su atrevido estilo garantiza que siempre ser\u00e1 un tema de conversaci\u00f3n.<\/p>\n<p>Tanto si eres un coleccionista que aprecia el arte del cristal o un cliente diario que busca un equipo que funcione como parece, el Dab Oil Rigs EG-96 UFO Dab Rig proporciona el mejor equilibrio entre alta calidad, pensamiento creativo y funcionalidad sin problemas.<\/p>","protected":false},"excerpt":{"rendered":"<p>Dab Oil Rigs EG-96 UFO stands 6.7 inches tall and is crafted from durable borosilicate glass. With a colorful UFO design, sturdy base, and smooth percolation, it delivers clean, cool hits while adding a playful, space-inspired touch to your collection. Perfect for style and performance.<\/p>","protected":false},"featured_media":3632,"comment_status":"open","ping_status":"closed","template":"","meta":[],"product_brand":[],"product_cat":[41],"product_tag":[104,326,327],"class_list":{"0":"post-3625","1":"product","2":"type-product","3":"status-publish","4":"has-post-thumbnail","6":"product_cat-dab-oil-rigs","7":"product_tag-borosilicate-glass","8":"product_tag-dab-oil-rigs-eg-96-ufo","9":"product_tag-ufo-dab-rig","11":"first","12":"instock","13":"shipping-taxable","14":"purchasable","15":"product-type-variable"},"_links":{"self":[{"href":"https:\/\/buyegglass.com\/es\/wp-json\/wp\/v2\/product\/3625","targetHints":{"allow":["GET"]}}],"collection":[{"href":"https:\/\/buyegglass.com\/es\/wp-json\/wp\/v2\/product"}],"about":[{"href":"https:\/\/buyegglass.com\/es\/wp-json\/wp\/v2\/types\/product"}],"replies":[{"embeddable":true,"href":"https:\/\/buyegglass.com\/es\/wp-json\/wp\/v2\/comments?post=3625"}],"wp:featuredmedia":[{"embeddable":true,"href":"https:\/\/buyegglass.com\/es\/wp-json\/wp\/v2\/media\/3632"}],"wp:attachment":[{"href":"https:\/\/buyegglass.com\/es\/wp-json\/wp\/v2\/media?parent=3625"}],"wp:term":[{"taxonomy":"product_brand","embeddable":true,"href":"https:\/\/buyegglass.com\/es\/wp-json\/wp\/v2\/product_brand?post=3625"},{"taxonomy":"product_cat","embeddable":true,"href":"https:\/\/buyegglass.com\/es\/wp-json\/wp\/v2\/product_cat?post=3625"},{"taxonomy":"product_tag","embeddable":true,"href":"https:\/\/buyegglass.com\/es\/wp-json\/wp\/v2\/product_tag?post=3625"}],"curies":[{"name":"wp","href":"https:\/\/api.w.org\/{rel}","templated":true}]}}