{"id":3551,"date":"2025-09-26T07:28:31","date_gmt":"2025-09-26T07:28:31","guid":{"rendered":"https:\/\/buyegglass.com\/?post_type=product&#038;p=3551"},"modified":"2025-10-10T09:16:56","modified_gmt":"2025-10-10T09:16:56","slug":"dab-oil-rigs-borosilicate-glass-spinning-nba-jersey-discount","status":"publish","type":"product","link":"https:\/\/buyegglass.com\/es\/product\/dab-oil-rigs-borosilicate-glass-spinning-nba-jersey-discount\/","title":{"rendered":"Dab Oil Rigs Borosilicate Glass Spinning NBA Jersey Descuento"},"content":{"rendered":"<h2>Dab Oil Rigs NBA Jersey Version<\/h2>\n<p>Conmemora tu amor por el baloncesto mientras disfrutas de golpes suaves con el Dab Oil Rigs Borosilicate Glass Spinning NBA Jacket Version. Este art\u00edculo \u00fanico en su clase est\u00e1 fabricado con vidrio de borosilicato de primera calidad, lo que garantiza tanto su robustez como su capacidad de limpieza. Hecho para los seguidores del deporte y las agencias de coleccionismo, integra la cristaler\u00eda art\u00edstica con un tema que habla directamente de la cultura de la NBA.<\/p>\n<p>Cada equipaci\u00f3n luce un atrevido dise\u00f1o de chaqueta dentro de la c\u00e1mara, que incluye n\u00fameros de renombre motivados por jugadores famosos. Ya sea el 23, el 24, el 30 o el 34, estos detalles de la chaqueta destacan r\u00e1pidamente, convirtiendo la equipaci\u00f3n en un art\u00edculo divertido y significativo para los seguidores. En la base, una pelota de baloncesto de cristal hecha a mano incluye un grado adicional de informaci\u00f3n, llevando todo el tema deportivo entre s\u00ed de una manera vibrante y animada.<\/p>\n<p>El equipo se apoya de forma segura en una base tintada, con detalles a juego en la boquilla y el mango. Disponible en rojo, amarillo, verde azulado y granate, las combinaciones de colores le permiten elegir su aspecto favorito o acumularlos todos. La boquilla inclinada ofrece comodidad, mientras que la empu\u00f1adura lateral no s\u00f3lo a\u00f1ade estilo, sino que facilita el manejo durante las sesiones.<\/p>\n<p>Caracter\u00edsticas<\/p>\n<p>Construcci\u00f3n duradera de vidrio de borosilicato<\/p>\n<p>Chaquetas inspiradas en la NBA con n\u00fameros legendarios<\/p>\n<p>Detalle de bal\u00f3n de baloncesto giratorio en la base<\/p>\n<p>Sistema de percolaci\u00f3n suave para golpes limpios y grandes<\/p>\n<p>Base redonda segura con colores llamativos<\/p>\n<p>C\u00f3moda boquilla en \u00e1ngulo con mango ergon\u00f3mico<\/p>\n<p>Este art\u00edculo es mucho m\u00e1s que un simple dispositivo de vaporizaci\u00f3n: es una declaraci\u00f3n de estilo, afici\u00f3n y creatividad. El sofisticado percolador garantiza una purificaci\u00f3n suave, haciendo que cada calada sea placentera, mientras que el tema del baloncesto lo convierte en una pieza de exposici\u00f3n ideal. Si usted es un entusiasta serio o simplemente quiere mezclar su amor por los aros con sus sesiones, el Dab Oil Rigs Borosilicate Glass Spinning NBA Jersey Version es una opci\u00f3n bang dunk.<\/p>","protected":false},"excerpt":{"rendered":"<p>o want performance and creativity in one collectible piece.<\/p>","protected":false},"featured_media":3559,"comment_status":"open","ping_status":"closed","template":"","meta":[],"product_brand":[],"product_cat":[41],"product_tag":[313,204,319],"class_list":{"0":"post-3551","1":"product","2":"type-product","3":"status-publish","4":"has-post-thumbnail","6":"product_cat-dab-oil-rigs","7":"product_tag-dab-rig","8":"product_tag-glass-oil-rig","9":"product_tag-nba-rig","11":"first","12":"instock","13":"shipping-taxable","14":"purchasable","15":"product-type-variable"},"_links":{"self":[{"href":"https:\/\/buyegglass.com\/es\/wp-json\/wp\/v2\/product\/3551","targetHints":{"allow":["GET"]}}],"collection":[{"href":"https:\/\/buyegglass.com\/es\/wp-json\/wp\/v2\/product"}],"about":[{"href":"https:\/\/buyegglass.com\/es\/wp-json\/wp\/v2\/types\/product"}],"replies":[{"embeddable":true,"href":"https:\/\/buyegglass.com\/es\/wp-json\/wp\/v2\/comments?post=3551"}],"wp:featuredmedia":[{"embeddable":true,"href":"https:\/\/buyegglass.com\/es\/wp-json\/wp\/v2\/media\/3559"}],"wp:attachment":[{"href":"https:\/\/buyegglass.com\/es\/wp-json\/wp\/v2\/media?parent=3551"}],"wp:term":[{"taxonomy":"product_brand","embeddable":true,"href":"https:\/\/buyegglass.com\/es\/wp-json\/wp\/v2\/product_brand?post=3551"},{"taxonomy":"product_cat","embeddable":true,"href":"https:\/\/buyegglass.com\/es\/wp-json\/wp\/v2\/product_cat?post=3551"},{"taxonomy":"product_tag","embeddable":true,"href":"https:\/\/buyegglass.com\/es\/wp-json\/wp\/v2\/product_tag?post=3551"}],"curies":[{"name":"wp","href":"https:\/\/api.w.org\/{rel}","templated":true}]}}