{"id":3524,"date":"2025-09-26T07:23:41","date_gmt":"2025-09-26T07:23:41","guid":{"rendered":"https:\/\/buyegglass.com\/?post_type=product&#038;p=3524"},"modified":"2025-10-10T09:16:58","modified_gmt":"2025-10-10T09:16:58","slug":"dab-oil-rigs-spinning-spaceship-borosilicate-glass-eg-89-get","status":"publish","type":"product","link":"https:\/\/buyegglass.com\/es\/product\/dab-oil-rigs-spinning-spaceship-borosilicate-glass-eg-89-get\/","title":{"rendered":"Dab Oil Rigs Spinning Nave espacial de vidrio de borosilicato EG-89 Obtener"},"content":{"rendered":"<h2>Dab Oil Rigs EG-89 Nave espacial giratoria<\/h2>\n<p>Lleva tus sesiones a otra galaxia con la nave espacial giratoria EG-89 de Dab Oil Rigs. Esta impresionante plataforma est\u00e1 hecha de vidrio de borosilicato duradero y cuenta con un tema interestelar imaginativa, la integraci\u00f3n de dise\u00f1o creativo con una excelente capacidad. Su pieza central distintiva - un minucioso spacecraf de vidrio puesto en espera en la c\u00e1mara - incluye un animado toque c\u00f3smico, mientras que tambi\u00e9n muestra la mano de obra que establece esta pieza aparte.<\/p>\n<p>El engranaje EG-89 se alza sobre una base fuerte y vibrante disponible en amarillo, rojo, verde azulado y granate intenso, ofreciendo a los clientes alternativas de moda a juego con su ambiente. Un acento a juego en la boquilla y en el mando lateral completa el atrevido aspecto de inspiraci\u00f3n espacial. Lo m\u00e1s destacado de este art\u00edculo es su dise\u00f1o de nave espacial giratoria, que aporta movimiento y vida a cada sesi\u00f3n, transformando un pr\u00e1ctico equipo en una obra de arte interactiva.<\/p>\n<p>Atributos<\/p>\n<p>Construcci\u00f3n de vidrio de borosilicato de alta calidad para mayor durabilidad<\/p>\n<p>Foco especial de nave espacial con detalle giratorio<\/p>\n<p>Base robusta con vivos acentos en la pantalla<\/p>\n<p>Percolador de precisi\u00f3n para una filtraci\u00f3n suave y ordenada<\/p>\n<p>C\u00f3moda boquilla inclinada para un uso muy f\u00e1cil<\/p>\n<p>Disponible en varios colores: amarillo, rojo, verde azulado y granate.<\/p>\n<p>El rendimiento no est\u00e1 re\u00f1ido con el dise\u00f1o. Dentro de la c\u00e1mara, el percolador avanzado garantiza que el vapor se enfr\u00ede y se filtre hasta la excelencia, proporcionando caladas suaves y sabrosas. La boquilla en \u00e1ngulo proporciona un agarre c\u00f3modo, mientras que el mango ergon\u00f3mico a\u00f1ade dise\u00f1o y comodidad.<\/p>\n<p>Tanto si eres un devoto coleccionista como si acabas de iniciar tu andadura en el mundo de los engranajes de cristal, el Dab Oil Rigs EG-89 Spinning Spaceship utiliza un equilibrio de alto rendimiento y arte imaginativo. Es excelente para la satisfacci\u00f3n individual o como un elemento de pantalla de visualizaci\u00f3n destacado que provocar\u00e1 conversaciones con los amigos.<\/p>\n<p>Con el EG-89, cada sesi\u00f3n parece el despegue de un avi\u00f3n, que despega directamente hacia golpes suaves y un dise\u00f1o interestelar.<\/p>","protected":false},"excerpt":{"rendered":"<p>Dab Oil Rigs EG-89 Spinning Spaceship blends artistry with performance. Featuring a glass rocket centerpiece, bold colors, sturdy borosilicate build, and smooth percolation, it delivers clean hits with cosmic style. A standout piece for collectors and everyday sessions alike.<\/p>","protected":false},"featured_media":3530,"comment_status":"open","ping_status":"closed","template":"","meta":[],"product_brand":[],"product_cat":[41],"product_tag":[313,204,317],"class_list":{"0":"post-3524","1":"product","2":"type-product","3":"status-publish","4":"has-post-thumbnail","6":"product_cat-dab-oil-rigs","7":"product_tag-dab-rig","8":"product_tag-glass-oil-rig","9":"product_tag-spaceship-rig","11":"first","12":"instock","13":"shipping-taxable","14":"purchasable","15":"product-type-variable"},"_links":{"self":[{"href":"https:\/\/buyegglass.com\/es\/wp-json\/wp\/v2\/product\/3524","targetHints":{"allow":["GET"]}}],"collection":[{"href":"https:\/\/buyegglass.com\/es\/wp-json\/wp\/v2\/product"}],"about":[{"href":"https:\/\/buyegglass.com\/es\/wp-json\/wp\/v2\/types\/product"}],"replies":[{"embeddable":true,"href":"https:\/\/buyegglass.com\/es\/wp-json\/wp\/v2\/comments?post=3524"}],"wp:featuredmedia":[{"embeddable":true,"href":"https:\/\/buyegglass.com\/es\/wp-json\/wp\/v2\/media\/3530"}],"wp:attachment":[{"href":"https:\/\/buyegglass.com\/es\/wp-json\/wp\/v2\/media?parent=3524"}],"wp:term":[{"taxonomy":"product_brand","embeddable":true,"href":"https:\/\/buyegglass.com\/es\/wp-json\/wp\/v2\/product_brand?post=3524"},{"taxonomy":"product_cat","embeddable":true,"href":"https:\/\/buyegglass.com\/es\/wp-json\/wp\/v2\/product_cat?post=3524"},{"taxonomy":"product_tag","embeddable":true,"href":"https:\/\/buyegglass.com\/es\/wp-json\/wp\/v2\/product_tag?post=3524"}],"curies":[{"name":"wp","href":"https:\/\/api.w.org\/{rel}","templated":true}]}}