{"id":3475,"date":"2025-09-26T07:14:02","date_gmt":"2025-09-26T07:14:02","guid":{"rendered":"https:\/\/buyegglass.com\/?post_type=product&#038;p=3475"},"modified":"2025-10-10T08:22:53","modified_gmt":"2025-10-10T08:22:53","slug":"dab-oil-rigs-colorful-winged-one-piece-borosilicate-glass","status":"publish","type":"product","link":"https:\/\/buyegglass.com\/es\/product\/dab-oil-rigs-colorful-winged-one-piece-borosilicate-glass\/","title":{"rendered":"Dab Oil Rigs Colorido vidrio de borosilicato de una pieza con alas"},"content":{"rendered":"<h2>Dab Oil Rigs Colorido vidrio de borosilicato de una pieza con alas<\/h2>\n<p>Aporta potencia din\u00e1mica a tus sesiones con el Dab Oil Rigs Colorful Winged One Piece. Fabricado a partir de vidrio de borosilicato de primera calidad, este art\u00edculo incorpora durabilidad con un llamativo virtuosismo. Cada rig incluye alas con motivos de arco iris en ambos lados, lo que le da un aspecto audaz y vibrante que atrae la atenci\u00f3n en cualquier tipo de colecci\u00f3n.<\/p>\n<p>El estilo de una sola pieza garantiza un f\u00e1cil manejo y una resistencia duradera, mientras que la estructura port\u00e1til hace que sea excelente tanto para uso dom\u00e9stico como sobre la marcha. La construcci\u00f3n de vidrio de borosilicato proporciona una excelente resistencia al calor, para que pueda disfrutar de golpes m\u00e1s suaves y limpios en cualquier momento.<\/p>\n<p>Disposici\u00f3n especial y rendimiento<\/p>\n<p>La funci\u00f3n destacada es la colecci\u00f3n de alas vibrantes, elaboradamente descrito con varias rayas de colores que desarrollan un resultado encantador cuando la luz viaja a trav\u00e9s. F\u00e1cilmente disponible en una selecci\u00f3n de tonos como el verde, p\u00farpura, rosa, claro, y los tonos de color marr\u00f3n-amarillo, cada equipo ofrece su propio car\u00e1cter, manteniendo el mismo rendimiento fiable exacta.<\/p>\n<p>Este producto no es s\u00f3lo est\u00e9tico, sino tambi\u00e9n funcional. Su peque\u00f1o tama\u00f1o hace que sea f\u00e1cil de llevar y guardar, mientras que la boquilla en \u00e1ngulo y base resistente mantenerlo estable durante todo el uso. El flujo de aire es suave y regulado, asegurando golpes gratificantes con esfuerzo marginal.<\/p>\n<p>Perfecto para coleccionistas y uso diario<\/p>\n<p>Tanto si es un coleccionista de cristaler\u00eda imaginativa como si simplemente busca una minicarretilla fiable, esta versi\u00f3n cumple todos los requisitos. Su construcci\u00f3n compacta lo convierte en un fant\u00e1stico conductor para el d\u00eda a d\u00eda, mientras que sus atractivas alas lo elevan a un tema de conversaci\u00f3n. Es el tipo de vaso que mezcla a la perfecci\u00f3n arte y energ\u00eda.<\/p>\n<p>Selecciona el Dab Oil Rigs Colorful Winged One Item Borosilicate Glass para a\u00f1adir estilo y funcionalidad a tu colecci\u00f3n. Con su construcci\u00f3n duradera y vibrante visual, este equipo asegura que cada sesi\u00f3n realmente se siente un poco m\u00e1s notable.<\/p>","protected":false},"excerpt":{"rendered":"<p>The Dab Oil Rigs Colorful Winged One Piece shines with rainbow-patterned wings and durable borosilicate glass. Compact, artistic, and functional, it offers smooth hits while doubling as a unique collectible piece in vibrant shades like green, pink, clear, and amber.<\/p>","protected":false},"featured_media":3483,"comment_status":"open","ping_status":"closed","template":"","meta":[],"product_brand":[],"product_cat":[41],"product_tag":[280,310,155],"class_list":{"0":"post-3475","1":"product","2":"type-product","3":"status-publish","4":"has-post-thumbnail","6":"product_cat-dab-oil-rigs","7":"product_tag-borosilicate-glass-rig","8":"product_tag-colorful-mini-bong","9":"product_tag-dab-oil-rigs","11":"first","12":"instock","13":"shipping-taxable","14":"purchasable","15":"product-type-variable"},"_links":{"self":[{"href":"https:\/\/buyegglass.com\/es\/wp-json\/wp\/v2\/product\/3475","targetHints":{"allow":["GET"]}}],"collection":[{"href":"https:\/\/buyegglass.com\/es\/wp-json\/wp\/v2\/product"}],"about":[{"href":"https:\/\/buyegglass.com\/es\/wp-json\/wp\/v2\/types\/product"}],"replies":[{"embeddable":true,"href":"https:\/\/buyegglass.com\/es\/wp-json\/wp\/v2\/comments?post=3475"}],"wp:featuredmedia":[{"embeddable":true,"href":"https:\/\/buyegglass.com\/es\/wp-json\/wp\/v2\/media\/3483"}],"wp:attachment":[{"href":"https:\/\/buyegglass.com\/es\/wp-json\/wp\/v2\/media?parent=3475"}],"wp:term":[{"taxonomy":"product_brand","embeddable":true,"href":"https:\/\/buyegglass.com\/es\/wp-json\/wp\/v2\/product_brand?post=3475"},{"taxonomy":"product_cat","embeddable":true,"href":"https:\/\/buyegglass.com\/es\/wp-json\/wp\/v2\/product_cat?post=3475"},{"taxonomy":"product_tag","embeddable":true,"href":"https:\/\/buyegglass.com\/es\/wp-json\/wp\/v2\/product_tag?post=3475"}],"curies":[{"name":"wp","href":"https:\/\/api.w.org\/{rel}","templated":true}]}}