{"id":3399,"date":"2025-09-26T04:03:58","date_gmt":"2025-09-26T04:03:58","guid":{"rendered":"https:\/\/buyegglass.com\/?post_type=product&#038;p=3399"},"modified":"2025-10-10T08:20:29","modified_gmt":"2025-10-10T08:20:29","slug":"beaker-bongs-fumed-beaker-pipe-borosilicate-glass-eg-76-buy","status":"publish","type":"product","link":"https:\/\/buyegglass.com\/es\/product\/beaker-bongs-fumed-beaker-pipe-borosilicate-glass-eg-76-buy\/","title":{"rendered":"Beaker Bongs Pipa de vidrio borosilicato EG-76 Comprar"},"content":{"rendered":"<h2>Beaker Bongs Pipa de vidrio borosilicato EG-76 Compra<\/h2>\n<p>El Beaker Bongs Fumed Beaker Pipe Borosilicate Glass EG-76 es una pieza bellamente elaborada dise\u00f1ada para ofrecer longevidad y dise\u00f1o. Hecho de grueso vidrio borosilicato, este bong asegura una eficiencia duradera manteniendo una apariencia elegante y contempor\u00e1nea. Con su cl\u00e1sica base de vaso, ofrece seguridad y una c\u00e1mara de agua m\u00e1s grande para una purificaci\u00f3n m\u00e1s suave, por lo que es \u00f3ptimo tanto para novatos como para usuarios expertos.<\/p>\n<p>Estilo Classy Fumed<\/p>\n<p>La funci\u00f3n m\u00e1s destacada de la EG-76 es su revestimiento de vidrio ahumado, que desarrolla patrones especiales de cambio de color que se alteran en funci\u00f3n de la iluminaci\u00f3n y el \u00e1ngulo. Cada pieza es realmente \u00fanica, y ofrece una mezcla de tonos din\u00e1micos a lo largo del cuello y un resultado brillante que realza su aspecto general. Este toque artesanal hace que la cachimba no s\u00f3lo sea funcional, sino tambi\u00e9n una pieza de arte en vidrio coleccionable.<\/p>\n<p>Experiencia superior al fumar cigarrillos<\/p>\n<p>La amplia base del vaso permite una mayor capacidad de agua, garantizando una refrigeraci\u00f3n y filtraci\u00f3n completas de cada golpe. El tallo inclinado hacia abajo mejora el flujo de aire y el rendimiento, mientras que el plato extra\u00edble facilita la limpieza y la recarga. El estilo asegura caladas suaves y deliciosas con menor crueldad.<\/p>\n<p>Duradero vidrio de borosilicato<\/p>\n<p>Creado a partir de vidrio de borosilicato de primera calidad, el EG-76 es resistente al calor y al desgaste diario. La duradera base del vaso minimiza los riesgos de vuelco, lo que lo convierte en una opci\u00f3n fiable para un uso normal. Su dise\u00f1o sencillo pero robusto enfatiza el rendimiento sin comprometer el aspecto.<\/p>\n<p>Especificaciones<\/p>\n<p>Material: Vidrio de borosilicato<\/p>\n<p>Disposici\u00f3n: Vidrio ahumado con tonos que cambian de color<\/p>\n<p>Dise\u00f1o: Tuber\u00eda de base de vaso intemporal<\/p>\n<p>Elevaci\u00f3n: Dimensi\u00f3n de herramienta, vers\u00e1til para el uso diario<\/p>\n<p>Caracter\u00edsticas: V\u00e1stago inclinado, cuenco desmontable, base segura<\/p>\n<p>El Beaker Bongs Fumed Beaker Pipe Borosilicate Glass EG-76 integra el rendimiento atemporal con el garbo imaginativo, ofreciendo una experiencia suave de fumar cigarrillos con un estilo est\u00e9ticamente magn\u00edfico.<\/p>","protected":false},"excerpt":{"rendered":"<p>The Beaker Bongs Fumed Beaker Pipe EG-76 is crafted from durable borosilicate glass with a classic beaker base. Its fumed glass neck creates shimmering color shifts, while the spacious chamber ensures smooth, filtered hits. Stylish accents and a sturdy design make it perfect for daily use or display.<\/p>","protected":false},"featured_media":3405,"comment_status":"open","ping_status":"closed","template":"","meta":[],"product_brand":[],"product_cat":[39],"product_tag":[226,298,297],"class_list":{"0":"post-3399","1":"product","2":"type-product","3":"status-publish","4":"has-post-thumbnail","6":"product_cat-beaker-bongs","7":"product_tag-beaker-bong","8":"product_tag-borosilicate-beaker-pipe","9":"product_tag-fumed-glass-bong","11":"first","12":"instock","13":"shipping-taxable","14":"purchasable","15":"product-type-variable"},"_links":{"self":[{"href":"https:\/\/buyegglass.com\/es\/wp-json\/wp\/v2\/product\/3399","targetHints":{"allow":["GET"]}}],"collection":[{"href":"https:\/\/buyegglass.com\/es\/wp-json\/wp\/v2\/product"}],"about":[{"href":"https:\/\/buyegglass.com\/es\/wp-json\/wp\/v2\/types\/product"}],"replies":[{"embeddable":true,"href":"https:\/\/buyegglass.com\/es\/wp-json\/wp\/v2\/comments?post=3399"}],"wp:featuredmedia":[{"embeddable":true,"href":"https:\/\/buyegglass.com\/es\/wp-json\/wp\/v2\/media\/3405"}],"wp:attachment":[{"href":"https:\/\/buyegglass.com\/es\/wp-json\/wp\/v2\/media?parent=3399"}],"wp:term":[{"taxonomy":"product_brand","embeddable":true,"href":"https:\/\/buyegglass.com\/es\/wp-json\/wp\/v2\/product_brand?post=3399"},{"taxonomy":"product_cat","embeddable":true,"href":"https:\/\/buyegglass.com\/es\/wp-json\/wp\/v2\/product_cat?post=3399"},{"taxonomy":"product_tag","embeddable":true,"href":"https:\/\/buyegglass.com\/es\/wp-json\/wp\/v2\/product_tag?post=3399"}],"curies":[{"name":"wp","href":"https:\/\/api.w.org\/{rel}","templated":true}]}}