{"id":3323,"date":"2025-09-26T03:23:23","date_gmt":"2025-09-26T03:23:23","guid":{"rendered":"https:\/\/buyegglass.com\/?post_type=product&#038;p=3323"},"modified":"2025-10-10T08:30:14","modified_gmt":"2025-10-10T08:30:14","slug":"dab-oil-rigs-eg-64-big-eye-octopus-head-borosilicate-glass","status":"publish","type":"product","link":"https:\/\/buyegglass.com\/es\/product\/dab-oil-rigs-eg-64-big-eye-octopus-head-borosilicate-glass\/","title":{"rendered":"Dab Oil Rigs EG-64 Cabeza de pulpo Big Eye Vidrio de borosilicato"},"content":{"rendered":"<h2>Dab Oil Rigs EG-64 Cabeza de pulpo Big Eye Vidrio de borosilicato<\/h2>\n<p>El Dab Oil Rigs EG-64 Big Eye Octopus Head dise\u00f1o combina la creatividad innovadora con la eficiencia de alta funcionalidad. Hecho a mano de vidrio de borosilicato de larga duraci\u00f3n, este aparejo se construye para hacer frente a caliente, mientras que el uso de un estilo llamativo que atrae al instante la atenci\u00f3n en cualquier tipo de colecci\u00f3n. La amplia base de estilo vaso de precipitados le proporciona una excelente seguridad, mientras que el percolador de precisi\u00f3n en el interior garantiza golpes m\u00e1s suaves y limpios.<\/p>\n<p>Dise\u00f1o distintivo de cabeza de pulpo<\/p>\n<p>Lo m\u00e1s destacado de este arte es su boquilla de cabeza de pulpo fuerte, lleno de un car\u00e1cter animado \"ojo grande\". Ofrecido en colores vivos como el rojo, naranja, respetuoso del medio ambiente, y azul, cada engranaje tiene una personalidad distinta. La informaci\u00f3n soplado a mano que sea tanto una pieza de pantalla como un dispositivo de cigarrillos de fumar \u00fatil.<\/p>\n<p>La funci\u00f3n cumple con el arte<\/p>\n<p>La construcci\u00f3n de vidrio de borosilicato garantiza una larga duraci\u00f3n y resistencia al choque t\u00e9rmico, por lo que es ideal para un uso regular. La base del vaso contiene abundante agua para proporcionar una filtraci\u00f3n consistente, enfriando cada calada para una experiencia m\u00e1s suave. En el interior, el cuidado tallo descendente se conecta a un percolador que descompone el humo en diminutas burbujas, aprovechando al m\u00e1ximo la difusi\u00f3n y el sabor.<\/p>\n<p>Perfecto para coleccionistas y usuarios diarios<\/p>\n<p>Tanto si es un fan\u00e1tico del arte en vidrio como una persona que intenta encontrar un veh\u00edculo fiable para el d\u00eda a d\u00eda, el EG-64 le ofrece ambas cosas. Su innovador dise\u00f1o lo convierte en un tema de conversaci\u00f3n, mientras que su robusta construcci\u00f3n soporta largas sesiones. F\u00e1cil de limpiar y conservar, se ha desarrollado tanto para la funci\u00f3n como para el atractivo est\u00e9tico.<\/p>\n<p>Requisitos<\/p>\n<p>Producto: Vidrio borosilicato<\/p>\n<p>Disposici\u00f3n: Cabeza de pulpo con detalle de ojo grande<\/p>\n<p>Estilo: Beaker base gear<\/p>\n<p>Atributos: V\u00e1stago fijo, filtro percolador<\/p>\n<p>Colores ofrecidos: Rojo, Naranja, Ecol\u00f3gico, Azul<\/p>\n<p>El Dab Oil Rigs EG-64 Big Eye Octopus Head proporciona tanto diversi\u00f3n como capacidad, utilizando una sorprendente mezcla de dise\u00f1o de vidrio art\u00edstico y una suave eficiencia para fumar.<\/p>","protected":false},"excerpt":{"rendered":"<p>The Dab Oil Rigs EG-64 Big Eye Octopus Head features a playful marine-inspired design crafted from durable borosilicate glass. Its beaker base ensures stability, while the percolator delivers smooth hits. Vibrant colors and detailed octopus heads make this rig both a functional tool and a collector\u2019s piece.<\/p>","protected":false},"featured_media":3324,"comment_status":"open","ping_status":"closed","template":"","meta":[],"product_brand":[],"product_cat":[41],"product_tag":[280,128,281],"class_list":{"0":"post-3323","1":"product","2":"type-product","3":"status-publish","4":"has-post-thumbnail","6":"product_cat-dab-oil-rigs","7":"product_tag-borosilicate-glass-rig","8":"product_tag-dab-oil-rig","9":"product_tag-octopus-head-rig","11":"first","12":"instock","13":"shipping-taxable","14":"purchasable","15":"product-type-variable"},"_links":{"self":[{"href":"https:\/\/buyegglass.com\/es\/wp-json\/wp\/v2\/product\/3323","targetHints":{"allow":["GET"]}}],"collection":[{"href":"https:\/\/buyegglass.com\/es\/wp-json\/wp\/v2\/product"}],"about":[{"href":"https:\/\/buyegglass.com\/es\/wp-json\/wp\/v2\/types\/product"}],"replies":[{"embeddable":true,"href":"https:\/\/buyegglass.com\/es\/wp-json\/wp\/v2\/comments?post=3323"}],"wp:featuredmedia":[{"embeddable":true,"href":"https:\/\/buyegglass.com\/es\/wp-json\/wp\/v2\/media\/3324"}],"wp:attachment":[{"href":"https:\/\/buyegglass.com\/es\/wp-json\/wp\/v2\/media?parent=3323"}],"wp:term":[{"taxonomy":"product_brand","embeddable":true,"href":"https:\/\/buyegglass.com\/es\/wp-json\/wp\/v2\/product_brand?post=3323"},{"taxonomy":"product_cat","embeddable":true,"href":"https:\/\/buyegglass.com\/es\/wp-json\/wp\/v2\/product_cat?post=3323"},{"taxonomy":"product_tag","embeddable":true,"href":"https:\/\/buyegglass.com\/es\/wp-json\/wp\/v2\/product_tag?post=3323"}],"curies":[{"name":"wp","href":"https:\/\/api.w.org\/{rel}","templated":true}]}}