{"id":3271,"date":"2025-09-26T02:03:46","date_gmt":"2025-09-26T02:03:46","guid":{"rendered":"https:\/\/buyegglass.com\/?post_type=product&#038;p=3271"},"modified":"2025-10-10T09:46:27","modified_gmt":"2025-10-10T09:46:27","slug":"straight-tube-bongs-eg-35-wig-wag-bullet-tube-glass-11-5-in","status":"publish","type":"product","link":"https:\/\/buyegglass.com\/es\/product\/straight-tube-bongs-eg-35-wig-wag-bullet-tube-glass-11-5-in\/","title":{"rendered":"Bongs de tubo recto EG-35 Wig Wag Bullet Tube Glass 11.5 in"},"content":{"rendered":"<h2>Bongs de tubo recto EG-35 Wig Wag Bullet Tube Glass 11.5 Inch<\/h2>\n<p>El Bongs de Tubo Recto EG-35 Wig Wag Bullet Tube Glass 11.5 Inch es una pieza elegante, con estilo y resistente desarrollado para los fumadores que valoran la eficiencia sin problemas y una est\u00e9tica llamativa. Con su construcci\u00f3n alta y delgada y el punto focal art\u00edstico de la bala wig wag, este bong integra el rendimiento y el arte en un estilo sofisticado.<\/p>\n<p>Dise\u00f1o imaginativo de la bala Wag Wig<\/p>\n<p>En el centro de este bong hay un vibrante percolador wag bullet. El dise\u00f1o de rayas de caramelo de colores no s\u00f3lo se destacan - sino que tambi\u00e9n ayuda a humo disperso para un golpe m\u00e1s suave y m\u00e1s fresco. La mezcla de patrones vibrantes y cristal borosilicato transparente desarrolla un resultado visual especial que destaca en cualquier tipo de coleccion.<\/p>\n<p>Vidrio de borosilicato de alta calidad<\/p>\n<p>Fabricado con vidrio de borosilicato grueso y resistente al calor, el EG-35 se ha desarrollado para ofrecer resistencia y un uso duradero. El vidrio de borosilicato es conocido por su capacidad para soportar altas temperaturas e impactos, lo que lo convierte en una elecci\u00f3n fiable para las sesiones diarias. Adem\u00e1s, el resistente estilo de tubo recto proporciona seguridad incluida.<\/p>\n<p>Caracter\u00edsticas y ventajas<\/p>\n<p>Elevaci\u00f3n: 11,5 pulgadas, proporcionando un equilibrio entre portabilidad y potencia de refrigeraci\u00f3n<\/p>\n<p>Cuerpo de tubo recto para golpes directos y eficaces<\/p>\n<p>Percolador Wig wag bullet para una mejor difusi\u00f3n<\/p>\n<p>Robusta construcci\u00f3n de vidrio de borosilicato<\/p>\n<p>Detalles de color en la base, el cuello y la bala para mayor atractivo visual<\/p>\n<p>F\u00e1cil de limpiar y conservar<\/p>\n<p>Adecuado para el uso diario<\/p>\n<p>El tubo recto Bongs EG-35 es el mejor para los fumadores experimentados y novatos que buscan una pieza de moda y funcional. Su estilo sencillo asegura la simplicidad de uso, mientras que los acentos imaginativos peluca wag lo convierten en una pieza central en cualquier tipo de configuraci\u00f3n.<\/p>\n<p>Este bong proporciona golpes s\u00f3lidos y suaves con un fuerte giro est\u00e9tico, por lo que es una excelente adici\u00f3n a la colecci\u00f3n de cristaler\u00eda de cualquier fumador.<\/p>","protected":false},"excerpt":{"rendered":"<p class=\"sr-only\"><span style=\"font-size: 16px;\">Straight Tube Bongs EG-35 Wig Wag Bullet Tube Glass 11.5 in features a bold striped bullet design, durable borosilicate glass, and sturdy base. It delivers smooth, powerful hits while offering colorful style and reliability, making it an excellent choice for both daily use and display.<\/span><\/p>","protected":false},"featured_media":3273,"comment_status":"open","ping_status":"closed","template":"","meta":[],"product_brand":[],"product_cat":[40],"product_tag":[262,217,261],"class_list":{"0":"post-3271","1":"product","2":"type-product","3":"status-publish","4":"has-post-thumbnail","6":"product_cat-straight-tube-bongs","7":"product_tag-11-5-inch-bong","8":"product_tag-straight-tube-bong","9":"product_tag-wig-wag-glass-bong","11":"first","12":"instock","13":"shipping-taxable","14":"purchasable","15":"product-type-variable"},"_links":{"self":[{"href":"https:\/\/buyegglass.com\/es\/wp-json\/wp\/v2\/product\/3271","targetHints":{"allow":["GET"]}}],"collection":[{"href":"https:\/\/buyegglass.com\/es\/wp-json\/wp\/v2\/product"}],"about":[{"href":"https:\/\/buyegglass.com\/es\/wp-json\/wp\/v2\/types\/product"}],"replies":[{"embeddable":true,"href":"https:\/\/buyegglass.com\/es\/wp-json\/wp\/v2\/comments?post=3271"}],"wp:featuredmedia":[{"embeddable":true,"href":"https:\/\/buyegglass.com\/es\/wp-json\/wp\/v2\/media\/3273"}],"wp:attachment":[{"href":"https:\/\/buyegglass.com\/es\/wp-json\/wp\/v2\/media?parent=3271"}],"wp:term":[{"taxonomy":"product_brand","embeddable":true,"href":"https:\/\/buyegglass.com\/es\/wp-json\/wp\/v2\/product_brand?post=3271"},{"taxonomy":"product_cat","embeddable":true,"href":"https:\/\/buyegglass.com\/es\/wp-json\/wp\/v2\/product_cat?post=3271"},{"taxonomy":"product_tag","embeddable":true,"href":"https:\/\/buyegglass.com\/es\/wp-json\/wp\/v2\/product_tag?post=3271"}],"curies":[{"name":"wp","href":"https:\/\/api.w.org\/{rel}","templated":true}]}}