{"id":3256,"date":"2025-09-26T01:53:49","date_gmt":"2025-09-26T01:53:49","guid":{"rendered":"https:\/\/buyegglass.com\/?post_type=product&#038;p=3256"},"modified":"2025-10-10T09:36:20","modified_gmt":"2025-10-10T09:36:20","slug":"glass-hand-pipe-rich-colors-mini-glass-ring-borosilicate-buy","status":"publish","type":"product","link":"https:\/\/buyegglass.com\/es\/product\/glass-hand-pipe-rich-colors-mini-glass-ring-borosilicate-buy\/","title":{"rendered":"Pipa de Mano de Vidrio Ricos Colores Mini Anillo de Vidrio Borosilicato Comprar"},"content":{"rendered":"<h2>Tuber\u00eda de mano de vidrio Estilos de color rico Mini anillo de vidrio borosilicato<\/h2>\n<p>La pipa de mano de vidrio Rich Colors Mini Glass Ring Borosilicate es una pieza imaginativa y funcional hecha tanto para la movilidad como para el dise\u00f1o. Con su dise\u00f1o de anillo \u00fanico en su clase, esta pipa de mano en miniatura es lo mejor para aquellos que quieren un accesorio peque\u00f1o, discreto y visualmente llamativo que se adapte c\u00f3modamente a la vida.<\/p>\n<p>Tonos vibrantes y estilo art\u00edstico<\/p>\n<p>Cada art\u00edculo est\u00e1 disponible en una variedad de tonos ricos y atractivos, desde azules y rojos vibrantes hasta morados, amarillos y verdes m\u00e1s suaves. Los dibujos de remolinos y rayas rojas aportan profundidad y car\u00e1cter, haciendo de cada pipa de mano un accesorio distintivo. El estilo en forma de anillo no s\u00f3lo es elegante, sino que tambi\u00e9n ofrece un agarre c\u00f3modo y protegido.<\/p>\n<p>Vidrio de borosilicato de larga duraci\u00f3n<\/p>\n<p>Fabricadas a partir de vidrio de borosilicato, estas minituber\u00edas est\u00e1n dise\u00f1adas para soportar el calor sin perder dureza. El vidrio es resistente a la fractura y el estr\u00e9s t\u00e9rmico y la ansiedad, lo que garantiza un uso duradero. A pesar de su peque\u00f1a dimensi\u00f3n, estas tuber\u00edas ofrecen una experiencia de fumar cigarrillos de buena reputaci\u00f3n que equilibra el nivel de suavidad y beneficio.<\/p>\n<p>M\u00f3vil y pr\u00e1ctico<\/p>\n<p>Determinar simplemente unos pocos cent\u00edmetros, estas tuber\u00edas de mano son muy port\u00e1tiles y f\u00e1ciles de llevar en un bolsillo, bolsa, o situaci\u00f3n diminuta. Son adecuados para sesiones r\u00e1pidas sobre la marcha o para las personas que como una pieza muy discreto. La limpieza es sencilla debido al estilo compacto, garantizando el mantenimiento es f\u00e1cil.<\/p>\n<p>El secreto hace hincapi\u00e9<\/p>\n<p>Fabricado en vidrio de borosilicato de larga duraci\u00f3n<\/p>\n<p>Variaciones crom\u00e1ticas ricas y din\u00e1micas<\/p>\n<p>Estilo \u00fanico de anillo de cristal mini para un agarre sencillo<\/p>\n<p>Port\u00e1til y port\u00e1til, lo mejor para usar sobre la marcha<\/p>\n<p>F\u00e1cil de limpiar y conservar<\/p>\n<p>El Mini Anillo de Vidrio de Borosilicato Rich Color Styles de Glass Hand Pipeline es m\u00e1s que un simple dispositivo: es una elegante pieza de declaraci\u00f3n. Con su mezcla de funci\u00f3n, durabilidad y dise\u00f1o, es una excelente mejora para cualquier tipo de colecci\u00f3n.<\/p>","protected":false},"excerpt":{"rendered":"<p>Glass Hand Pipe Rich Colors Mini Glass Ring Borosilicate features a compact and creative ring design. Made from durable borosilicate glass, it\u2019s portable, stylish, and easy to handle. Available in vibrant colors, this mini pipe combines functionality, durability, and a fun aesthetic for daily use.<\/p>","protected":false},"featured_media":3258,"comment_status":"open","ping_status":"closed","template":"","meta":[],"product_brand":[],"product_cat":[43],"product_tag":[238,252,251],"class_list":{"0":"post-3256","1":"product","2":"type-product","3":"status-publish","4":"has-post-thumbnail","6":"product_cat-hand-pipe","7":"product_tag-borosilicate-hand-pipe","8":"product_tag-colorful-glass-ring","9":"product_tag-mini-glass-pipe","11":"first","12":"instock","13":"shipping-taxable","14":"purchasable","15":"product-type-variable"},"_links":{"self":[{"href":"https:\/\/buyegglass.com\/es\/wp-json\/wp\/v2\/product\/3256","targetHints":{"allow":["GET"]}}],"collection":[{"href":"https:\/\/buyegglass.com\/es\/wp-json\/wp\/v2\/product"}],"about":[{"href":"https:\/\/buyegglass.com\/es\/wp-json\/wp\/v2\/types\/product"}],"replies":[{"embeddable":true,"href":"https:\/\/buyegglass.com\/es\/wp-json\/wp\/v2\/comments?post=3256"}],"wp:featuredmedia":[{"embeddable":true,"href":"https:\/\/buyegglass.com\/es\/wp-json\/wp\/v2\/media\/3258"}],"wp:attachment":[{"href":"https:\/\/buyegglass.com\/es\/wp-json\/wp\/v2\/media?parent=3256"}],"wp:term":[{"taxonomy":"product_brand","embeddable":true,"href":"https:\/\/buyegglass.com\/es\/wp-json\/wp\/v2\/product_brand?post=3256"},{"taxonomy":"product_cat","embeddable":true,"href":"https:\/\/buyegglass.com\/es\/wp-json\/wp\/v2\/product_cat?post=3256"},{"taxonomy":"product_tag","embeddable":true,"href":"https:\/\/buyegglass.com\/es\/wp-json\/wp\/v2\/product_tag?post=3256"}],"curies":[{"name":"wp","href":"https:\/\/api.w.org\/{rel}","templated":true}]}}