{"id":3235,"date":"2025-09-26T01:47:00","date_gmt":"2025-09-26T01:47:00","guid":{"rendered":"https:\/\/buyegglass.com\/?post_type=product&#038;p=3235"},"modified":"2025-10-10T09:45:01","modified_gmt":"2025-10-10T09:45:01","slug":"dab-oil-rigs-cactus-solid-colors-series-borosilicate-glass","status":"publish","type":"product","link":"https:\/\/buyegglass.com\/es\/product\/dab-oil-rigs-cactus-solid-colors-series-borosilicate-glass\/","title":{"rendered":"Dab Oil Rigs Cactus Solid Colors Series Vidrio de borosilicato"},"content":{"rendered":"<h2>Dab Oil Rigs Cactus Solid Colors Series Vidrio de borosilicato<\/h2>\n<p>La serie Dab Oil Rigs Cactus Solid Colors proporciona un m\u00e9todo din\u00e1mico y funcional para mejorar tu experiencia de dabbing. Hecho de vidrio de borosilicato de primera calidad, estos engranajes est\u00e1n hechos para soportar el calor al tiempo que ofrece golpes suaves y sabrosos cada vez.<\/p>\n<p>Dise\u00f1o especial de cactus<\/p>\n<p>En el coraz\u00f3n de cada equipo hay un punto focal en forma de cactus, que le ofrece un aspecto innovador y animado. El cactus no s\u00f3lo incluye atractivo visual sino que adem\u00e1s contribuye a una mejor difusi\u00f3n y filtrado, asegurando que cada sesi\u00f3n sea fresca y agradable. Con detalles de color en la base, la boquilla y la articulaci\u00f3n, cada art\u00edculo atrae la atenci\u00f3n como una \u00fatil obra de arte.<\/p>\n<p>Costes Vidrio borosilicato<\/p>\n<p>Fabricados con grueso vidrio de borosilicato, estos engranajes est\u00e1n hechos para ser resistentes y duraderos. Su s\u00f3lida construcci\u00f3n garantiza la resistencia al estr\u00e9s t\u00e9rmico, por lo que son fiables para las sesiones diarias. El vidrio de alta calidad tambi\u00e9n mantiene puro el sabor, permiti\u00e9ndole disfrutar de sus caladas sin regustos indeseables.<\/p>\n<p>Caracter\u00edsticas y ventajas<\/p>\n<p>Robusto cristal de borosilicato para mayor solidez y resistencia al calor<\/p>\n<p>Punto focal de cactus de colores para un dise\u00f1o \u00fanico y una difusi\u00f3n suave<\/p>\n<p>Base ancha y segura para evitar vuelcos<\/p>\n<p>Cuello curvado para mayor seguridad y comodidad de uso<\/p>\n<p>Gama de tonos para combinar con su estilo<\/p>\n<p>Perfecto para los entusiastas del Dabbing<\/p>\n<p>Tanto si es un principiante que descubre los concentrados como si es un experto que busca un equipo fiable, esta serie ofrece funcionalidad y estilo. Su peque\u00f1o tama\u00f1o facilita el manejo y la limpieza, mientras que su vivo dise\u00f1o a\u00f1ade personalidad a tu colecci\u00f3n de cristaler\u00eda.<\/p>\n<p>La colecci\u00f3n Dab Oil Rigs Cactus Solid Colors combina arte, resistencia y eficiencia, convirti\u00e9ndola en una opci\u00f3n destacada para cualquiera que busque elevar sus sesiones de dabbing.<\/p>","protected":false},"excerpt":{"rendered":"<p>Dab Oil Rigs Cactus Solid Colors Series crafted from durable borosilicate glass feature vibrant cactus designs, sturdy bases, and bent necks for splash-free, smooth dabs. With bold color accents and reliable performance, these rigs bring both style and functionality to every session.<\/p>","protected":false},"featured_media":3250,"comment_status":"open","ping_status":"closed","template":"","meta":[],"product_brand":[],"product_cat":[41],"product_tag":[245,244,246],"class_list":{"0":"post-3235","1":"product","2":"type-product","3":"status-publish","4":"has-post-thumbnail","6":"product_cat-dab-oil-rigs","7":"product_tag-borosilicate-oil-rig","8":"product_tag-cactus-dab-rig","9":"product_tag-colorful-glass-rig","11":"first","12":"instock","13":"shipping-taxable","14":"purchasable","15":"product-type-variable"},"_links":{"self":[{"href":"https:\/\/buyegglass.com\/es\/wp-json\/wp\/v2\/product\/3235","targetHints":{"allow":["GET"]}}],"collection":[{"href":"https:\/\/buyegglass.com\/es\/wp-json\/wp\/v2\/product"}],"about":[{"href":"https:\/\/buyegglass.com\/es\/wp-json\/wp\/v2\/types\/product"}],"replies":[{"embeddable":true,"href":"https:\/\/buyegglass.com\/es\/wp-json\/wp\/v2\/comments?post=3235"}],"wp:featuredmedia":[{"embeddable":true,"href":"https:\/\/buyegglass.com\/es\/wp-json\/wp\/v2\/media\/3250"}],"wp:attachment":[{"href":"https:\/\/buyegglass.com\/es\/wp-json\/wp\/v2\/media?parent=3235"}],"wp:term":[{"taxonomy":"product_brand","embeddable":true,"href":"https:\/\/buyegglass.com\/es\/wp-json\/wp\/v2\/product_brand?post=3235"},{"taxonomy":"product_cat","embeddable":true,"href":"https:\/\/buyegglass.com\/es\/wp-json\/wp\/v2\/product_cat?post=3235"},{"taxonomy":"product_tag","embeddable":true,"href":"https:\/\/buyegglass.com\/es\/wp-json\/wp\/v2\/product_tag?post=3235"}],"curies":[{"name":"wp","href":"https:\/\/api.w.org\/{rel}","templated":true}]}}