{"id":3199,"date":"2025-09-26T01:30:14","date_gmt":"2025-09-26T01:30:14","guid":{"rendered":"https:\/\/buyegglass.com\/?post_type=product&#038;p=3199"},"modified":"2025-10-10T08:16:21","modified_gmt":"2025-10-10T08:16:21","slug":"beaker-bongs-diamond-borosilicate-glass-eg-09-14inch-shop","status":"publish","type":"product","link":"https:\/\/buyegglass.com\/es\/product\/beaker-bongs-diamond-borosilicate-glass-eg-09-14inch-shop\/","title":{"rendered":"Beaker Bongs Diamond Borosilicate Glass EG-09 14Inch Shop"},"content":{"rendered":"<h2>Beaker Bongs Vidrio Borosilicato Rub\u00ed EG-09 14 Pulgadas<\/h2>\n<p>El Beaker Bongs Diamond Borosilicate Glass EG-09 proporciona un equilibrio perfecto entre durabilidad, estilo y capacidad de fumar sin problemas. Con una altura de 14 pulgadas, esta pieza est\u00e1 hecha de vidrio de borosilicato de primera calidad, conocido por su resistencia y resistencia al estr\u00e9s t\u00e9rmico. La base del vaso proporciona seguridad adicional, garantizando que no se volcar\u00e1 r\u00e1pidamente durante su uso o limpieza.<\/p>\n<p>El tubo superior presenta un estilo congelado con textura de diamante, lo que le proporciona un aspecto elegante y moderno que tambi\u00e9n potencia el agarre. Disponible en m\u00faltiples tonos como azul oscuro, verde, negro y rosa, esta cachimba te permite combinar tu dise\u00f1o a la vez que incluyes un toque de individualidad en cada sesi\u00f3n.<\/p>\n<p>Caracter\u00edsticas destacadas<\/p>\n<p>Altura de 14 pulgadas, ideal para sorteos suaves y modernos<\/p>\n<p>Vidrio de borosilicato grueso para mayor dureza y resistencia al calor<\/p>\n<p>Base de vaso ancha para mayor estabilidad y mayor capacidad de agua<\/p>\n<p>Estilo esmerilado con estampado de rombos para mayor atractivo visual y agarre<\/p>\n<p>Numerosas opciones de colores din\u00e1micos<\/p>\n<p>Tanto si busca una pieza fiable para el d\u00eda a d\u00eda como algo atractivo que a\u00f1adir a su colecci\u00f3n, la EG-09 le ofrece eficacia y atractivo visual. La combinaci\u00f3n de mano de obra y practicidad hace que sea una opci\u00f3n maravillosa para los fan\u00e1ticos que valoran los golpes suaves y el dise\u00f1o contempor\u00e1neo.<\/p>\n<p>Esta pipa de agua vaso es, adem\u00e1s, muy f\u00e1cil de limpiar y conservar, gracias a su construcci\u00f3n sencilla y downstem desmontable. Perfecto para principiantes y experimentados por igual, el EG-09 mejora su experiencia de fumar con fresco, filtrado atrae y un estilo que se siente tan excelente en la mano como se ve en la pantalla.<\/p>\n<p>Ll\u00e9vate a casa el Beaker Bongs Diamond Borosilicate Glass EG-09 14 Inch e impulsa tus sesiones con una mezcla de fuerza, estilo y rendimiento.<\/p>","protected":false},"excerpt":{"rendered":"<p>Beaker Bongs Diamond Borosilicate Glass EG-09 14 Inch features a sturdy beaker base, frosted diamond-patterned tube, and vibrant color options. Made from durable borosilicate glass, it delivers smooth, cool hits while offering stability, style, and easy cleaning for both new and seasoned users.<\/p>","protected":false},"featured_media":3203,"comment_status":"open","ping_status":"closed","template":"","meta":[],"product_brand":[],"product_cat":[39],"product_tag":[231,226,219],"class_list":{"0":"post-3199","1":"product","2":"type-product","3":"status-publish","4":"has-post-thumbnail","6":"product_cat-beaker-bongs","7":"product_tag-14-inch-bong","8":"product_tag-beaker-bong","9":"product_tag-borosilicate-glass-bong","11":"first","12":"instock","13":"shipping-taxable","14":"purchasable","15":"product-type-variable"},"_links":{"self":[{"href":"https:\/\/buyegglass.com\/es\/wp-json\/wp\/v2\/product\/3199","targetHints":{"allow":["GET"]}}],"collection":[{"href":"https:\/\/buyegglass.com\/es\/wp-json\/wp\/v2\/product"}],"about":[{"href":"https:\/\/buyegglass.com\/es\/wp-json\/wp\/v2\/types\/product"}],"replies":[{"embeddable":true,"href":"https:\/\/buyegglass.com\/es\/wp-json\/wp\/v2\/comments?post=3199"}],"wp:featuredmedia":[{"embeddable":true,"href":"https:\/\/buyegglass.com\/es\/wp-json\/wp\/v2\/media\/3203"}],"wp:attachment":[{"href":"https:\/\/buyegglass.com\/es\/wp-json\/wp\/v2\/media?parent=3199"}],"wp:term":[{"taxonomy":"product_brand","embeddable":true,"href":"https:\/\/buyegglass.com\/es\/wp-json\/wp\/v2\/product_brand?post=3199"},{"taxonomy":"product_cat","embeddable":true,"href":"https:\/\/buyegglass.com\/es\/wp-json\/wp\/v2\/product_cat?post=3199"},{"taxonomy":"product_tag","embeddable":true,"href":"https:\/\/buyegglass.com\/es\/wp-json\/wp\/v2\/product_tag?post=3199"}],"curies":[{"name":"wp","href":"https:\/\/api.w.org\/{rel}","templated":true}]}}