{"id":3166,"date":"2025-09-25T11:31:03","date_gmt":"2025-09-25T11:31:03","guid":{"rendered":"https:\/\/buyegglass.com\/?post_type=product&#038;p=3166"},"modified":"2025-10-10T09:38:00","modified_gmt":"2025-10-10T09:38:00","slug":"glass-weed-pipe-egh37-ocean-usa-color-borosilicate-4-5in-buy","status":"publish","type":"product","link":"https:\/\/buyegglass.com\/es\/product\/glass-weed-pipe-egh37-ocean-usa-color-borosilicate-4-5in-buy\/","title":{"rendered":"Pipa de vidrio para hierba EGH37 Ocean USA Color Borosilicate 4.5in Comprar"},"content":{"rendered":"<h2>Tubo de Vidrio Hierba EGH37 Mar USA Color Borosilicato 4.5 in.<\/h2>\n<p>La pipa de vidrio EGH37 Sea USA Shade es una tuber\u00eda de borosilicato de 4,5 pulgadas que integra estilo vivo, resistencia y portabilidad. Influenciado por el encanto del mar, este art\u00edculo incluye informaci\u00f3n acu\u00e1tica brillante, como coloridos peces payaso, algas marinas con textura y acentos de vidrio en forma de burbujas. Cada pipa se elabora con un complejo arte, convirti\u00e9ndola en una herramienta funcional para fumar cigarrillos y en una pieza coleccionable de arte en vidrio.<\/p>\n<p>Fabricado con vidrio de borosilicato, el EGH37 es resistente al calor y muy duradero, lo que garantiza que puede soportar un uso constante. Sus dimensiones compactas de 4,5 pulgadas hacen que sea f\u00e1cil de transportar, a la vez que dispone de un recipiente profundo para disfrutar de sesiones suaves y gratificantes. El estilo de cristal grueso proporciona un agarre c\u00f3modo y aumenta la durabilidad total de la pieza.<\/p>\n<p>Las deslumbrantes alternativas de tonos de Estados Unidos, que consisten en tonos de azul, amarillo, cerceta y naranja, hacen que cada art\u00edculo sea \u00fanico y distintivo. Cada versi\u00f3n de color se destaca con componentes completos de la vida acu\u00e1tica, la grabaci\u00f3n de la energ\u00eda viva de escenas submarinas. Ya sea en casa o de viaje, el EGH37 destaca por ser pr\u00e1ctico e imaginativo.<\/p>\n<p>Atributos secretos.<\/p>\n<p>Tuber\u00eda para malas hierbas de vidrio de borosilicato de 4,5 pulgadas.<\/p>\n<p>Dise\u00f1o inspirado en el oc\u00e9ano con peces payaso y algas.<\/p>\n<p>U.S.A. opciones de color: azul, amarillo, verde azulado y naranja.<\/p>\n<p>Resistente, resistente al calor y c\u00f3modo de sujetar.<\/p>\n<p>Plato hondo para sesiones suaves y deliciosas.<\/p>\n<p>Imaginativo art\u00edculo de cristal ideal tanto para coleccionistas como para fumadores de cigarrillos.<\/p>\n<p>El Pipeline EGH37 Sea U.S.A. Color de Glass Weed ofrece mucho m\u00e1s que una simple experiencia de fumar - proporciona una pizca de arte influenciado por el mar. Compacto pero completo, es \u00f3ptimo para el uso diario o como una mejora especial para cualquier tipo de colecci\u00f3n de cristaler\u00eda. Lleve el ambiente marino a sus sesiones con esta v\u00edvida pipa para hierba.<\/p>","protected":false},"excerpt":{"rendered":"<p>Glass Weed Pipe EGH37 Ocean USA Color is a 4.5-inch borosilicate pipe featuring vibrant marine designs with clownfish and seaweed. Durable, heat-resistant, and portable, it delivers smooth sessions while doubling as a colorful collectible piece of ocean-inspired glass art.<\/p>","protected":false},"featured_media":3167,"comment_status":"open","ping_status":"closed","template":"","meta":[],"product_brand":[],"product_cat":[107],"product_tag":[384,235,386],"class_list":{"0":"post-3166","1":"product","2":"type-product","3":"status-publish","4":"has-post-thumbnail","6":"product_cat-weed-pipe","7":"product_tag-glass-weed-pipe","8":"product_tag-ocean-glass-pipe","9":"product_tag-weed-pipe","11":"first","12":"instock","13":"shipping-taxable","14":"purchasable","15":"product-type-variable"},"_links":{"self":[{"href":"https:\/\/buyegglass.com\/es\/wp-json\/wp\/v2\/product\/3166","targetHints":{"allow":["GET"]}}],"collection":[{"href":"https:\/\/buyegglass.com\/es\/wp-json\/wp\/v2\/product"}],"about":[{"href":"https:\/\/buyegglass.com\/es\/wp-json\/wp\/v2\/types\/product"}],"replies":[{"embeddable":true,"href":"https:\/\/buyegglass.com\/es\/wp-json\/wp\/v2\/comments?post=3166"}],"wp:featuredmedia":[{"embeddable":true,"href":"https:\/\/buyegglass.com\/es\/wp-json\/wp\/v2\/media\/3167"}],"wp:attachment":[{"href":"https:\/\/buyegglass.com\/es\/wp-json\/wp\/v2\/media?parent=3166"}],"wp:term":[{"taxonomy":"product_brand","embeddable":true,"href":"https:\/\/buyegglass.com\/es\/wp-json\/wp\/v2\/product_brand?post=3166"},{"taxonomy":"product_cat","embeddable":true,"href":"https:\/\/buyegglass.com\/es\/wp-json\/wp\/v2\/product_cat?post=3166"},{"taxonomy":"product_tag","embeddable":true,"href":"https:\/\/buyegglass.com\/es\/wp-json\/wp\/v2\/product_tag?post=3166"}],"curies":[{"name":"wp","href":"https:\/\/api.w.org\/{rel}","templated":true}]}}