{"id":3151,"date":"2025-09-25T11:21:06","date_gmt":"2025-09-25T11:21:06","guid":{"rendered":"https:\/\/buyegglass.com\/?post_type=product&#038;p=3151"},"modified":"2025-10-10T08:15:35","modified_gmt":"2025-10-10T08:15:35","slug":"beaker-bongs-borosilicate-glass-eg-08-14inch-maze-online","status":"publish","type":"product","link":"https:\/\/buyegglass.com\/es\/product\/beaker-bongs-borosilicate-glass-eg-08-14inch-maze-online\/","title":{"rendered":"Beaker Bongs Borosilicate Glass EG-08 14inch Laberinto en l\u00ednea"},"content":{"rendered":"<h2>Beaker Bongs Vidrio Borosilicato EG-08 Laberinto 14 Pulgadas<\/h2>\n<p>El Beaker Bongs Borosilicate Glass EG-08 14 Inch Maze incorpora la longevidad, el dise\u00f1o y la funcionalidad suave en un art\u00edculo destacado. Hecho a mano de vidrio de borosilicato de primera clase, este bong est\u00e1 dise\u00f1ado para soportar el calor y el uso diario, manteniendo un aspecto ordenado y refinado. Su dimensi\u00f3n de 14 pulgadas lo convierte en una opci\u00f3n de confianza para los fumadores que favorecen golpes m\u00e1s grandes y una experiencia de fumar cigarrillos m\u00e1s considerable.<\/p>\n<p>Lo que diferencia al EG-08 es el detallado dise\u00f1o inspirado en un laberinto grabado en el cuello de color. F\u00e1cilmente disponible en tonos fuertes como el azul, rosa, respetuoso del medio ambiente, y negro, los patrones imaginativos incluyen un toque \u00fanico que mejora tanto el aspecto y el agarre de la pipa de agua. La estructura de laberinto tambi\u00e9n le da un elemento extra de individualidad, garantizando que se destaca en cualquier tipo de colecci\u00f3n.<\/p>\n<p>La amplia base del vaso ofrece seguridad y permite una mayor capacidad de agua, lo que se traduce en golpes m\u00e1s frescos y suaves. El v\u00e1stago y el plato desmontables facilitan la limpieza y el rellenado, mientras que la junta rectificada con precisi\u00f3n garantiza un ajuste seguro. Con su cuello alto y boquilla espaciosa, el EG-08 proporciona un movimiento de aire regular para una calada c\u00f3moda en todo momento.<\/p>\n<p>Atributos del truco<\/p>\n<p>Bong de vaso de 14 pulgadas fabricado en vidrio de borosilicato de larga duraci\u00f3n<\/p>\n<p>Cuello con dise\u00f1o laber\u00edntico en varios colores<\/p>\n<p>Base de vaso ancha para mayor seguridad y mejor filtrado del agua<\/p>\n<p>Bajante y plato extra\u00edbles para una limpieza y un uso sencillos<\/p>\n<p>Cuello alto con flujo de aire suave para golpes potentes<\/p>\n<p>Estilo elegante y pr\u00e1ctico, ideal para uso diario o como pantalla<\/p>\n<p>El Beaker Bongs de Vidrio de Borosilicato EG-08 Laberinto de 14 pulgadas es m\u00e1s que una simple herramienta para fumar - es un art\u00edculo de declaraci\u00f3n. Perfecto para los fumadores de cigarrillos que valoran la mano de obra de calidad y estilo imaginativo, este bong trae tanto el rendimiento y el estilo de sus sesiones.<\/p>","protected":false},"excerpt":{"rendered":"<p>Beaker Bongs Borosilicate Glass EG-08 14inch Maze features a durable 14-inch build, etched maze design, wide base for stability, and colorful neck options. Easy to clean, heat-resistant, and designed for smooth, cool hits, it blends style with functionality for daily smoking sessions.<\/p>","protected":false},"featured_media":3156,"comment_status":"open","ping_status":"closed","template":"","meta":[],"product_brand":[],"product_cat":[39],"product_tag":[226,141,236],"class_list":{"0":"post-3151","1":"product","2":"type-product","3":"status-publish","4":"has-post-thumbnail","6":"product_cat-beaker-bongs","7":"product_tag-beaker-bong","8":"product_tag-borosilicate-bong","9":"product_tag-maze-glass-bong","11":"first","12":"instock","13":"shipping-taxable","14":"purchasable","15":"product-type-variable"},"_links":{"self":[{"href":"https:\/\/buyegglass.com\/es\/wp-json\/wp\/v2\/product\/3151","targetHints":{"allow":["GET"]}}],"collection":[{"href":"https:\/\/buyegglass.com\/es\/wp-json\/wp\/v2\/product"}],"about":[{"href":"https:\/\/buyegglass.com\/es\/wp-json\/wp\/v2\/types\/product"}],"replies":[{"embeddable":true,"href":"https:\/\/buyegglass.com\/es\/wp-json\/wp\/v2\/comments?post=3151"}],"wp:featuredmedia":[{"embeddable":true,"href":"https:\/\/buyegglass.com\/es\/wp-json\/wp\/v2\/media\/3156"}],"wp:attachment":[{"href":"https:\/\/buyegglass.com\/es\/wp-json\/wp\/v2\/media?parent=3151"}],"wp:term":[{"taxonomy":"product_brand","embeddable":true,"href":"https:\/\/buyegglass.com\/es\/wp-json\/wp\/v2\/product_brand?post=3151"},{"taxonomy":"product_cat","embeddable":true,"href":"https:\/\/buyegglass.com\/es\/wp-json\/wp\/v2\/product_cat?post=3151"},{"taxonomy":"product_tag","embeddable":true,"href":"https:\/\/buyegglass.com\/es\/wp-json\/wp\/v2\/product_tag?post=3151"}],"curies":[{"name":"wp","href":"https:\/\/api.w.org\/{rel}","templated":true}]}}