{"id":3107,"date":"2025-09-25T11:06:20","date_gmt":"2025-09-25T11:06:20","guid":{"rendered":"https:\/\/buyegglass.com\/?post_type=product&#038;p=3107"},"modified":"2025-10-10T09:33:32","modified_gmt":"2025-10-10T09:33:32","slug":"glass-hand-pipe-red-eyeballs-solid-borosilicate-glass-egh34","status":"publish","type":"product","link":"https:\/\/buyegglass.com\/es\/product\/glass-hand-pipe-red-eyeballs-solid-borosilicate-glass-egh34\/","title":{"rendered":"Pipa de Hierba de Vidrio Ojos Rojos Vidrio Borosilicato S\u00f3lido EGH34"},"content":{"rendered":"<h2>Pipa de Hierba de Vidrio Ojos Rojos Vidrio Borosilicato S\u00f3lido EGH34<\/h2>\n<p>A\u00f1ada un toque de diversi\u00f3n y creatividad a sus sesiones de fumado de cigarrillos con la pipa de vidrio para hierba Red Eyeballs Solid Borosilicate Glass EGH34. Dise\u00f1ado para los fumadores de cigarrillos que disfrutan tanto de la eficiencia y el dise\u00f1o distinto, esta tuber\u00eda combina la longevidad con un fuerte giro imaginativo.<\/p>\n<p>Fabricada en vidrio borosilicato, ofrece una gran resistencia al calor y a los efectos, garantizando un uso duradero. La caracter\u00edstica m\u00e1s destacada es la serie de globos oculares rojos colocados a lo largo del tubo, que crean un estilo en\u00e9rgico y vanguardista que capta r\u00e1pidamente el inter\u00e9s. Cada globo ocular est\u00e1 hecho a mano individualmente, lo que hace que cada art\u00edculo sea ligeramente distinto, manteniendo intacta su estabilidad \u00fatil.<\/p>\n<p>La dimensi\u00f3n port\u00e1til de esta tuber\u00eda de malezas hace que sea libre de problemas para la movilidad, adecuado r\u00e1pidamente a la derecha en su bolsillo o bolso. Midiendo alrededor de 4,5 pulgadas, es excelente para sesiones r\u00e1pidas en solitario o para mostrar a los amigos. El plato profundo permite el embalaje generoso, mientras que el flujo de aire suave asegura golpes consistentes sin bloqueo.<\/p>\n<p>Caracter\u00edsticas y ventajas<\/p>\n<p>Producto: Vidrio de borosilicato de primera calidad resistente al calor y el\u00e1stico<\/p>\n<p>Estilo: Divertidos e inusuales detalles en forma de globo ocular rojo con un acabado vibrante<\/p>\n<p>Dimensi\u00f3n: Alrededor de 4,5 pulgadas, port\u00e1til y port\u00e1til<\/p>\n<p>Capacidad: Sistema de flujo de aire suave con una cazoleta profunda para sesiones m\u00e1s largas.<\/p>\n<p>Tonos: Disponible en m\u00faltiples tonos vibrantes, incluyendo respetuoso del medio ambiente, blanco, azul y rosa.<\/p>\n<p>Tanto si quieres a\u00f1adir un art\u00edculo divertido a tu colecci\u00f3n como si quieres algo que destaque en las reuniones, la pipa de cristal Weed Pipeline Red Eyeballs Solid Borosilicate Glass EGH34 es la mejor elecci\u00f3n. Incorpora una elaboraci\u00f3n creativa con capacidad para el d\u00eda a d\u00eda, por lo que es adecuado tanto para entusiastas como para usuarios relajados.<\/p>\n<p>Esta tuber\u00eda no s\u00f3lo mejora la experiencia de fumar, sino que tambi\u00e9n sirve para iniciar un debate, ya que combina un dise\u00f1o animado con un rendimiento fiable.<\/p>","protected":false},"excerpt":{"rendered":"<p>The Glass Weed Pipe Red Eyeballs Solid Borosilicate Glass EGH34 features a bold multi-eye design on durable borosilicate glass. At 4.5 inches, it\u2019s compact, colorful, heat resistant, and perfect for smooth, reliable sessions while adding a fun, artistic touch to any smoking collection.<\/p>","protected":false},"featured_media":3108,"comment_status":"open","ping_status":"closed","template":"","meta":[],"product_brand":[],"product_cat":[107],"product_tag":[139,112,386],"class_list":{"0":"post-3107","1":"product","2":"type-product","3":"status-publish","4":"has-post-thumbnail","6":"product_cat-weed-pipe","7":"product_tag-borosilicate-pipe","8":"product_tag-smoking-accessory","9":"product_tag-weed-pipe","11":"first","12":"instock","13":"shipping-taxable","14":"purchasable","15":"product-type-variable"},"_links":{"self":[{"href":"https:\/\/buyegglass.com\/es\/wp-json\/wp\/v2\/product\/3107","targetHints":{"allow":["GET"]}}],"collection":[{"href":"https:\/\/buyegglass.com\/es\/wp-json\/wp\/v2\/product"}],"about":[{"href":"https:\/\/buyegglass.com\/es\/wp-json\/wp\/v2\/types\/product"}],"replies":[{"embeddable":true,"href":"https:\/\/buyegglass.com\/es\/wp-json\/wp\/v2\/comments?post=3107"}],"wp:featuredmedia":[{"embeddable":true,"href":"https:\/\/buyegglass.com\/es\/wp-json\/wp\/v2\/media\/3108"}],"wp:attachment":[{"href":"https:\/\/buyegglass.com\/es\/wp-json\/wp\/v2\/media?parent=3107"}],"wp:term":[{"taxonomy":"product_brand","embeddable":true,"href":"https:\/\/buyegglass.com\/es\/wp-json\/wp\/v2\/product_brand?post=3107"},{"taxonomy":"product_cat","embeddable":true,"href":"https:\/\/buyegglass.com\/es\/wp-json\/wp\/v2\/product_cat?post=3107"},{"taxonomy":"product_tag","embeddable":true,"href":"https:\/\/buyegglass.com\/es\/wp-json\/wp\/v2\/product_tag?post=3107"}],"curies":[{"name":"wp","href":"https:\/\/api.w.org\/{rel}","templated":true}]}}