{"id":3062,"date":"2025-09-25T10:45:26","date_gmt":"2025-09-25T10:45:26","guid":{"rendered":"https:\/\/buyegglass.com\/?post_type=product&#038;p=3062"},"modified":"2025-10-10T08:13:17","modified_gmt":"2025-10-10T08:13:17","slug":"beaker-bongs-slyme-leaf-borosilicate-glass-eg-05-14inch","status":"publish","type":"product","link":"https:\/\/buyegglass.com\/es\/product\/beaker-bongs-slyme-leaf-borosilicate-glass-eg-05-14inch\/","title":{"rendered":"Beaker Bongs Slyme Hoja de vidrio de borosilicato EG-05 14Inch"},"content":{"rendered":"<h2>Beaker Bongs Slyme Hoja Ca\u00edda Vidrio Borosilicato EG-05 14Inch<\/h2>\n<p>El Beaker Bongs Slyme Fallen Leave Borosilicate Glass EG-05 14Inch est\u00e1 hecho para los fumadores que valoran la durabilidad, el dise\u00f1o y la eficiencia sin problemas. Hecho a mano de vidrio de borosilicato de 7 mm de primera calidad, este bong incorpora dureza con informaci\u00f3n art\u00edstica. Su alto marco de 14 pulgadas utiliza una mayor capacidad para el humo, proporcionando golpes m\u00e1s frescos y completos que mejoran la experiencia total.<\/p>\n<p>La caracter\u00edstica sobresaliente de este art\u00edculo es el slyme ca\u00eddo dejar dise\u00f1o grabado en el cuello tintado. Ofrecido en varias opciones de color como negro, azul, respetuoso del medio ambiente, y rosa, cada pipa de agua trae una mirada viva y moderna a cualquier tipo de colecci\u00f3n. Los dibujos de hojas ca\u00eddas congeladas incluyen textura, por lo que no s\u00f3lo es est\u00e9ticamente llamativo, sino tambi\u00e9n c\u00f3modo de agarrar.<\/p>\n<p>La funcionalidad es igualmente extraordinaria. La base del vaso proporciona una excelente seguridad, impidiendo vuelcos involuntarios, a la vez que retiene a\u00fan m\u00e1s agua para una filtraci\u00f3n eficaz. El v\u00e1stago desmontable y el plato de cristal a juego facilitan la limpieza y el mantenimiento. La amplia boquilla garantiza un flujo de aire suave, mientras que el grosor del vidrio de borosilicato asegura una larga vida \u00fatil, a pesar del uso diario.<\/p>\n<p>Perfecto tanto para principiantes como para fumadores experimentados, el Beaker Bongs Slyme Leaf Borosilicate Glass EG-05 14Inch est\u00e1 desarrollado para soportar el calor y el desgaste. Es una pieza flexible apropiada para sesiones en solitario o celebraciones en equipo, ofreciendo un rendimiento regular siempre.<\/p>\n<p>Atributos secretos<\/p>\n<p>Altura: 14 pulgadas<\/p>\n<p>Material: Vidrio de borosilicato de 7 mm<\/p>\n<p>Estilo: Slyme ca\u00eddo dejar grabado patr\u00f3n<\/p>\n<p>Colores disponibles: negro, ecol\u00f3gico, azul, rosa<\/p>\n<p>Base de vaso para mayor estabilidad<\/p>\n<p>V\u00e1stago desmontable y cuenco a juego<\/p>\n<p>Este bong de vaso equilibra resistencia, dise\u00f1o y rendimiento. Si usted est\u00e1 aumentando su colecci\u00f3n o la adquisici\u00f3n de su primera pieza de primera clase, el Beaker Bongs Slyme Hoja de vidrio de borosilicato EG-05 14Inch es una selecci\u00f3n fiable que mezcla la funci\u00f3n con el dise\u00f1o de hoy en d\u00eda.<\/p>","protected":false},"excerpt":{"rendered":"<p>The Beaker Bongs Slyme Leaf Borosilicate Glass EG-05 14Inch features 7mm thick durable glass, a beaker base for stability, and frosted slyme leaf patterns in multiple colors for style and smooth smoking.<\/p>","protected":false},"featured_media":3067,"comment_status":"open","ping_status":"closed","template":"","meta":[],"product_brand":[],"product_cat":[39],"product_tag":[231,226,219],"class_list":{"0":"post-3062","1":"product","2":"type-product","3":"status-publish","4":"has-post-thumbnail","6":"product_cat-beaker-bongs","7":"product_tag-14-inch-bong","8":"product_tag-beaker-bong","9":"product_tag-borosilicate-glass-bong","11":"first","12":"instock","13":"shipping-taxable","14":"purchasable","15":"product-type-variable"},"_links":{"self":[{"href":"https:\/\/buyegglass.com\/es\/wp-json\/wp\/v2\/product\/3062","targetHints":{"allow":["GET"]}}],"collection":[{"href":"https:\/\/buyegglass.com\/es\/wp-json\/wp\/v2\/product"}],"about":[{"href":"https:\/\/buyegglass.com\/es\/wp-json\/wp\/v2\/types\/product"}],"replies":[{"embeddable":true,"href":"https:\/\/buyegglass.com\/es\/wp-json\/wp\/v2\/comments?post=3062"}],"wp:featuredmedia":[{"embeddable":true,"href":"https:\/\/buyegglass.com\/es\/wp-json\/wp\/v2\/media\/3067"}],"wp:attachment":[{"href":"https:\/\/buyegglass.com\/es\/wp-json\/wp\/v2\/media?parent=3062"}],"wp:term":[{"taxonomy":"product_brand","embeddable":true,"href":"https:\/\/buyegglass.com\/es\/wp-json\/wp\/v2\/product_brand?post=3062"},{"taxonomy":"product_cat","embeddable":true,"href":"https:\/\/buyegglass.com\/es\/wp-json\/wp\/v2\/product_cat?post=3062"},{"taxonomy":"product_tag","embeddable":true,"href":"https:\/\/buyegglass.com\/es\/wp-json\/wp\/v2\/product_tag?post=3062"}],"curies":[{"name":"wp","href":"https:\/\/api.w.org\/{rel}","templated":true}]}}