{"id":3049,"date":"2025-09-25T10:40:41","date_gmt":"2025-09-25T10:40:41","guid":{"rendered":"https:\/\/buyegglass.com\/?post_type=product&#038;p=3049"},"modified":"2025-10-10T09:33:04","modified_gmt":"2025-10-10T09:33:04","slug":"glass-weed-pipes-borosilicate-4-5inch-big-monster-eyeball","status":"publish","type":"product","link":"https:\/\/buyegglass.com\/es\/product\/glass-weed-pipes-borosilicate-4-5inch-big-monster-eyeball\/","title":{"rendered":"Pipas de vidrio Borosilicate 4.5Inch Big Monster Eyeball"},"content":{"rendered":"<h2>Tubos de vidrio para hierba L\u00edneas de agua Borosilicato 4,5 pulgadas Big Monster Eyeball<\/h2>\n<p>El vidrio Weed Pipes Borosilicate 4,5 pulgadas Big Monster Eyeball es un art\u00edculo creativo y cautivador desarrollado para los fumadores de cigarrillos que disfrutan de un giro vibrante en su colecci\u00f3n. Hecho a mano de vidrio de borosilicato de alta calidad, esta pipa cuenta con un impresionante dise\u00f1o con una gran informaci\u00f3n globo ocular, dientes afilados, y los acentos de colores que hacen que se destaque de art\u00edculos de vidrio ordinarios.<\/p>\n<p>Con un tama\u00f1o de 4,5 pulgadas, es lo suficientemente compacto para transportarlo y, al mismo tiempo, ofrece un agarre c\u00f3modo para el uso diario. Su dise\u00f1o exclusivo no es s\u00f3lo est\u00e9tico, sino que ofrece un marco de cristal m\u00e1s grueso que aumenta su durabilidad y garantiza su resistencia a las sesiones diarias. Cada art\u00edculo presenta tonos vivos e informaci\u00f3n en 3D minuciosamente esculpida, lo que lo convierte tanto en una pieza de arte de coleccionista como en una pr\u00e1ctica herramienta para fumar.<\/p>\n<p>Atributos y ventajas<\/p>\n<p>Producto: Robusto vidrio de borosilicato, resistente al choque t\u00e9rmico.<\/p>\n<p>Tama\u00f1o: 4,5 pulgadas, port\u00e1til pero resistente.<\/p>\n<p>Dise\u00f1o: Motivo de globo ocular de monstruo grande con dientes y detalles de garras.<\/p>\n<p>Capacidad: Movimiento de aire suave con un marco de tubo de cuchara tradicional para un embalaje y uso sencillos.<\/p>\n<p>Gama: Disponible en varias combinaciones de colores para preferencias de estilo personales.<\/p>\n<p>\u00bfPor qu\u00e9 elegir este art\u00edculo?<\/p>\n<p>La pipa de hierba Weed Pipes Large Monster Eyeball es mucho m\u00e1s que un accesorio para fumar, es un art\u00edculo de declaraci\u00f3n. Su juguet\u00f3n motivo inspirado en un monstruo aporta car\u00e1cter a tu colecci\u00f3n, mientras que el grueso cristal garantiza su integridad. Perfecta tanto para usarla en solitario como para hacerla circular en sesiones, estimula la conversaci\u00f3n a la vez que proporciona caladas suaves y deliciosas.<\/p>\n<p>Tanto si eres un experimentado entusiasta del vidrio como si est\u00e1s buscando tu primera tuber\u00eda \u00fanica, este dise\u00f1o incorpora robustez, imaginaci\u00f3n y eficacia. Con su dimensi\u00f3n port\u00e1til, es adem\u00e1s f\u00e1cil de viajar, encajando r\u00e1pidamente en una bolsa o instancia.<\/p>\n<p>Trae un poco de diversi\u00f3n monstruosa a tu rutina de fumar con las L\u00edneas de Agua de Vidrio Weed Borosilicate 4.5 pulgadas Big Monster Eyeball.<\/p>","protected":false},"excerpt":{"rendered":"<p>Crafted from durable borosilicate glass, the 4.5-inch Big Monster Eyeball weed pipe blends playful design with function. Featuring bold colors, 3D monster details, and smooth airflow, it\u2019s compact, eye-catching, and built for everyday use. A fun collectible piece that also delivers reliable performance.<\/p>","protected":false},"featured_media":3050,"comment_status":"open","ping_status":"closed","template":"","meta":[],"product_brand":[],"product_cat":[107],"product_tag":[188,187,385],"class_list":{"0":"post-3049","1":"product","2":"type-product","3":"status-publish","4":"has-post-thumbnail","6":"product_cat-weed-pipe","7":"product_tag-borosilicate-smoking-pipe","8":"product_tag-monster-eyeball-pipe","9":"product_tag-weed-pipes","11":"first","12":"instock","13":"shipping-taxable","14":"purchasable","15":"product-type-variable"},"_links":{"self":[{"href":"https:\/\/buyegglass.com\/es\/wp-json\/wp\/v2\/product\/3049","targetHints":{"allow":["GET"]}}],"collection":[{"href":"https:\/\/buyegglass.com\/es\/wp-json\/wp\/v2\/product"}],"about":[{"href":"https:\/\/buyegglass.com\/es\/wp-json\/wp\/v2\/types\/product"}],"replies":[{"embeddable":true,"href":"https:\/\/buyegglass.com\/es\/wp-json\/wp\/v2\/comments?post=3049"}],"wp:featuredmedia":[{"embeddable":true,"href":"https:\/\/buyegglass.com\/es\/wp-json\/wp\/v2\/media\/3050"}],"wp:attachment":[{"href":"https:\/\/buyegglass.com\/es\/wp-json\/wp\/v2\/media?parent=3049"}],"wp:term":[{"taxonomy":"product_brand","embeddable":true,"href":"https:\/\/buyegglass.com\/es\/wp-json\/wp\/v2\/product_brand?post=3049"},{"taxonomy":"product_cat","embeddable":true,"href":"https:\/\/buyegglass.com\/es\/wp-json\/wp\/v2\/product_cat?post=3049"},{"taxonomy":"product_tag","embeddable":true,"href":"https:\/\/buyegglass.com\/es\/wp-json\/wp\/v2\/product_tag?post=3049"}],"curies":[{"name":"wp","href":"https:\/\/api.w.org\/{rel}","templated":true}]}}