{"id":3020,"date":"2025-09-25T10:30:21","date_gmt":"2025-09-25T10:30:21","guid":{"rendered":"https:\/\/buyegglass.com\/?post_type=product&#038;p=3020"},"modified":"2025-10-10T09:32:20","modified_gmt":"2025-10-10T09:32:20","slug":"glass-weed-pipes-double-monster-eyeballs-borosilicate-4-5in","status":"publish","type":"product","link":"https:\/\/buyegglass.com\/es\/product\/glass-weed-pipes-double-monster-eyeballs-borosilicate-4-5in\/","title":{"rendered":"Pipas de vidrio para hierba Double Monster Eyeballs Borosilicate 4.5in"},"content":{"rendered":"<h2>Pipas de vidrio para hierba Dual Beast Eyeballs Borosilicate 4.5 in.<\/h2>\n<p>Dale un giro divertido a tu colecci\u00f3n de cigarrillos para fumar con las pipas de vidrio Weed Pipes Dual Monster Eyeballs Borosilicate 4.5 in. Dise\u00f1ada con funciones \u00fanicas inspiradas en los monstruos, esta pipa incorpora un dise\u00f1o extravagante con una elaboraci\u00f3n pr\u00e1ctica. Cada art\u00edculo est\u00e1 hecho a mano con vidrio de borosilicato de larga duraci\u00f3n, garantizando fuerza, resistencia al calor y un uso duradero.<\/p>\n<p>La caracter\u00edstica m\u00e1s destacada de esta pipa de hierba es el dise\u00f1o juguet\u00f3n de la bestia, con 2 globos oculares que sobresalen y una boca sonriente con informaci\u00f3n de dientes fuertes. Disponible en diferentes tonos vivos, cada pieza aporta individualidad a sus sesiones de fumar sin dejar de ser extremadamente funcional. La dimensi\u00f3n port\u00e1til de 4,5 pulgadas hace que sea port\u00e1til, f\u00e1cil de hacer uso de, y f\u00e1cil de limpiar, por lo que es una pieza diaria excepcional o un coleccionable agradable.<\/p>\n<p>Funciones de truco.<\/p>\n<p>Tama\u00f1o: 4,5 pulgadas para mayor transportabilidad y comodidad.<\/p>\n<p>Producto: Vidrio de borosilicato de primera calidad para mayor durabilidad y resistencia al calor.<\/p>\n<p>Estilo \u00fanico: Doble monstruo globos oculares y la boca detalles incluyen personalidad.<\/p>\n<p>Colores: Opciones din\u00e1micas que destacan en cualquier colecci\u00f3n.<\/p>\n<p>Funci\u00f3n: Flujo de aire suave con una sujeci\u00f3n c\u00f3moda.<\/p>\n<p>Este art\u00edculo es excelente para los fumadores de cigarrillos que valoran el arte \u00fatil. Si usted est\u00e1 incluyendo una tuber\u00eda sobresaliente a su colecci\u00f3n o en busca de un regalo agradable, el dise\u00f1o Dual Monster Eyeballs asegura discusiones y sonrisas. Su factor de tipo compacto asegura que se desliza convenientemente a la derecha en un bolsillo o bolso, as\u00ed que usted puede tomar en cualquier lugar.<\/p>\n<p>Con su innovador dise\u00f1o y calidad superior confiable, el vidrio Weed Pipes Dual Monster Eyeballs Borosilicate 4.5 in combina virtuosismo y practicidad. No es simplemente un accesorio de fumar, sino una pieza de declaraci\u00f3n que muestra su lado animado al tiempo que proporciona una experiencia de fumar un cigarrillo suave cada vez.<\/p>","protected":false},"excerpt":{"rendered":"<p>The Glass Weed Pipes Double Monster Eyeballs Borosilicate 4.5in brings fun and function together with quirky monster designs, durable borosilicate glass, vibrant colors, and portable size. Perfect for collectors or daily use, it delivers smooth airflow and adds personality to every session.<\/p>","protected":false},"featured_media":3024,"comment_status":"open","ping_status":"closed","template":"","meta":[],"product_brand":[],"product_cat":[107],"product_tag":[188,229,385],"class_list":{"0":"post-3020","1":"product","2":"type-product","3":"status-publish","4":"has-post-thumbnail","6":"product_cat-weed-pipe","7":"product_tag-borosilicate-smoking-pipe","8":"product_tag-monster-design-pipe","9":"product_tag-weed-pipes","11":"first","12":"instock","13":"shipping-taxable","14":"purchasable","15":"product-type-variable"},"_links":{"self":[{"href":"https:\/\/buyegglass.com\/es\/wp-json\/wp\/v2\/product\/3020","targetHints":{"allow":["GET"]}}],"collection":[{"href":"https:\/\/buyegglass.com\/es\/wp-json\/wp\/v2\/product"}],"about":[{"href":"https:\/\/buyegglass.com\/es\/wp-json\/wp\/v2\/types\/product"}],"replies":[{"embeddable":true,"href":"https:\/\/buyegglass.com\/es\/wp-json\/wp\/v2\/comments?post=3020"}],"wp:featuredmedia":[{"embeddable":true,"href":"https:\/\/buyegglass.com\/es\/wp-json\/wp\/v2\/media\/3024"}],"wp:attachment":[{"href":"https:\/\/buyegglass.com\/es\/wp-json\/wp\/v2\/media?parent=3020"}],"wp:term":[{"taxonomy":"product_brand","embeddable":true,"href":"https:\/\/buyegglass.com\/es\/wp-json\/wp\/v2\/product_brand?post=3020"},{"taxonomy":"product_cat","embeddable":true,"href":"https:\/\/buyegglass.com\/es\/wp-json\/wp\/v2\/product_cat?post=3020"},{"taxonomy":"product_tag","embeddable":true,"href":"https:\/\/buyegglass.com\/es\/wp-json\/wp\/v2\/product_tag?post=3020"}],"curies":[{"name":"wp","href":"https:\/\/api.w.org\/{rel}","templated":true}]}}